{"id":26080,"date":"2025-08-03T02:50:18","date_gmt":"2025-08-03T02:50:18","guid":{"rendered":"https:\/\/www.nogometnizaotroke.com\/?post_type=product&#038;p=26080"},"modified":"2025-08-03T02:58:59","modified_gmt":"2025-08-03T02:58:59","slug":"dres-atletico-madrid-domaci-2025-26-julian-alvarez-19","status":"publish","type":"product","link":"https:\/\/www.nogometnizaotroke.com\/ro\/product\/dres-atletico-madrid-domaci-2025-26-julian-alvarez-19\/","title":{"rendered":"Dres Atletico Madrid Doma\u010di 2025-26 Julian Alvarez 19"},"content":{"rendered":"<h3>Dres Atletico Madrid Doma\u010di 2025-26 Julian Alvarez 19<\/h3>\n<p>Tradicionalne rde\u010de-bele \u010drte se vra\u010dajo, tako prepoznavne in nepozabne kot pred stoletjem. Ta Dres Atletico Madrid je pravi DNK in utrip kluba, ki so ga skozi leta nosile stotine, tiso\u010di in milijoni. In v prihodnjih letih ga bo nosilo \u0161e ve\u010d. Predstavlja zgodovino, ponos in dedi\u0161\u010dino Atl\u00e9tico Madrida. To je doma\u010di dres, ki ga je Nike oblikoval za Atl\u00e9tico Madrid za sezono 25\/26.<\/p>\n<p>Sfaturi pentru \u0219osete: tricoul nu include \u0219osete \u00een mod implicit. Dac\u0103 dori\u021bi \u0219osete, selecta\u021bi op\u021biunile pentru \u0219osete pentru a pl\u0103ti pentru ele.<\/p>\n<p>Sfat de imprimare: Dac\u0103 numele \u0219i num\u0103rul din imagine sunt exact ceea ce dori\u021bi, nu trebuie s\u0103 le introduce\u021bi din nou. Dac\u0103 nu este a\u0219a, introduce\u021bi numele \u0219i num\u0103rul dorite.<\/p>\n<p>Sfat de sp\u0103lare: Se recomand\u0103 sp\u0103larea manual\u0103 a tricourilor de fotbal. Dac\u0103 dori\u021bi s\u0103 utiliza\u021bi o ma\u0219in\u0103 de sp\u0103lat, nu uita\u021bi s\u0103 \u00eentoarce\u021bi tricoul \u0219i apoi s\u0103-l sp\u0103la\u021bi. \u0218i umple\u021bi ma\u0219ina cu ap\u0103 rece \u0219i folosi\u021bi un ciclu de sp\u0103lare delicat pentru a proteja mai mult culorile.<\/p>","protected":false},"excerpt":{"rendered":"<p>Dres Atletico Madrid Doma\u010di 2025-26 Julian Alvarez 19 Tradicionalne rde\u010de-bele \u010drte se vra\u010dajo, tako prepoznavne in nepozabne kot pred stoletjem. Ta Dres Atletico Madrid je pravi DNK in utrip kluba, ki so ga skozi leta nosile stotine, tiso\u010di in milijoni. In v prihodnjih letih ga bo nosilo \u0161e ve\u010d. Predstavlja zgodovino, ponos in dedi\u0161\u010dino Atl\u00e9tico [&hellip;]<\/p>","protected":false},"featured_media":26082,"comment_status":"open","ping_status":"closed","template":"","meta":[],"product_brand":[],"product_cat":[73,41],"product_tag":[999,1387,153,220,159,148,147],"class_list":{"0":"post-26080","1":"product","2":"type-product","3":"status-publish","4":"has-post-thumbnail","6":"product_cat-otroski","7":"product_cat-nogometni-dresi-atletico-madrid","8":"product_tag-dresi-atletico-madrid-za-otroke","9":"product_tag-julian-alvarez-dresi","10":"product_tag-nogometni-dresi","11":"product_tag-nogometni-dresi-za-otroke","12":"product_tag-otroski-nogometni-dresi","13":"product_tag-poceni-nogometni-dresi","14":"product_tag-slovenski-nogometni-dresi","16":"first","17":"instock","18":"shipping-taxable","19":"purchasable","20":"product-type-variable"},"_links":{"self":[{"href":"https:\/\/www.nogometnizaotroke.com\/ro\/wp-json\/wp\/v2\/product\/26080","targetHints":{"allow":["GET"]}}],"collection":[{"href":"https:\/\/www.nogometnizaotroke.com\/ro\/wp-json\/wp\/v2\/product"}],"about":[{"href":"https:\/\/www.nogometnizaotroke.com\/ro\/wp-json\/wp\/v2\/types\/product"}],"replies":[{"embeddable":true,"href":"https:\/\/www.nogometnizaotroke.com\/ro\/wp-json\/wp\/v2\/comments?post=26080"}],"wp:featuredmedia":[{"embeddable":true,"href":"https:\/\/www.nogometnizaotroke.com\/ro\/wp-json\/wp\/v2\/media\/26082"}],"wp:attachment":[{"href":"https:\/\/www.nogometnizaotroke.com\/ro\/wp-json\/wp\/v2\/media?parent=26080"}],"wp:term":[{"taxonomy":"product_brand","embeddable":true,"href":"https:\/\/www.nogometnizaotroke.com\/ro\/wp-json\/wp\/v2\/product_brand?post=26080"},{"taxonomy":"product_cat","embeddable":true,"href":"https:\/\/www.nogometnizaotroke.com\/ro\/wp-json\/wp\/v2\/product_cat?post=26080"},{"taxonomy":"product_tag","embeddable":true,"href":"https:\/\/www.nogometnizaotroke.com\/ro\/wp-json\/wp\/v2\/product_tag?post=26080"}],"curies":[{"name":"wp","href":"https:\/\/api.w.org\/{rel}","templated":true}]}}