{"id":25455,"date":"2025-06-27T08:38:11","date_gmt":"2025-06-27T08:38:11","guid":{"rendered":"https:\/\/www.nogometnizaotroke.com\/?post_type=product&#038;p=25455"},"modified":"2025-07-04T03:55:37","modified_gmt":"2025-07-04T03:55:37","slug":"otroske-nogometnih-dresov-manchester-city-gostujoci-klubsko-svetovno-prvenstvo-clubs-2025","status":"publish","type":"product","link":"https:\/\/www.nogometnizaotroke.com\/ro\/product\/otroske-nogometnih-dresov-manchester-city-gostujoci-klubsko-svetovno-prvenstvo-clubs-2025\/","title":{"rendered":"Otro\u0161ke Nogometnih dresov Manchester City Gostujo\u010di Klubsko svetovno prvenstvo Clubs 2025"},"content":{"rendered":"<h3>Otro\u0161ke Nogometnih dresov Manchester City Gostujo\u010di Klubsko svetovno prvenstvo Clubs 2025<\/h3>\n<p>Klasika se vra\u010da \u2013 na novo narisana, prebarvana in pripravljena za uporabo. V kolekcijo PUMA x KIDSUPER se vra\u010da ikoni\u010dni pas, na novo interpretiran z ro\u010dno poslikano grafiko, akvarelnimi toni in, kot vedno, osebnostjo Manchester Cityja. Ta edinstvena ekskluzivna oblika je narejena izklju\u010dno za svetovno klubsko prvenstvo FIFA\u2122 in je na voljo omejen \u010das, do razprodaje zalog.<\/p>\n<p>Sfaturi pentru \u0219osete: tricoul nu include \u0219osete \u00een mod implicit. Dac\u0103 dori\u021bi \u0219osete, selecta\u021bi op\u021biunile pentru \u0219osete pentru a pl\u0103ti pentru ele.<\/p>\n<p>Sfat de imprimare: Dac\u0103 numele \u0219i num\u0103rul din imagine sunt exact ceea ce dori\u021bi, nu trebuie s\u0103 le introduce\u021bi din nou. Dac\u0103 nu este a\u0219a, introduce\u021bi numele \u0219i num\u0103rul dorite.<\/p>\n<p>Sfat de sp\u0103lare: Se recomand\u0103 sp\u0103larea manual\u0103 a tricourilor de fotbal. Dac\u0103 dori\u021bi s\u0103 utiliza\u021bi o ma\u0219in\u0103 de sp\u0103lat, nu uita\u021bi s\u0103 \u00eentoarce\u021bi tricoul \u0219i apoi s\u0103-l sp\u0103la\u021bi. \u0218i umple\u021bi ma\u0219ina cu ap\u0103 rece \u0219i folosi\u021bi un ciclu de sp\u0103lare delicat pentru a proteja mai mult culorile.<\/p>","protected":false},"excerpt":{"rendered":"<p>Otro\u0161ke Nogometnih dresov Manchester City Gostujo\u010di Klubsko svetovno prvenstvo Clubs 2025 Klasika se vra\u010da \u2013 na novo narisana, prebarvana in pripravljena za uporabo. V kolekcijo PUMA x KIDSUPER se vra\u010da ikoni\u010dni pas, na novo interpretiran z ro\u010dno poslikano grafiko, akvarelnimi toni in, kot vedno, osebnostjo Manchester Cityja. Ta edinstvena ekskluzivna oblika je narejena izklju\u010dno za [&hellip;]<\/p>","protected":false},"featured_media":25457,"comment_status":"open","ping_status":"closed","template":"","meta":[],"product_brand":[],"product_cat":[73,44],"product_tag":[483,837,490,220,159,148,147],"class_list":{"0":"post-25455","1":"product","2":"type-product","3":"status-publish","4":"has-post-thumbnail","6":"product_cat-otroski","7":"product_cat-nogometni-dresi-manchester-city","8":"product_tag-dresi-manchester-city-za-otroke","9":"product_tag-dresi-za-nogomet","10":"product_tag-nogometni-dresi-manchester-city-prodaja","11":"product_tag-nogometni-dresi-za-otroke","12":"product_tag-otroski-nogometni-dresi","13":"product_tag-poceni-nogometni-dresi","14":"product_tag-slovenski-nogometni-dresi","16":"first","17":"instock","18":"shipping-taxable","19":"purchasable","20":"product-type-variable"},"_links":{"self":[{"href":"https:\/\/www.nogometnizaotroke.com\/ro\/wp-json\/wp\/v2\/product\/25455","targetHints":{"allow":["GET"]}}],"collection":[{"href":"https:\/\/www.nogometnizaotroke.com\/ro\/wp-json\/wp\/v2\/product"}],"about":[{"href":"https:\/\/www.nogometnizaotroke.com\/ro\/wp-json\/wp\/v2\/types\/product"}],"replies":[{"embeddable":true,"href":"https:\/\/www.nogometnizaotroke.com\/ro\/wp-json\/wp\/v2\/comments?post=25455"}],"wp:featuredmedia":[{"embeddable":true,"href":"https:\/\/www.nogometnizaotroke.com\/ro\/wp-json\/wp\/v2\/media\/25457"}],"wp:attachment":[{"href":"https:\/\/www.nogometnizaotroke.com\/ro\/wp-json\/wp\/v2\/media?parent=25455"}],"wp:term":[{"taxonomy":"product_brand","embeddable":true,"href":"https:\/\/www.nogometnizaotroke.com\/ro\/wp-json\/wp\/v2\/product_brand?post=25455"},{"taxonomy":"product_cat","embeddable":true,"href":"https:\/\/www.nogometnizaotroke.com\/ro\/wp-json\/wp\/v2\/product_cat?post=25455"},{"taxonomy":"product_tag","embeddable":true,"href":"https:\/\/www.nogometnizaotroke.com\/ro\/wp-json\/wp\/v2\/product_tag?post=25455"}],"curies":[{"name":"wp","href":"https:\/\/api.w.org\/{rel}","templated":true}]}}