{"id":25416,"date":"2025-06-27T03:51:21","date_gmt":"2025-06-27T03:51:21","guid":{"rendered":"https:\/\/www.nogometnizaotroke.com\/?post_type=product&#038;p=25416"},"modified":"2025-07-14T07:45:47","modified_gmt":"2025-07-14T07:45:47","slug":"moske-nogometnih-dresov-paris-saint-germain-psg-domaci-2025-26-ousmane-dembele-10","status":"publish","type":"product","link":"https:\/\/www.nogometnizaotroke.com\/ro\/product\/moske-nogometnih-dresov-paris-saint-germain-psg-domaci-2025-26-ousmane-dembele-10\/","title":{"rendered":"Mo\u0161ke Nogometnih dresov Paris Saint-Germain PSG Doma\u010di 2025-26 Ousmane Demb\u00e9l\u00e9 10"},"content":{"rendered":"<h3>Mo\u0161ke Nogometnih dresov Paris Saint-Germain PSG Doma\u010di 2025-26<\/h3>\n<p>Doma\u010di dres Paris Saint-Germain 25\/26 zdru\u017euje znane Hechtove \u010drte z arhitekturnim slogom najbolj znanih pari\u0161kih spomenikov. Kri\u017eni \u0161iv je neposredno navdihnjen z zunanjo strukturo Eifflovega stolpa, Louvra in Centra Pompidou ter je ena najbolj\u0161ih interpretacij doma\u010dega dresa Paris Saint-Germain v zadnjih letih.<\/p>\n<p>Sfaturi pentru \u0219osete: tricoul nu include \u0219osete \u00een mod implicit. Dac\u0103 dori\u021bi \u0219osete, selecta\u021bi op\u021biunile pentru \u0219osete pentru a pl\u0103ti pentru ele.<\/p>\n<p>Sfat de imprimare: Dac\u0103 numele \u0219i num\u0103rul din imagine sunt exact ceea ce dori\u021bi, nu trebuie s\u0103 le introduce\u021bi din nou. Dac\u0103 nu este a\u0219a, introduce\u021bi numele \u0219i num\u0103rul dorite.<\/p>\n<p>Sfat de sp\u0103lare: Se recomand\u0103 sp\u0103larea manual\u0103 a tricourilor de fotbal. Dac\u0103 dori\u021bi s\u0103 utiliza\u021bi o ma\u0219in\u0103 de sp\u0103lat, nu uita\u021bi s\u0103 \u00eentoarce\u021bi tricoul \u0219i apoi s\u0103-l sp\u0103la\u021bi. \u0218i umple\u021bi ma\u0219ina cu ap\u0103 rece \u0219i folosi\u021bi un ciclu de sp\u0103lare delicat pentru a proteja mai mult culorile.<\/p>","protected":false},"excerpt":{"rendered":"<p>Mo\u0161ke Nogometnih dresov Paris Saint-Germain PSG Doma\u010di 2025-26 Doma\u010di dres Paris Saint-Germain 25\/26 zdru\u017euje znane Hechtove \u010drte z arhitekturnim slogom najbolj znanih pari\u0161kih spomenikov. Kri\u017eni \u0161iv je neposredno navdihnjen z zunanjo strukturo Eifflovega stolpa, Louvra in Centra Pompidou ter je ena najbolj\u0161ih interpretacij doma\u010dega dresa Paris Saint-Germain v zadnjih letih. Nasveti za nogavice: Majica ne [&hellip;]<\/p>","protected":false},"featured_media":25418,"comment_status":"open","ping_status":"closed","template":"","meta":[],"product_brand":[],"product_cat":[140,37],"product_tag":[946,1834,148,1835,1831,1832],"class_list":{"0":"post-25416","1":"product","2":"type-product","3":"status-publish","4":"has-post-thumbnail","6":"product_cat-moski","7":"product_cat-nogometni-dresi-psg","8":"product_tag-moske-nogometnih-dresov","9":"product_tag-ousmane-dembele-dresov","10":"product_tag-poceni-nogometni-dresi","11":"product_tag-psg-dresov","12":"product_tag-psg-dresov-2025-26","13":"product_tag-psg-dresov-prodaja","15":"first","16":"instock","17":"shipping-taxable","18":"purchasable","19":"product-type-variable"},"_links":{"self":[{"href":"https:\/\/www.nogometnizaotroke.com\/ro\/wp-json\/wp\/v2\/product\/25416","targetHints":{"allow":["GET"]}}],"collection":[{"href":"https:\/\/www.nogometnizaotroke.com\/ro\/wp-json\/wp\/v2\/product"}],"about":[{"href":"https:\/\/www.nogometnizaotroke.com\/ro\/wp-json\/wp\/v2\/types\/product"}],"replies":[{"embeddable":true,"href":"https:\/\/www.nogometnizaotroke.com\/ro\/wp-json\/wp\/v2\/comments?post=25416"}],"wp:featuredmedia":[{"embeddable":true,"href":"https:\/\/www.nogometnizaotroke.com\/ro\/wp-json\/wp\/v2\/media\/25418"}],"wp:attachment":[{"href":"https:\/\/www.nogometnizaotroke.com\/ro\/wp-json\/wp\/v2\/media?parent=25416"}],"wp:term":[{"taxonomy":"product_brand","embeddable":true,"href":"https:\/\/www.nogometnizaotroke.com\/ro\/wp-json\/wp\/v2\/product_brand?post=25416"},{"taxonomy":"product_cat","embeddable":true,"href":"https:\/\/www.nogometnizaotroke.com\/ro\/wp-json\/wp\/v2\/product_cat?post=25416"},{"taxonomy":"product_tag","embeddable":true,"href":"https:\/\/www.nogometnizaotroke.com\/ro\/wp-json\/wp\/v2\/product_tag?post=25416"}],"curies":[{"name":"wp","href":"https:\/\/api.w.org\/{rel}","templated":true}]}}