{"id":24246,"date":"2025-05-11T13:59:17","date_gmt":"2025-05-11T13:59:17","guid":{"rendered":"https:\/\/www.nogometnizaotroke.com\/?post_type=product&#038;p=24246"},"modified":"2025-05-24T10:30:58","modified_gmt":"2025-05-24T10:30:58","slug":"otroski-dres-hrvaska-vratar-2024-25-siva-z-lastnim-tiskom","status":"publish","type":"product","link":"https:\/\/www.nogometnizaotroke.com\/ro\/product\/otroski-dres-hrvaska-vratar-2024-25-siva-z-lastnim-tiskom\/","title":{"rendered":"Otro\u0161ki Dres Hrva\u0161ka Vratar 2024\/25 Siva \u2013 z Lastnim Tiskom"},"content":{"rendered":"<h3>Predstavljamo uradni otro\u0161ki vratarjev komplet Hrva\u0161ke reprezentance 2024\/25 v moderni sivi barvi, z mo\u017enostjo osebnega tiska imena in \u0161tevilke.<\/h3>\n<p>\u26bd Siva kratka majica in kratke hla\u010de \u2013 minimalisti\u010den in \u0161porten dizajn<\/p>\n<p>\u270d\ufe0f Lasten tisk imena in \u0161tevilke \u2013 za popolnoma personaliziran dres<\/p>\n<p>\ud83d\udca8 Zra\u010den, lahek material za udobno igro in vsakodnevno no\u0161enje<\/p>\n<p>\ud83e\uddd2 Na voljo v razli\u010dnih otro\u0161kih velikostih<\/p>\n<p>\ud83c\udded\ud83c\uddf7 Uradni slog Hrva\u0161ke reprezentance za sezono 2024\/25<\/p>\n<p>Popolna izbira za darilo ali za malega nogometnega navdu\u0161enca, ki \u017eeli imeti svoj edinstven dres!<\/p>\n<p>Sfaturi pentru \u0219osete: tricoul nu include \u0219osete \u00een mod implicit. Dac\u0103 dori\u021bi \u0219osete, selecta\u021bi op\u021biunile pentru \u0219osete pentru a pl\u0103ti pentru ele.<\/p>\n<p>Sfat de imprimare: Dac\u0103 numele \u0219i num\u0103rul din imagine sunt exact ceea ce dori\u021bi, nu trebuie s\u0103 le introduce\u021bi din nou. Dac\u0103 nu este a\u0219a, introduce\u021bi numele \u0219i num\u0103rul dorite.<\/p>\n<p>Sfat de sp\u0103lare: Se recomand\u0103 sp\u0103larea manual\u0103 a tricourilor de fotbal. Dac\u0103 dori\u021bi s\u0103 utiliza\u021bi o ma\u0219in\u0103 de sp\u0103lat, nu uita\u021bi s\u0103 \u00eentoarce\u021bi tricoul \u0219i apoi s\u0103-l sp\u0103la\u021bi. \u0218i umple\u021bi ma\u0219ina cu ap\u0103 rece \u0219i folosi\u021bi un ciclu de sp\u0103lare delicat pentru a proteja mai mult culorile.<\/p>","protected":false},"excerpt":{"rendered":"<p>Predstavljamo uradni otro\u0161ki vratarjev komplet Hrva\u0161ke reprezentance 2024\/25 v moderni sivi barvi, z mo\u017enostjo osebnega tiska imena in \u0161tevilke. \u26bd Siva kratka majica in kratke hla\u010de \u2013 minimalisti\u010den in \u0161porten dizajn \u270d\ufe0f Lasten tisk imena in \u0161tevilke \u2013 za popolnoma personaliziran dres \ud83d\udca8 Zra\u010den, lahek material za udobno igro in vsakodnevno no\u0161enje \ud83e\uddd2 Na voljo [&hellip;]<\/p>","protected":false},"featured_media":24248,"comment_status":"open","ping_status":"closed","template":"","meta":[],"product_brand":[],"product_cat":[73,77],"product_tag":[1796,153,220,1779,1797,159,1798,148,1787],"class_list":{"0":"post-24246","1":"product","2":"type-product","3":"status-publish","4":"has-post-thumbnail","6":"product_cat-otroski","7":"product_cat-dresi-hrvaska-reprezentance","8":"product_tag-dresi-hrvaska-za-otroke","9":"product_tag-nogometni-dresi","10":"product_tag-nogometni-dresi-za-otroke","11":"product_tag-otroski-dresi","12":"product_tag-otroski-dresi-hrvaska-z-lastnim-imenom","13":"product_tag-otroski-nogometni-dresi","14":"product_tag-otroski-nogometni-dresi-hrvaska","15":"product_tag-poceni-nogometni-dresi","16":"product_tag-slovenski-dres","18":"first","19":"instock","20":"shipping-taxable","21":"purchasable","22":"product-type-variable"},"_links":{"self":[{"href":"https:\/\/www.nogometnizaotroke.com\/ro\/wp-json\/wp\/v2\/product\/24246","targetHints":{"allow":["GET"]}}],"collection":[{"href":"https:\/\/www.nogometnizaotroke.com\/ro\/wp-json\/wp\/v2\/product"}],"about":[{"href":"https:\/\/www.nogometnizaotroke.com\/ro\/wp-json\/wp\/v2\/types\/product"}],"replies":[{"embeddable":true,"href":"https:\/\/www.nogometnizaotroke.com\/ro\/wp-json\/wp\/v2\/comments?post=24246"}],"wp:featuredmedia":[{"embeddable":true,"href":"https:\/\/www.nogometnizaotroke.com\/ro\/wp-json\/wp\/v2\/media\/24248"}],"wp:attachment":[{"href":"https:\/\/www.nogometnizaotroke.com\/ro\/wp-json\/wp\/v2\/media?parent=24246"}],"wp:term":[{"taxonomy":"product_brand","embeddable":true,"href":"https:\/\/www.nogometnizaotroke.com\/ro\/wp-json\/wp\/v2\/product_brand?post=24246"},{"taxonomy":"product_cat","embeddable":true,"href":"https:\/\/www.nogometnizaotroke.com\/ro\/wp-json\/wp\/v2\/product_cat?post=24246"},{"taxonomy":"product_tag","embeddable":true,"href":"https:\/\/www.nogometnizaotroke.com\/ro\/wp-json\/wp\/v2\/product_tag?post=24246"}],"curies":[{"name":"wp","href":"https:\/\/api.w.org\/{rel}","templated":true}]}}