{"id":24076,"date":"2025-04-08T08:47:44","date_gmt":"2025-04-08T08:47:44","guid":{"rendered":"https:\/\/www.nogometnizaotroke.com\/?post_type=product&#038;p=24076"},"modified":"2025-04-08T08:47:46","modified_gmt":"2025-04-08T08:47:46","slug":"nakup-moske-nogometnih-dresov-komplet-mehika-2025-26","status":"publish","type":"product","link":"https:\/\/www.nogometnizaotroke.com\/ro\/product\/nakup-moske-nogometnih-dresov-komplet-mehika-2025-26\/","title":{"rendered":"Nakup Mo\u0161ke Nogometnih dresov komplet Mehika 2025-26"},"content":{"rendered":"<p>Ta zatemnjeni komplet z zlatimi obrobami je poklon zlati kulturi v <strong>Mehika dres 2025<\/strong>\u2013 barvna paleta in subtilna grafika trupa spominjata na tradicionalno mariachi obleko, pikselizirana obroba in pisava (na dresih po meri z imenom igralca) pa sta navdihnjena z azte\u0161ko arhitekturo. To je komplet M\u00e9xico de Oro in zagotovo bo hitro razprodan.Oblikovanje \u010diste \u010drne in zlate barve. Popolnoma \u010drna podlaga vidi \u017eare\u010de zlate poudarke med dekonstruiranim mehi\u0161kim grbom, ki je povezan poleg ikoni\u010dnega logotipa Trefoil. Trefoil ni bil viden na mehi\u0161kem dresu \u017ee ve\u010d kot 30 let, zdaj pa se zmagoslavno vra\u010da v enem naj\u010distej\u0161ih dresov reprezentance, kar smo jih videli v zadnjih letih. Daj nam resno nostalgijo po 80. letih. Podrobnosti na ovratniku in man\u0161etah \u010drpajo navdih iz mehi\u0161ke tradicije Mariachi, pri \u010demer ostajajo zvesti tradicionalni kulturi de\u017eele.<\/p>\n<p><strong>Izdelano iz 100% recikliranih materialov<\/strong><br \/>\n<strong>\u2022 100% poliester<\/strong><br \/>\n<strong>\u2022 Uradno licenciran<\/strong><\/p>\n<p>Sfaturi pentru \u0219osete: tricoul nu include \u0219osete \u00een mod implicit. Dac\u0103 dori\u021bi \u0219osete, selecta\u021bi op\u021biunile pentru \u0219osete pentru a pl\u0103ti pentru ele.<\/p>\n<p>Sfat de imprimare: Dac\u0103 numele \u0219i num\u0103rul din imagine sunt exact ceea ce dori\u021bi, nu trebuie s\u0103 le introduce\u021bi din nou. Dac\u0103 nu este a\u0219a, introduce\u021bi numele \u0219i num\u0103rul dorite.<\/p>\n<p>Sfat de sp\u0103lare: Se recomand\u0103 sp\u0103larea manual\u0103 a tricourilor de fotbal. Dac\u0103 dori\u021bi s\u0103 utiliza\u021bi o ma\u0219in\u0103 de sp\u0103lat, nu uita\u021bi s\u0103 \u00eentoarce\u021bi tricoul \u0219i apoi s\u0103-l sp\u0103la\u021bi. \u0218i umple\u021bi ma\u0219ina cu ap\u0103 rece \u0219i folosi\u021bi un ciclu de sp\u0103lare delicat pentru a proteja mai mult culorile.<\/p>","protected":false},"excerpt":{"rendered":"<p>Ta zatemnjeni komplet z zlatimi obrobami je poklon zlati kulturi v Mehika dres 2025\u2013 barvna paleta in subtilna grafika trupa spominjata na tradicionalno mariachi obleko, pikselizirana obroba in pisava (na dresih po meri z imenom igralca) pa sta navdihnjena z azte\u0161ko arhitekturo. To je komplet M\u00e9xico de Oro in zagotovo bo hitro razprodan.Oblikovanje \u010diste \u010drne [&hellip;]<\/p>","protected":false},"featured_media":24078,"comment_status":"open","ping_status":"closed","template":"","meta":[],"product_brand":[],"product_cat":[140,94],"product_tag":[1770,150,153,148,147],"class_list":{"0":"post-24076","1":"product","2":"type-product","3":"status-publish","4":"has-post-thumbnail","6":"product_cat-moski","7":"product_cat-dresi-mehika-reprezentance","8":"product_tag-mehika-dres-2025","9":"product_tag-moski-nogometni-dresi","10":"product_tag-nogometni-dresi","11":"product_tag-poceni-nogometni-dresi","12":"product_tag-slovenski-nogometni-dresi","14":"first","15":"instock","16":"shipping-taxable","17":"purchasable","18":"product-type-variable"},"_links":{"self":[{"href":"https:\/\/www.nogometnizaotroke.com\/ro\/wp-json\/wp\/v2\/product\/24076","targetHints":{"allow":["GET"]}}],"collection":[{"href":"https:\/\/www.nogometnizaotroke.com\/ro\/wp-json\/wp\/v2\/product"}],"about":[{"href":"https:\/\/www.nogometnizaotroke.com\/ro\/wp-json\/wp\/v2\/types\/product"}],"replies":[{"embeddable":true,"href":"https:\/\/www.nogometnizaotroke.com\/ro\/wp-json\/wp\/v2\/comments?post=24076"}],"wp:featuredmedia":[{"embeddable":true,"href":"https:\/\/www.nogometnizaotroke.com\/ro\/wp-json\/wp\/v2\/media\/24078"}],"wp:attachment":[{"href":"https:\/\/www.nogometnizaotroke.com\/ro\/wp-json\/wp\/v2\/media?parent=24076"}],"wp:term":[{"taxonomy":"product_brand","embeddable":true,"href":"https:\/\/www.nogometnizaotroke.com\/ro\/wp-json\/wp\/v2\/product_brand?post=24076"},{"taxonomy":"product_cat","embeddable":true,"href":"https:\/\/www.nogometnizaotroke.com\/ro\/wp-json\/wp\/v2\/product_cat?post=24076"},{"taxonomy":"product_tag","embeddable":true,"href":"https:\/\/www.nogometnizaotroke.com\/ro\/wp-json\/wp\/v2\/product_tag?post=24076"}],"curies":[{"name":"wp","href":"https:\/\/api.w.org\/{rel}","templated":true}]}}