{"id":24053,"date":"2025-04-01T03:30:50","date_gmt":"2025-04-01T03:30:50","guid":{"rendered":"https:\/\/www.nogometnizaotroke.com\/?post_type=product&#038;p=24053"},"modified":"2025-04-28T09:23:07","modified_gmt":"2025-04-28T09:23:07","slug":"otroske-nogometnih-dresov-komplet-real-madrid-domaci-2025-26-kylian-mbappe-9","status":"publish","type":"product","link":"https:\/\/www.nogometnizaotroke.com\/ro\/product\/otroske-nogometnih-dresov-komplet-real-madrid-domaci-2025-26-kylian-mbappe-9\/","title":{"rendered":"Otro\u0161ke Nogometnih dresov Komplet Real Madrid Doma\u010di 2025-26 Kylian Mbapp\u00e9 9"},"content":{"rendered":"<p>Za sezono 2025\u20132026 doma\u010di dres Kylian Mbapp\u00e9 Real Madrid Club de F\u00fatbol 2025\u201326 zdru\u017euje belo osnovo z rumenimi pasovi, svetlo sivimi aplikacijami in \u010drnimi logotipi. Na obeh straneh te\u010de rumena \u010drta. Man\u0161ete na rokavih in ovratnik so opremljene z majhnimi sivimi \u010drtami. Svetlo siva se uporablja tudi za pod pazduho\/stransko plo\u0161\u010do.<\/p>\n<p>Sfaturi pentru \u0219osete: tricoul nu include \u0219osete \u00een mod implicit. Dac\u0103 dori\u021bi \u0219osete, selecta\u021bi op\u021biunile pentru \u0219osete pentru a pl\u0103ti pentru ele.<\/p>\n<p>Sfat de imprimare: Dac\u0103 numele \u0219i num\u0103rul din imagine sunt exact ceea ce dori\u021bi, nu trebuie s\u0103 le introduce\u021bi din nou. Dac\u0103 nu este a\u0219a, introduce\u021bi numele \u0219i num\u0103rul dorite.<\/p>\n<p>Sfat de sp\u0103lare: Se recomand\u0103 sp\u0103larea manual\u0103 a tricourilor de fotbal. Dac\u0103 dori\u021bi s\u0103 utiliza\u021bi o ma\u0219in\u0103 de sp\u0103lat, nu uita\u021bi s\u0103 \u00eentoarce\u021bi tricoul \u0219i apoi s\u0103-l sp\u0103la\u021bi. \u0218i umple\u021bi ma\u0219ina cu ap\u0103 rece \u0219i folosi\u021bi un ciclu de sp\u0103lare delicat pentru a proteja mai mult culorile.<\/p>","protected":false},"excerpt":{"rendered":"<p>Za sezono 2025\u20132026 doma\u010di dres Kylian Mbapp\u00e9 Real Madrid Club de F\u00fatbol 2025\u201326 zdru\u017euje belo osnovo z rumenimi pasovi, svetlo sivimi aplikacijami in \u010drnimi logotipi. Na obeh straneh te\u010de rumena \u010drta. Man\u0161ete na rokavih in ovratnik so opremljene z majhnimi sivimi \u010drtami. Svetlo siva se uporablja tudi za pod pazduho\/stransko plo\u0161\u010do. Nasveti za nogavice: Majica [&hellip;]<\/p>","protected":false},"featured_media":24055,"comment_status":"open","ping_status":"closed","template":"","meta":[],"product_brand":[],"product_cat":[73,33],"product_tag":[1647,290,1622,291,159,1110,148,147],"class_list":{"0":"post-24053","1":"product","2":"type-product","3":"status-publish","4":"has-post-thumbnail","6":"product_cat-otroski","7":"product_cat-nogometni-dresi-real-madrid","8":"product_tag-dresi-real-madrid-vratar-za-otroke","9":"product_tag-dresi-real-madrid-za-otroke","10":"product_tag-kylian-mbappe-dres","11":"product_tag-otroski-dresi-real-madrid-z-lastnim-imenom","12":"product_tag-otroski-nogometni-dresi","13":"product_tag-otroski-nogometni-dresi-real-madrid","14":"product_tag-poceni-nogometni-dresi","15":"product_tag-slovenski-nogometni-dresi","17":"first","18":"instock","19":"shipping-taxable","20":"purchasable","21":"product-type-variable"},"_links":{"self":[{"href":"https:\/\/www.nogometnizaotroke.com\/ro\/wp-json\/wp\/v2\/product\/24053","targetHints":{"allow":["GET"]}}],"collection":[{"href":"https:\/\/www.nogometnizaotroke.com\/ro\/wp-json\/wp\/v2\/product"}],"about":[{"href":"https:\/\/www.nogometnizaotroke.com\/ro\/wp-json\/wp\/v2\/types\/product"}],"replies":[{"embeddable":true,"href":"https:\/\/www.nogometnizaotroke.com\/ro\/wp-json\/wp\/v2\/comments?post=24053"}],"wp:featuredmedia":[{"embeddable":true,"href":"https:\/\/www.nogometnizaotroke.com\/ro\/wp-json\/wp\/v2\/media\/24055"}],"wp:attachment":[{"href":"https:\/\/www.nogometnizaotroke.com\/ro\/wp-json\/wp\/v2\/media?parent=24053"}],"wp:term":[{"taxonomy":"product_brand","embeddable":true,"href":"https:\/\/www.nogometnizaotroke.com\/ro\/wp-json\/wp\/v2\/product_brand?post=24053"},{"taxonomy":"product_cat","embeddable":true,"href":"https:\/\/www.nogometnizaotroke.com\/ro\/wp-json\/wp\/v2\/product_cat?post=24053"},{"taxonomy":"product_tag","embeddable":true,"href":"https:\/\/www.nogometnizaotroke.com\/ro\/wp-json\/wp\/v2\/product_tag?post=24053"}],"curies":[{"name":"wp","href":"https:\/\/api.w.org\/{rel}","templated":true}]}}