{"id":24030,"date":"2025-03-26T13:46:38","date_gmt":"2025-03-26T13:46:38","guid":{"rendered":"https:\/\/www.nogometnizaotroke.com\/?post_type=product&#038;p=24030"},"modified":"2025-04-08T08:18:07","modified_gmt":"2025-04-08T08:18:07","slug":"otroske-nogometnih-dresov-komplet-za-otroke-inter-miami-cf-domaci-2025-26","status":"publish","type":"product","link":"https:\/\/www.nogometnizaotroke.com\/ro\/product\/otroske-nogometnih-dresov-komplet-za-otroke-inter-miami-cf-domaci-2025-26\/","title":{"rendered":"Otro\u0161ke Nogometnih dresov Komplet za otroke Inter Miami CF Doma\u010di 2025-26"},"content":{"rendered":"<p>Klasi\u010dne nogometne \u010drte, zaklju\u010dene v takoj prepoznavnih barvah <strong>Otro\u0161ki Inter Miami CF dresi<\/strong>. Ta dres, ki izstopa v dveh odtenkih roza, ne pu\u0161\u010da dvomov o va\u0161em najljub\u0161em klubu. Ustvarjen za navija\u010de, ima AEROREADY za uravnavanje vlage za celodnevno udobje in vrhunsko tkano zna\u010dko za popoln ponos ekipe. Ta izdelek je narejen iz 100 % recikliranih materialov. S ponovno uporabo materialov, ki so \u017ee bili ustvarjeni, pomagamo zmanj\u0161ati odpadke in na\u0161o odvisnost od omejenih virov ter zmanj\u0161ati odtis izdelkov, ki jih izdelujemo.<\/p>\n<h3>Lastnosti izdelka<\/h3>\n<ul>\n<li>Crewneck dizajn<\/li>\n<li>AEROREADY tech odvaja vlago<\/li>\n<li>Stranski mre\u017easti vlo\u017eki za zra\u010dnost<\/li>\n<li>Na\u0161it grb Inter Miami CF<\/li>\n<li>100% poliester<\/li>\n<li>Strojno pranje<\/li>\n<\/ul>\n<p>Sfaturi pentru \u0219osete: tricoul nu include \u0219osete \u00een mod implicit. Dac\u0103 dori\u021bi \u0219osete, selecta\u021bi op\u021biunile pentru \u0219osete pentru a pl\u0103ti pentru ele.<\/p>\n<p>Sfat de imprimare: Dac\u0103 numele \u0219i num\u0103rul din imagine sunt exact ceea ce dori\u021bi, nu trebuie s\u0103 le introduce\u021bi din nou. Dac\u0103 nu este a\u0219a, introduce\u021bi numele \u0219i num\u0103rul dorite.<\/p>\n<p>Sfat de sp\u0103lare: Se recomand\u0103 sp\u0103larea manual\u0103 a tricourilor de fotbal. Dac\u0103 dori\u021bi s\u0103 utiliza\u021bi o ma\u0219in\u0103 de sp\u0103lat, nu uita\u021bi s\u0103 \u00eentoarce\u021bi tricoul \u0219i apoi s\u0103-l sp\u0103la\u021bi. \u0218i umple\u021bi ma\u0219ina cu ap\u0103 rece \u0219i folosi\u021bi un ciclu de sp\u0103lare delicat pentru a proteja mai mult culorile.<\/p>\n<p><img fetchpriority=\"high\" decoding=\"async\" class=\"size-full wp-image-24023\" src=\"https:\/\/www.nogometnizaotroke.com\/wp-content\/uploads\/2025\/03\/Inter-Miami-CF-dres.jpg\" alt=\"Inter Miami CF dres\" width=\"1280\" height=\"720\" srcset=\"https:\/\/www.nogometnizaotroke.com\/wp-content\/uploads\/2025\/03\/Inter-Miami-CF-dres.jpg 1280w, https:\/\/www.nogometnizaotroke.com\/wp-content\/uploads\/2025\/03\/Inter-Miami-CF-dres-300x169.jpg 300w, https:\/\/www.nogometnizaotroke.com\/wp-content\/uploads\/2025\/03\/Inter-Miami-CF-dres-1024x576.jpg 1024w, https:\/\/www.nogometnizaotroke.com\/wp-content\/uploads\/2025\/03\/Inter-Miami-CF-dres-768x432.jpg 768w, https:\/\/www.nogometnizaotroke.com\/wp-content\/uploads\/2025\/03\/Inter-Miami-CF-dres-18x10.jpg 18w, https:\/\/www.nogometnizaotroke.com\/wp-content\/uploads\/2025\/03\/Inter-Miami-CF-dres-600x338.jpg 600w\" sizes=\"(max-width: 1280px) 100vw, 1280px\" \/><\/p>","protected":false},"excerpt":{"rendered":"<p>Klasi\u010dne nogometne \u010drte, zaklju\u010dene v takoj prepoznavnih barvah Otro\u0161ki Inter Miami CF dresi. Ta dres, ki izstopa v dveh odtenkih roza, ne pu\u0161\u010da dvomov o va\u0161em najljub\u0161em klubu. Ustvarjen za navija\u010de, ima AEROREADY za uravnavanje vlage za celodnevno udobje in vrhunsko tkano zna\u010dko za popoln ponos ekipe. Ta izdelek je narejen iz 100 % recikliranih [&hellip;]<\/p>","protected":false},"featured_media":24032,"comment_status":"open","ping_status":"closed","template":"","meta":[],"product_brand":[],"product_cat":[73,353],"product_tag":[1383,346,153,1382,148,1084,147],"class_list":{"0":"post-24030","1":"product","2":"type-product","3":"status-publish","4":"has-post-thumbnail","6":"product_cat-otroski","7":"product_cat-nogometni-dresi-inter-miami","8":"product_tag-dresi-inter-miami-za-otroke","9":"product_tag-inter-miami-dres","10":"product_tag-nogometni-dresi","11":"product_tag-otroski-nogometni-dresi-inter-miami","12":"product_tag-poceni-nogometni-dresi","13":"product_tag-poceni-nogometni-dresi-inter-miami","14":"product_tag-slovenski-nogometni-dresi","16":"first","17":"instock","18":"shipping-taxable","19":"purchasable","20":"product-type-variable"},"_links":{"self":[{"href":"https:\/\/www.nogometnizaotroke.com\/ro\/wp-json\/wp\/v2\/product\/24030","targetHints":{"allow":["GET"]}}],"collection":[{"href":"https:\/\/www.nogometnizaotroke.com\/ro\/wp-json\/wp\/v2\/product"}],"about":[{"href":"https:\/\/www.nogometnizaotroke.com\/ro\/wp-json\/wp\/v2\/types\/product"}],"replies":[{"embeddable":true,"href":"https:\/\/www.nogometnizaotroke.com\/ro\/wp-json\/wp\/v2\/comments?post=24030"}],"wp:featuredmedia":[{"embeddable":true,"href":"https:\/\/www.nogometnizaotroke.com\/ro\/wp-json\/wp\/v2\/media\/24032"}],"wp:attachment":[{"href":"https:\/\/www.nogometnizaotroke.com\/ro\/wp-json\/wp\/v2\/media?parent=24030"}],"wp:term":[{"taxonomy":"product_brand","embeddable":true,"href":"https:\/\/www.nogometnizaotroke.com\/ro\/wp-json\/wp\/v2\/product_brand?post=24030"},{"taxonomy":"product_cat","embeddable":true,"href":"https:\/\/www.nogometnizaotroke.com\/ro\/wp-json\/wp\/v2\/product_cat?post=24030"},{"taxonomy":"product_tag","embeddable":true,"href":"https:\/\/www.nogometnizaotroke.com\/ro\/wp-json\/wp\/v2\/product_tag?post=24030"}],"curies":[{"name":"wp","href":"https:\/\/api.w.org\/{rel}","templated":true}]}}