{"id":23895,"date":"2025-03-17T12:56:05","date_gmt":"2025-03-17T12:56:05","guid":{"rendered":"https:\/\/www.nogometnizaotroke.com\/?post_type=product&#038;p=23895"},"modified":"2025-03-17T12:58:11","modified_gmt":"2025-03-17T12:58:11","slug":"zenske-nogometnih-dresov-psg-gostujoci-2024-25-presnel-kimpembe-3","status":"publish","type":"product","link":"https:\/\/www.nogometnizaotroke.com\/ro\/product\/zenske-nogometnih-dresov-psg-gostujoci-2024-25-presnel-kimpembe-3\/","title":{"rendered":"\u017denske Nogometnih dresov Paris Saint-Germain PSG Gostujo\u010di 2024-25 Presnel Kimpembe 3"},"content":{"rendered":"<p>Dizajn \u017denske Nogometnih dresov PSG Paris Saint-Germain Gostujo\u010di 2024-25 \u010drpa navdih iz priljubljenega dresa iz devetdesetih let prej\u0161njega stoletja, ki vsebuje dve drzni rde\u010di in modri \u010drti na ostrem belem ozadju.Ta barvna shema spretno spominja na ikoni\u010dno silhueto Eifflovega stolpa in brezhibno zdru\u017euje pari\u0161ke znamenitosti z nogometno modo. \u010cas te izdaje je \u0161e posebej pomemben, saj sovpada s pripravami Pariza na gostiteljstvo olimpijskih iger leta 2024.<br \/>\nDres PSG 24\/25 Away je resni\u010dno poklon bogati zgodovini in dedi\u0161\u010dini Paris Saint-Germaina. Dres PSG \u010drpa navdih iz ikoni\u010dne silhuete Eifflovega stolpa in vsebuje dve izraziti rde\u010di in modri \u010drti na \u010distem belem ozadju. Ta dizajn je poklon slovitemu klubskemu dresu, ki so ga Pari\u017eani nosili v sezonah 1990-91 in 1991-92, kar simbolizira ponosno zapu\u0161\u010dino kluba. S pomikanjem v preteklost in osredoto\u010danjem na inovacije komplet 24\/25 Away pooseblja duh nove generacije kluba. Dres PSG predstavlja me\u0161anico tradicije in modernosti ter prikazuje razvoj in napredek Paris Saint-Germaina. Ta izjemen komplet ne bodo nosile le mo\u0161ke in \u017eenske profesionalne ekipe, temve\u010d tudi akademske ekipe, ki zdru\u017eujejo celotno skupnost Paris Saint-Germaina pod skupnim emblemom in identiteto. Slu\u017ei kot simbol ponosa in enotnosti za igralce in navija\u010de, zajema slavno preteklost kluba in navdihuje njegova prihodnja prizadevanja.<\/p>\n<p>Sfaturi pentru \u0219osete: tricoul nu include \u0219osete \u00een mod implicit. Dac\u0103 dori\u021bi \u0219osete, selecta\u021bi op\u021biunile pentru \u0219osete pentru a pl\u0103ti pentru ele.<br \/>\nSfat de imprimare: Dac\u0103 numele \u0219i num\u0103rul din imagine sunt exact ceea ce dori\u021bi, nu trebuie s\u0103 le introduce\u021bi din nou. Dac\u0103 nu este a\u0219a, introduce\u021bi numele \u0219i num\u0103rul dorite.<\/p>\n<p>Sfat de sp\u0103lare: Se recomand\u0103 sp\u0103larea manual\u0103 a tricourilor de fotbal. Dac\u0103 dori\u021bi s\u0103 utiliza\u021bi o ma\u0219in\u0103 de sp\u0103lat, nu uita\u021bi s\u0103 \u00eentoarce\u021bi tricoul \u0219i apoi s\u0103-l sp\u0103la\u021bi. \u0218i umple\u021bi ma\u0219ina cu ap\u0103 rece \u0219i folosi\u021bi un ciclu de sp\u0103lare delicat pentru a proteja mai mult culorile.<\/p>","protected":false},"excerpt":{"rendered":"<p>Dizajn \u017denske Nogometnih dresov PSG Paris Saint-Germain Gostujo\u010di 2024-25 \u010drpa navdih iz priljubljenega dresa iz devetdesetih let prej\u0161njega stoletja, ki vsebuje dve drzni rde\u010di in modri \u010drti na ostrem belem ozadju.Ta barvna shema spretno spominja na ikoni\u010dno silhueto Eifflovega stolpa in brezhibno zdru\u017euje pari\u0161ke znamenitosti z nogometno modo. \u010cas te izdaje je \u0161e posebej pomemben, [&hellip;]<\/p>","protected":false},"featured_media":23897,"comment_status":"open","ping_status":"closed","template":"","meta":[],"product_brand":[],"product_cat":[74,37],"product_tag":[1742,1746,1743,1744,1628],"class_list":{"0":"post-23895","1":"product","2":"type-product","3":"status-publish","4":"has-post-thumbnail","6":"product_cat-zenski","7":"product_cat-nogometni-dresi-psg","8":"product_tag-dresi-psg-za-zenske","9":"product_tag-presnel-kimpembe-dres","10":"product_tag-zenske-dresi-psg-z-lastnim-imenom","11":"product_tag-zenske-nogometni-dresi-psg","12":"product_tag-zenske-nogometnih-dresov","14":"first","15":"instock","16":"shipping-taxable","17":"purchasable","18":"product-type-variable"},"_links":{"self":[{"href":"https:\/\/www.nogometnizaotroke.com\/ro\/wp-json\/wp\/v2\/product\/23895","targetHints":{"allow":["GET"]}}],"collection":[{"href":"https:\/\/www.nogometnizaotroke.com\/ro\/wp-json\/wp\/v2\/product"}],"about":[{"href":"https:\/\/www.nogometnizaotroke.com\/ro\/wp-json\/wp\/v2\/types\/product"}],"replies":[{"embeddable":true,"href":"https:\/\/www.nogometnizaotroke.com\/ro\/wp-json\/wp\/v2\/comments?post=23895"}],"wp:featuredmedia":[{"embeddable":true,"href":"https:\/\/www.nogometnizaotroke.com\/ro\/wp-json\/wp\/v2\/media\/23897"}],"wp:attachment":[{"href":"https:\/\/www.nogometnizaotroke.com\/ro\/wp-json\/wp\/v2\/media?parent=23895"}],"wp:term":[{"taxonomy":"product_brand","embeddable":true,"href":"https:\/\/www.nogometnizaotroke.com\/ro\/wp-json\/wp\/v2\/product_brand?post=23895"},{"taxonomy":"product_cat","embeddable":true,"href":"https:\/\/www.nogometnizaotroke.com\/ro\/wp-json\/wp\/v2\/product_cat?post=23895"},{"taxonomy":"product_tag","embeddable":true,"href":"https:\/\/www.nogometnizaotroke.com\/ro\/wp-json\/wp\/v2\/product_tag?post=23895"}],"curies":[{"name":"wp","href":"https:\/\/api.w.org\/{rel}","templated":true}]}}