{"id":23590,"date":"2025-02-28T08:54:22","date_gmt":"2025-02-28T08:54:22","guid":{"rendered":"https:\/\/www.nogometnizaotroke.com\/?post_type=product&#038;p=23590"},"modified":"2025-02-28T09:40:02","modified_gmt":"2025-02-28T09:40:02","slug":"zenske-nogometnih-dresov-chelsea-domaci-2024-25-cole-palmer-20","status":"publish","type":"product","link":"https:\/\/www.nogometnizaotroke.com\/ro\/product\/zenske-nogometnih-dresov-chelsea-domaci-2024-25-cole-palmer-20\/","title":{"rendered":"Tricouri de fotbal pentru femei Chelsea Home 2024-25 Cole Palmer 20"},"content":{"rendered":"<p>Osrednji del doma\u010dega dresa Chelsea FC 2024\/25 je \u017eivahna modra barva, ki simbolizira najbolj vro\u010d del plamena in predstavlja gore\u010do \u017eeljo po uspehu, ki zdru\u017euje celoten klub. To presenetljivo modro barvo dopolnjuje oran\u017ena poudarjena barva, ki slu\u017ei kot naklon mladim talentom, ki izhajajo iz znanega Chelseajevega vadbenega centra Cobham.<\/p>\n<p>Dres Chelsea FC 2024\/25 ima zna\u010dilen vzorec &#8216;talilnega lonca&#8217;, ki spominja na teko\u010de zlato in srebro ter simbolizira zlitje bogate zapu\u0161\u010dine Chelseaja z dinami\u010dno londonsko kulturo mladih. Ta edinstveni oblikovni element se ne poklanja samo zgodovinskim dose\u017ekom kluba, ampak tudi poudarja njegovo predanost sprejemanju prihodnosti. Vzorec slu\u017ei kot vizualna predstavitev Chelseajeve raznolike svetovne skupnosti in njenega slovesa pri negovanju pionirskih talentov.<\/p>\n<p>Sfaturi pentru \u0219osete: tricoul nu include \u0219osete \u00een mod implicit. Dac\u0103 dori\u021bi \u0219osete, selecta\u021bi op\u021biunile pentru \u0219osete pentru a pl\u0103ti pentru ele.<\/p>\n<p>Sfat de imprimare: Dac\u0103 numele \u0219i num\u0103rul din imagine sunt exact ceea ce dori\u021bi, nu trebuie s\u0103 le introduce\u021bi din nou. Dac\u0103 nu este a\u0219a, introduce\u021bi numele \u0219i num\u0103rul dorite.<\/p>\n<p>Sfat de sp\u0103lare: Se recomand\u0103 sp\u0103larea manual\u0103 a tricourilor de fotbal. Dac\u0103 dori\u021bi s\u0103 utiliza\u021bi o ma\u0219in\u0103 de sp\u0103lat, nu uita\u021bi s\u0103 \u00eentoarce\u021bi tricoul \u0219i apoi s\u0103-l sp\u0103la\u021bi. \u0218i umple\u021bi ma\u0219ina cu ap\u0103 rece \u0219i folosi\u021bi un ciclu de sp\u0103lare delicat pentru a proteja mai mult culorile.<\/p>","protected":false},"excerpt":{"rendered":"<p>Osrednji del doma\u010dega dresa Chelsea FC 2024\/25 je \u017eivahna modra barva, ki simbolizira najbolj vro\u010d del plamena in predstavlja gore\u010do \u017eeljo po uspehu, ki zdru\u017euje celoten klub. To presenetljivo modro barvo dopolnjuje oran\u017ena poudarjena barva, ki slu\u017ei kot naklon mladim talentom, ki izhajajo iz znanega Chelseajevega vadbenega centra Cobham. Dres Chelsea FC 2024\/25 ima zna\u010dilen [&hellip;]<\/p>","protected":false},"featured_media":23592,"comment_status":"open","ping_status":"closed","template":"","meta":[],"product_brand":[],"product_cat":[74,43],"product_tag":[1643,1071,1072,1070,1628],"class_list":{"0":"post-23590","1":"product","2":"type-product","3":"status-publish","4":"has-post-thumbnail","6":"product_cat-zenski","7":"product_cat-nogometni-dresi-chelsea","8":"product_tag-cole-palmer-dres","9":"product_tag-dresi-barcelona-za-zenske","10":"product_tag-zenske-dresi-barcelona-z-lastnim-imenom","11":"product_tag-zenske-nogometni-dresi-barcelona","12":"product_tag-zenske-nogometnih-dresov","14":"first","15":"instock","16":"shipping-taxable","17":"purchasable","18":"product-type-variable"},"_links":{"self":[{"href":"https:\/\/www.nogometnizaotroke.com\/ro\/wp-json\/wp\/v2\/product\/23590","targetHints":{"allow":["GET"]}}],"collection":[{"href":"https:\/\/www.nogometnizaotroke.com\/ro\/wp-json\/wp\/v2\/product"}],"about":[{"href":"https:\/\/www.nogometnizaotroke.com\/ro\/wp-json\/wp\/v2\/types\/product"}],"replies":[{"embeddable":true,"href":"https:\/\/www.nogometnizaotroke.com\/ro\/wp-json\/wp\/v2\/comments?post=23590"}],"wp:featuredmedia":[{"embeddable":true,"href":"https:\/\/www.nogometnizaotroke.com\/ro\/wp-json\/wp\/v2\/media\/23592"}],"wp:attachment":[{"href":"https:\/\/www.nogometnizaotroke.com\/ro\/wp-json\/wp\/v2\/media?parent=23590"}],"wp:term":[{"taxonomy":"product_brand","embeddable":true,"href":"https:\/\/www.nogometnizaotroke.com\/ro\/wp-json\/wp\/v2\/product_brand?post=23590"},{"taxonomy":"product_cat","embeddable":true,"href":"https:\/\/www.nogometnizaotroke.com\/ro\/wp-json\/wp\/v2\/product_cat?post=23590"},{"taxonomy":"product_tag","embeddable":true,"href":"https:\/\/www.nogometnizaotroke.com\/ro\/wp-json\/wp\/v2\/product_tag?post=23590"}],"curies":[{"name":"wp","href":"https:\/\/api.w.org\/{rel}","templated":true}]}}