{"id":23549,"date":"2025-02-25T09:28:23","date_gmt":"2025-02-25T09:28:23","guid":{"rendered":"https:\/\/www.nogometnizaotroke.com\/?post_type=product&#038;p=23549"},"modified":"2025-03-17T12:15:03","modified_gmt":"2025-03-17T12:15:03","slug":"zenske-nogometnih-dresov-manchester-city-gostujoci-2024-25-z-lastnim-tiskom","status":"publish","type":"product","link":"https:\/\/www.nogometnizaotroke.com\/ro\/product\/zenske-nogometnih-dresov-manchester-city-gostujoci-2024-25-z-lastnim-tiskom\/","title":{"rendered":"Tricouri de fotbal pentru femei Manchester City Away 2024-25 cu imprimare personalizat\u0103"},"content":{"rendered":"<p>Ta majica \u017denske Manchester City Gostujo\u010di za goste, ki zdru\u017euje stil in udobje, se pona\u0161a z obi\u010dajnim krojem in ovratnikom, ki ga navdihuje vintage stil. Z ikoni\u010dno zna\u010dko kluba Manchester City na prsih. Na notranjo stran ovratnice so odtisnili datum v spomin na razburljivo zmago 30. maja 1999. Ta gostujo\u010da majica Manchester Cityja ima tehnologijo odvajanja dryCELL, ki zagotavlja, da se boste ohladili in udobno. Ta dres, oblikovan z mislijo na navija\u010de, zdru\u017euje enak igralni videz z le\u017eerno silhueto, detajli in materiali, popoln tako za dan tekme kot za vsakodnevno no\u0161enje.<\/p>\n<p>Sfaturi pentru \u0219osete: tricoul nu include \u0219osete \u00een mod implicit. Dac\u0103 dori\u021bi \u0219osete, selecta\u021bi op\u021biunile pentru \u0219osete pentru a pl\u0103ti pentru ele.<\/p>\n<p>Sfat de imprimare: Dac\u0103 numele \u0219i num\u0103rul din imagine sunt exact ceea ce dori\u021bi, nu trebuie s\u0103 le introduce\u021bi din nou. Dac\u0103 nu este a\u0219a, introduce\u021bi numele \u0219i num\u0103rul dorite.<\/p>\n<p>Sfat de sp\u0103lare: Se recomand\u0103 sp\u0103larea manual\u0103 a tricourilor de fotbal. Dac\u0103 dori\u021bi s\u0103 utiliza\u021bi o ma\u0219in\u0103 de sp\u0103lat, nu uita\u021bi s\u0103 \u00eentoarce\u021bi tricoul \u0219i apoi s\u0103-l sp\u0103la\u021bi. \u0218i umple\u021bi ma\u0219ina cu ap\u0103 rece \u0219i folosi\u021bi un ciclu de sp\u0103lare delicat pentru a proteja mai mult culorile.<\/p>","protected":false},"excerpt":{"rendered":"<p>Ta majica \u017denske Manchester City Gostujo\u010di za goste, ki zdru\u017euje stil in udobje, se pona\u0161a z obi\u010dajnim krojem in ovratnikom, ki ga navdihuje vintage stil. Z ikoni\u010dno zna\u010dko kluba Manchester City na prsih. Na notranjo stran ovratnice so odtisnili datum v spomin na razburljivo zmago 30. maja 1999. Ta gostujo\u010da majica Manchester Cityja ima tehnologijo [&hellip;]<\/p>","protected":false},"featured_media":23543,"comment_status":"open","ping_status":"closed","template":"","meta":[],"product_brand":[],"product_cat":[74,44],"product_tag":[1071,1072,1642,1628],"class_list":{"0":"post-23549","1":"product","2":"type-product","3":"status-publish","4":"has-post-thumbnail","6":"product_cat-zenski","7":"product_cat-nogometni-dresi-manchester-city","8":"product_tag-dresi-barcelona-za-zenske","9":"product_tag-zenske-dresi-barcelona-z-lastnim-imenom","10":"product_tag-zenske-manchester-city-dres","11":"product_tag-zenske-nogometnih-dresov","13":"first","14":"instock","15":"shipping-taxable","16":"purchasable","17":"product-type-variable"},"_links":{"self":[{"href":"https:\/\/www.nogometnizaotroke.com\/ro\/wp-json\/wp\/v2\/product\/23549","targetHints":{"allow":["GET"]}}],"collection":[{"href":"https:\/\/www.nogometnizaotroke.com\/ro\/wp-json\/wp\/v2\/product"}],"about":[{"href":"https:\/\/www.nogometnizaotroke.com\/ro\/wp-json\/wp\/v2\/types\/product"}],"replies":[{"embeddable":true,"href":"https:\/\/www.nogometnizaotroke.com\/ro\/wp-json\/wp\/v2\/comments?post=23549"}],"wp:featuredmedia":[{"embeddable":true,"href":"https:\/\/www.nogometnizaotroke.com\/ro\/wp-json\/wp\/v2\/media\/23543"}],"wp:attachment":[{"href":"https:\/\/www.nogometnizaotroke.com\/ro\/wp-json\/wp\/v2\/media?parent=23549"}],"wp:term":[{"taxonomy":"product_brand","embeddable":true,"href":"https:\/\/www.nogometnizaotroke.com\/ro\/wp-json\/wp\/v2\/product_brand?post=23549"},{"taxonomy":"product_cat","embeddable":true,"href":"https:\/\/www.nogometnizaotroke.com\/ro\/wp-json\/wp\/v2\/product_cat?post=23549"},{"taxonomy":"product_tag","embeddable":true,"href":"https:\/\/www.nogometnizaotroke.com\/ro\/wp-json\/wp\/v2\/product_tag?post=23549"}],"curies":[{"name":"wp","href":"https:\/\/api.w.org\/{rel}","templated":true}]}}