{"id":23514,"date":"2025-02-21T09:07:51","date_gmt":"2025-02-21T09:07:51","guid":{"rendered":"https:\/\/www.nogometnizaotroke.com\/?post_type=product&#038;p=23514"},"modified":"2025-02-28T09:39:37","modified_gmt":"2025-02-28T09:39:37","slug":"zenske-nogometnih-dresov-barcelona-gostujoci-2024-25-z-lastnim-tiskom","status":"publish","type":"product","link":"https:\/\/www.nogometnizaotroke.com\/ro\/product\/zenske-nogometnih-dresov-barcelona-gostujoci-2024-25-z-lastnim-tiskom\/","title":{"rendered":"Tricouri de fotbal pentru femei Barcelona Away 2024-25 cu imprimare personalizat\u0103"},"content":{"rendered":"<p>Poceni gostujo\u010di dres FC Barcelona 2024\/25 ima ikoni\u010dne blaugrana \u010drte na elegantnem \u010drnem ozadju, kar ustvarja vizualno osupljiv kontrast. Izstopajo\u010d element je klubski grb, upodobljen kot zna\u010dka TPU z odsevnim zaklju\u010dkom, uokvirjen z modrimi in kostanjevimi obrisi. Ta izbira oblikovanja ni samo poklon barvam mo\u0161tva, ampak daje najnovej\u0161i majici FCB tudi sodobno, v prihodnost usmerjeno estetiko.<\/p>\n<p>Sfaturi pentru \u0219osete: tricoul nu include \u0219osete \u00een mod implicit. Dac\u0103 dori\u021bi \u0219osete, selecta\u021bi op\u021biunile pentru \u0219osete pentru a pl\u0103ti pentru ele.<\/p>\n<p>Sfat de imprimare: Dac\u0103 numele \u0219i num\u0103rul din imagine sunt exact ceea ce dori\u021bi, nu trebuie s\u0103 le introduce\u021bi din nou. Dac\u0103 nu este a\u0219a, introduce\u021bi numele \u0219i num\u0103rul dorite.<\/p>\n<p>Sfat de sp\u0103lare: Se recomand\u0103 sp\u0103larea manual\u0103 a tricourilor de fotbal. Dac\u0103 dori\u021bi s\u0103 utiliza\u021bi o ma\u0219in\u0103 de sp\u0103lat, nu uita\u021bi s\u0103 \u00eentoarce\u021bi tricoul \u0219i apoi s\u0103-l sp\u0103la\u021bi. \u0218i umple\u021bi ma\u0219ina cu ap\u0103 rece \u0219i folosi\u021bi un ciclu de sp\u0103lare delicat pentru a proteja mai mult culorile.<\/p>","protected":false},"excerpt":{"rendered":"<p>Poceni gostujo\u010di dres FC Barcelona 2024\/25 ima ikoni\u010dne blaugrana \u010drte na elegantnem \u010drnem ozadju, kar ustvarja vizualno osupljiv kontrast. Izstopajo\u010d element je klubski grb, upodobljen kot zna\u010dka TPU z odsevnim zaklju\u010dkom, uokvirjen z modrimi in kostanjevimi obrisi. Ta izbira oblikovanja ni samo poklon barvam mo\u0161tva, ampak daje najnovej\u0161i majici FCB tudi sodobno, v prihodnost usmerjeno [&hellip;]<\/p>","protected":false},"featured_media":23505,"comment_status":"open","ping_status":"closed","template":"","meta":[],"product_brand":[],"product_cat":[74,34],"product_tag":[1071,1072,1070,1628],"class_list":{"0":"post-23514","1":"product","2":"type-product","3":"status-publish","4":"has-post-thumbnail","6":"product_cat-zenski","7":"product_cat-nogometni-dresi-barcelona","8":"product_tag-dresi-barcelona-za-zenske","9":"product_tag-zenske-dresi-barcelona-z-lastnim-imenom","10":"product_tag-zenske-nogometni-dresi-barcelona","11":"product_tag-zenske-nogometnih-dresov","13":"first","14":"instock","15":"shipping-taxable","16":"purchasable","17":"product-type-variable"},"_links":{"self":[{"href":"https:\/\/www.nogometnizaotroke.com\/ro\/wp-json\/wp\/v2\/product\/23514","targetHints":{"allow":["GET"]}}],"collection":[{"href":"https:\/\/www.nogometnizaotroke.com\/ro\/wp-json\/wp\/v2\/product"}],"about":[{"href":"https:\/\/www.nogometnizaotroke.com\/ro\/wp-json\/wp\/v2\/types\/product"}],"replies":[{"embeddable":true,"href":"https:\/\/www.nogometnizaotroke.com\/ro\/wp-json\/wp\/v2\/comments?post=23514"}],"wp:featuredmedia":[{"embeddable":true,"href":"https:\/\/www.nogometnizaotroke.com\/ro\/wp-json\/wp\/v2\/media\/23505"}],"wp:attachment":[{"href":"https:\/\/www.nogometnizaotroke.com\/ro\/wp-json\/wp\/v2\/media?parent=23514"}],"wp:term":[{"taxonomy":"product_brand","embeddable":true,"href":"https:\/\/www.nogometnizaotroke.com\/ro\/wp-json\/wp\/v2\/product_brand?post=23514"},{"taxonomy":"product_cat","embeddable":true,"href":"https:\/\/www.nogometnizaotroke.com\/ro\/wp-json\/wp\/v2\/product_cat?post=23514"},{"taxonomy":"product_tag","embeddable":true,"href":"https:\/\/www.nogometnizaotroke.com\/ro\/wp-json\/wp\/v2\/product_tag?post=23514"}],"curies":[{"name":"wp","href":"https:\/\/api.w.org\/{rel}","templated":true}]}}