{"id":23380,"date":"2025-01-24T10:21:49","date_gmt":"2025-01-24T10:21:49","guid":{"rendered":"https:\/\/www.nogometnizaotroke.com\/?post_type=product&#038;p=23380"},"modified":"2025-01-29T12:21:44","modified_gmt":"2025-01-29T12:21:44","slug":"moske-nogometnih-dresov-komplet-portugalska-gostujoci-2025-26-bela","status":"publish","type":"product","link":"https:\/\/www.nogometnizaotroke.com\/ro\/product\/moske-nogometnih-dresov-komplet-portugalska-gostujoci-2025-26-bela\/","title":{"rendered":"Tricouri de fotbal pentru b\u0103rba\u021bi Kit Portugalia Away 2025-26 alb"},"content":{"rendered":"<p>V\u0103 prezent\u0103m tricoul ieftin de deplasare pentru b\u0103rba\u021bi al Portugaliei 2025, care este predominant alb-\u00eenchis \u00eentr-o culoare alb-\u00eenchis cunoscut\u0103 sub numele de \"Sugar Almond\", acest tricou al Portugaliei prezint\u0103 un model grafic modern de puncte \u00een ro\u0219u \u0219i verde pentru a reflecta culorile drapelului na\u021bional. Hardware-ul negru, inclusiv detaliile de pe guler, creeaz\u0103 un contrast elegant, \u00een timp ce stema Federa\u021biei Portugheze de Fotbal (FPF) este afi\u0219at\u0103 cu m\u00e2ndrie pe piept, simboliz\u00e2nd m\u00e2ndria na\u021bional\u0103.<\/p>\n<p>Fabricat din materiale de \u00eenalt\u0103 calitate, acest tricou portughez este confortabil \u0219i durabil pentru a v\u0103 sus\u021bine \u00een joc \u0219i pentru timpul liber. \u021aes\u0103tura dispune de tehnologie de absorb\u021bie a umezelii pentru a men\u021bine fanul rece \u0219i uscat. Pentru realizarea acestui tricou sunt folosite materiale reciclate.<\/p>","protected":false},"excerpt":{"rendered":"<p>Predstavljamo poceni portugalska mo\u0161ki gostujo\u010di dres 2025, ki je prete\u017eno umazano bel v umazano beli barvi, znani kot &#8220;Sladkorni mandelj&#8221;, ta portugalski dres ima sodoben grafi\u010dni vzorec pik v rde\u010di in zeleni barvi, ki odra\u017ea barve dr\u017eavne zastave. \u010crno okovje, vklju\u010dno z detajli na ovratniku, ustvarja stilski kontrast, medtem ko je grb Portugalske nogometne zveze [&hellip;]<\/p>","protected":false},"featured_media":23382,"comment_status":"open","ping_status":"closed","template":"","meta":[],"product_brand":[],"product_cat":[140,84],"product_tag":[150,153,1617,768,148,1616,147],"class_list":{"0":"post-23380","1":"product","2":"type-product","3":"status-publish","4":"has-post-thumbnail","6":"product_cat-moski","7":"product_cat-dresi-portugalska-reprezentance","8":"product_tag-moski-nogometni-dresi","9":"product_tag-nogometni-dresi","10":"product_tag-nogometni-dresi-portugalska-z-lastnim-imenom","11":"product_tag-poceni-moski-nogometni-dresi","12":"product_tag-poceni-nogometni-dresi","13":"product_tag-poceni-nogometni-dresi-portugalska","14":"product_tag-slovenski-nogometni-dresi","16":"first","17":"instock","18":"shipping-taxable","19":"purchasable","20":"product-type-variable"},"_links":{"self":[{"href":"https:\/\/www.nogometnizaotroke.com\/ro\/wp-json\/wp\/v2\/product\/23380","targetHints":{"allow":["GET"]}}],"collection":[{"href":"https:\/\/www.nogometnizaotroke.com\/ro\/wp-json\/wp\/v2\/product"}],"about":[{"href":"https:\/\/www.nogometnizaotroke.com\/ro\/wp-json\/wp\/v2\/types\/product"}],"replies":[{"embeddable":true,"href":"https:\/\/www.nogometnizaotroke.com\/ro\/wp-json\/wp\/v2\/comments?post=23380"}],"wp:featuredmedia":[{"embeddable":true,"href":"https:\/\/www.nogometnizaotroke.com\/ro\/wp-json\/wp\/v2\/media\/23382"}],"wp:attachment":[{"href":"https:\/\/www.nogometnizaotroke.com\/ro\/wp-json\/wp\/v2\/media?parent=23380"}],"wp:term":[{"taxonomy":"product_brand","embeddable":true,"href":"https:\/\/www.nogometnizaotroke.com\/ro\/wp-json\/wp\/v2\/product_brand?post=23380"},{"taxonomy":"product_cat","embeddable":true,"href":"https:\/\/www.nogometnizaotroke.com\/ro\/wp-json\/wp\/v2\/product_cat?post=23380"},{"taxonomy":"product_tag","embeddable":true,"href":"https:\/\/www.nogometnizaotroke.com\/ro\/wp-json\/wp\/v2\/product_tag?post=23380"}],"curies":[{"name":"wp","href":"https:\/\/api.w.org\/{rel}","templated":true}]}}