{"id":23345,"date":"2025-01-18T03:01:26","date_gmt":"2025-01-18T03:01:26","guid":{"rendered":"https:\/\/www.nogometnizaotroke.com\/?post_type=product&#038;p=23345"},"modified":"2025-01-18T03:01:27","modified_gmt":"2025-01-18T03:01:27","slug":"otroske-nogometnih-dresov-komplet-aston-villa-domaci-2024-25-jhon-duran-9","status":"publish","type":"product","link":"https:\/\/www.nogometnizaotroke.com\/ro\/product\/otroske-nogometnih-dresov-komplet-aston-villa-domaci-2024-25-jhon-duran-9\/","title":{"rendered":"Tricouri de fotbal pentru copii Kit Aston Villa Home 2024-25 Jhon Duran 9"},"content":{"rendered":"<p>Primul kit de acas\u0103 al Aston Villa s\u0103rb\u0103tore\u0219te cea de-a 150-a aniversare a clubului cu un design atemporal \u0219i logo-ul \"AV 150\". Dungile \u00eenguste de pe gulerul acestui tricou de fotbal pentru tineri sunt o reprezentare subtil\u0103 a designului tricoului din 1874 al clubului. Iar insigna \u021besut\u0103 marcheaz\u0103 un capitol nou. AEROREADY cu caracteristici de gestionare a umidit\u0103\u021bii permite tinerilor fani s\u0103 se simt\u0103 confortabil \u00een timp ce poart\u0103 aceste culori. Acest produs este fabricat din materiale reciclate 100 %. Prin reutilizarea materialelor care au fost deja fabricate, contribuim la reducerea de\u0219eurilor \u0219i a dependen\u021bei de resursele limitate \u0219i reducem amprenta de carbon a produselor pe care le fabric\u0103m.<\/p>\n<p>Sfaturi pentru \u0219osete: tricoul nu include \u0219osete \u00een mod implicit. Dac\u0103 dori\u021bi \u0219osete, selecta\u021bi op\u021biunile pentru \u0219osete pentru a pl\u0103ti pentru ele.<\/p>\n<p>Sfat de imprimare: Dac\u0103 numele \u0219i num\u0103rul din imagine sunt exact ceea ce dori\u021bi, nu trebuie s\u0103 le introduce\u021bi din nou. Dac\u0103 nu este a\u0219a, introduce\u021bi numele \u0219i num\u0103rul dorite.<\/p>\n<p>Sfat de sp\u0103lare: Se recomand\u0103 sp\u0103larea manual\u0103 a tricourilor de fotbal. Dac\u0103 dori\u021bi s\u0103 utiliza\u021bi o ma\u0219in\u0103 de sp\u0103lat, nu uita\u021bi s\u0103 \u00eentoarce\u021bi tricoul \u0219i apoi s\u0103-l sp\u0103la\u021bi. \u0218i umple\u021bi ma\u0219ina cu ap\u0103 rece \u0219i folosi\u021bi un ciclu de sp\u0103lare delicat pentru a proteja mai mult culorile.<\/p>","protected":false},"excerpt":{"rendered":"<p>Prva doma\u010di oprema Nogometnih dresov kluba Aston Villa praznuje 150. obletnico kluba z brez\u010dasnim dizajnom in logotipom \u2018AV 150\u2019. Ozke \u010drte na ovratniku tega mladinskega nogometnega dresa so subtilna podoba dizajna klubskega dresa iz leta 1874. Tkana zna\u010dka pa zaznamuje povsem novo poglavje. AEROREADY s funkcijami za uravnavanje vlage omogo\u010da mladim obo\u017eevalkam, da se med [&hellip;]<\/p>","protected":false},"featured_media":23347,"comment_status":"open","ping_status":"closed","template":"","meta":[],"product_brand":[],"product_cat":[73,66],"product_tag":[1073,1610,693,692,148,1075,147],"class_list":{"0":"post-23345","1":"product","2":"type-product","3":"status-publish","4":"has-post-thumbnail","6":"product_cat-otroski","7":"product_cat-nogometni-dresi-aston-villa","8":"product_tag-dresi-aston-villa-za-otroke","9":"product_tag-jhon-duran-dresi","10":"product_tag-nogometni-dresi-aston-villa-z-lastnim-imenom","11":"product_tag-otroski-nogometni-dresi-aston-villa","12":"product_tag-poceni-nogometni-dresi","13":"product_tag-poceni-nogometni-dresi-aston-villa","14":"product_tag-slovenski-nogometni-dresi","16":"first","17":"instock","18":"shipping-taxable","19":"purchasable","20":"product-type-variable"},"_links":{"self":[{"href":"https:\/\/www.nogometnizaotroke.com\/ro\/wp-json\/wp\/v2\/product\/23345","targetHints":{"allow":["GET"]}}],"collection":[{"href":"https:\/\/www.nogometnizaotroke.com\/ro\/wp-json\/wp\/v2\/product"}],"about":[{"href":"https:\/\/www.nogometnizaotroke.com\/ro\/wp-json\/wp\/v2\/types\/product"}],"replies":[{"embeddable":true,"href":"https:\/\/www.nogometnizaotroke.com\/ro\/wp-json\/wp\/v2\/comments?post=23345"}],"wp:featuredmedia":[{"embeddable":true,"href":"https:\/\/www.nogometnizaotroke.com\/ro\/wp-json\/wp\/v2\/media\/23347"}],"wp:attachment":[{"href":"https:\/\/www.nogometnizaotroke.com\/ro\/wp-json\/wp\/v2\/media?parent=23345"}],"wp:term":[{"taxonomy":"product_brand","embeddable":true,"href":"https:\/\/www.nogometnizaotroke.com\/ro\/wp-json\/wp\/v2\/product_brand?post=23345"},{"taxonomy":"product_cat","embeddable":true,"href":"https:\/\/www.nogometnizaotroke.com\/ro\/wp-json\/wp\/v2\/product_cat?post=23345"},{"taxonomy":"product_tag","embeddable":true,"href":"https:\/\/www.nogometnizaotroke.com\/ro\/wp-json\/wp\/v2\/product_tag?post=23345"}],"curies":[{"name":"wp","href":"https:\/\/api.w.org\/{rel}","templated":true}]}}