{"id":23335,"date":"2025-01-15T06:24:51","date_gmt":"2025-01-15T06:24:51","guid":{"rendered":"https:\/\/www.nogometnizaotroke.com\/?post_type=product&#038;p=23335"},"modified":"2025-01-15T06:24:52","modified_gmt":"2025-01-15T06:24:52","slug":"otroske-nogometnih-dresov-kompleti-za-otroke-ajax-gostujoci-2024-25-chuba-akpom-10","status":"publish","type":"product","link":"https:\/\/www.nogometnizaotroke.com\/ro\/product\/otroske-nogometnih-dresov-kompleti-za-otroke-ajax-gostujoci-2024-25-chuba-akpom-10\/","title":{"rendered":"Tricouri de fotbal pentru copii Kituri pentru copii Ajax Away 2024-25 Chuba Akpom 10"},"content":{"rendered":"<p>Punctul culminant al acestui tricou de fotbal albastru \u00een denim deschis este grafica albastru deschis \u0219i galben inspirat\u0103 de scena artistic\u0103 din Amsterdam. Exist\u0103 inser\u021bii albastru petrol \u0219i un panou spate solid. Stema Ajax cheap football jerseys este brodat\u0103 cu m\u00e2ndrie pe partea din fa\u021b\u0103 a tricoului, iar tricoul include logo-ul \u0219i sponsorul cu un plasture termic. Topul tricoului Ajax away are m\u00e2neci scurte, un guler cu nervuri \u0219i o potrivire sub\u021bire care asigur\u0103 o potrivire confortabil\u0103, demonstr\u00e2nd \u00een acela\u0219i timp loialitatea fa\u021b\u0103 de echip\u0103. Dac\u0103 sunte\u021bi un juc\u0103tor pasionat de fotbal, acest tricou este conceput \u0219i pentru terenul de fotbal \u0219i include inser\u021bii din plas\u0103 pentru o respirabilitate sporit\u0103 \u0219i tehnologia Aero-ready pentru evacuarea activ\u0103 a transpira\u021biei.<\/p>\n<p>Sfaturi pentru \u0219osete: tricoul nu include \u0219osete \u00een mod implicit. Dac\u0103 dori\u021bi \u0219osete, selecta\u021bi op\u021biunile pentru \u0219osete pentru a pl\u0103ti pentru ele.<\/p>\n<p>Sfat de imprimare: Dac\u0103 numele \u0219i num\u0103rul din imagine sunt exact ceea ce dori\u021bi, nu trebuie s\u0103 le introduce\u021bi din nou. Dac\u0103 nu este a\u0219a, introduce\u021bi numele \u0219i num\u0103rul dorite.<\/p>\n<p>Sfat de sp\u0103lare: Se recomand\u0103 sp\u0103larea manual\u0103 a tricourilor de fotbal. Dac\u0103 dori\u021bi s\u0103 utiliza\u021bi o ma\u0219in\u0103 de sp\u0103lat, nu uita\u021bi s\u0103 \u00eentoarce\u021bi tricoul \u0219i apoi s\u0103-l sp\u0103la\u021bi. \u0218i umple\u021bi ma\u0219ina cu ap\u0103 rece \u0219i folosi\u021bi un ciclu de sp\u0103lare delicat pentru a proteja mai mult culorile.<\/p>","protected":false},"excerpt":{"rendered":"<p>Vrhunec te modre nogometne majice iz svetlega jeansa je svetlo modra in rumena grafika, ki jo je navdihnila umetni\u0161ka scena v Amsterdamu. Obstajajo bencinsko modri vstavki in trdna zadnja plo\u0161\u010da. Grb poceni nogometni dresi Ajax je ponosno izvezen na sprednji strani majice, dres pa vklju\u010duje logotip in sponzorja s termalnim obli\u017eem. Ajax zgornji del za [&hellip;]<\/p>","protected":false},"featured_media":23337,"comment_status":"open","ping_status":"closed","template":"","meta":[],"product_brand":[],"product_cat":[73,57],"product_tag":[1029,1008,1009,1007],"class_list":{"0":"post-23335","1":"product","2":"type-product","3":"status-publish","4":"has-post-thumbnail","6":"product_cat-otroski","7":"product_cat-nogometni-dresi-ajax","8":"product_tag-chuba-akpom-dresi","9":"product_tag-dresi-ajax-za-otroke","10":"product_tag-otroski-dresi-ajax-z-lastnim-imenom","11":"product_tag-otroski-nogometni-dresi-ajax","13":"first","14":"instock","15":"shipping-taxable","16":"purchasable","17":"product-type-variable"},"_links":{"self":[{"href":"https:\/\/www.nogometnizaotroke.com\/ro\/wp-json\/wp\/v2\/product\/23335","targetHints":{"allow":["GET"]}}],"collection":[{"href":"https:\/\/www.nogometnizaotroke.com\/ro\/wp-json\/wp\/v2\/product"}],"about":[{"href":"https:\/\/www.nogometnizaotroke.com\/ro\/wp-json\/wp\/v2\/types\/product"}],"replies":[{"embeddable":true,"href":"https:\/\/www.nogometnizaotroke.com\/ro\/wp-json\/wp\/v2\/comments?post=23335"}],"wp:featuredmedia":[{"embeddable":true,"href":"https:\/\/www.nogometnizaotroke.com\/ro\/wp-json\/wp\/v2\/media\/23337"}],"wp:attachment":[{"href":"https:\/\/www.nogometnizaotroke.com\/ro\/wp-json\/wp\/v2\/media?parent=23335"}],"wp:term":[{"taxonomy":"product_brand","embeddable":true,"href":"https:\/\/www.nogometnizaotroke.com\/ro\/wp-json\/wp\/v2\/product_brand?post=23335"},{"taxonomy":"product_cat","embeddable":true,"href":"https:\/\/www.nogometnizaotroke.com\/ro\/wp-json\/wp\/v2\/product_cat?post=23335"},{"taxonomy":"product_tag","embeddable":true,"href":"https:\/\/www.nogometnizaotroke.com\/ro\/wp-json\/wp\/v2\/product_tag?post=23335"}],"curies":[{"name":"wp","href":"https:\/\/api.w.org\/{rel}","templated":true}]}}