{"id":22833,"date":"2024-12-28T05:03:24","date_gmt":"2024-12-28T05:03:24","guid":{"rendered":"https:\/\/www.nogometnionline.com\/?post_type=product&#038;p=22833"},"modified":"2024-12-28T05:11:58","modified_gmt":"2024-12-28T05:11:58","slug":"poceni-moski-nogometni-dresi-kompleti-argentina-domaci-50th-anniversary-2024-25","status":"publish","type":"product","link":"https:\/\/www.nogometnizaotroke.com\/ro\/product\/poceni-moski-nogometni-dresi-kompleti-argentina-domaci-50th-anniversary-2024-25\/","title":{"rendered":"Tricouri de fotbal ieftine pentru b\u0103rba\u021bi Kits Argentina Home 50th Anniversary 2024-25"},"content":{"rendered":"<p>Acest tricou de fotbal face parte dintr-un set special care comemoreaz\u0103 cea de-a 50-a aniversare a primei unific\u0103ri a for\u021belor argentiniene. Acesta aminte\u0219te de anii trecu\u021bi, cu o virgul\u0103 ironic\u0103 cu trei foi \u0219i o stem\u0103 a echipei inspirat\u0103 de mijlocul anilor 1970, care se eviden\u021biaz\u0103 \u00een auriu deasupra celebrelor dungi. Gestionarea umidit\u0103\u021bii AEROREADY v\u0103 va men\u021bine concentrat pe ac\u021biune, \u00een timp ce marcajul distinctiv capteaz\u0103 sentimentul de a \u00eencuraja Argentina.<\/p>\n<p>Sfaturi pentru \u0219osete: tricoul nu include \u0219osete \u00een mod implicit. Dac\u0103 dori\u021bi \u0219osete, selecta\u021bi op\u021biunile pentru \u0219osete pentru a pl\u0103ti pentru ele.<\/p>\n<p>Sfat de imprimare: Dac\u0103 numele \u0219i num\u0103rul din imagine sunt exact ceea ce dori\u021bi, nu trebuie s\u0103 le introduce\u021bi din nou. Dac\u0103 nu este a\u0219a, introduce\u021bi numele \u0219i num\u0103rul dorite.<\/p>\n<p>Sfat de sp\u0103lare: Se recomand\u0103 sp\u0103larea manual\u0103 a tricourilor de fotbal. Dac\u0103 dori\u021bi s\u0103 utiliza\u021bi o ma\u0219in\u0103 de sp\u0103lat, nu uita\u021bi s\u0103 \u00eentoarce\u021bi tricoul \u0219i apoi s\u0103-l sp\u0103la\u021bi. \u0218i umple\u021bi ma\u0219ina cu ap\u0103 rece \u0219i folosi\u021bi un ciclu de sp\u0103lare delicat pentru a proteja mai mult culorile.<\/p>","protected":false},"excerpt":{"rendered":"<p>Ta nogometni dres je del posebnega kompleta, ki obele\u017euje 50. obletnico prve zdru\u017eitve argentinskih sil. Vra\u010da se v pretekla leta z ironi\u010dnim trilistni kom in grbom ekipe, ki je navdahnjen s sredino 70. let prej\u0161njega stoletja, ki izstopata v zlati barvi nad znamenitimi \u010drtami. AEROREADY za uravnavanje vlage vas bo osredoto\u010dil na dogajanje, medtem ko [&hellip;]<\/p>","protected":false},"featured_media":22835,"comment_status":"open","ping_status":"closed","template":"","meta":[],"product_brand":[],"product_cat":[140,81],"product_tag":[840,1592,150,153,545,148,147],"class_list":{"0":"post-22833","1":"product","2":"type-product","3":"status-publish","4":"has-post-thumbnail","6":"product_cat-moski","7":"product_cat-dresi-argentina-reprezentance","8":"product_tag-argentina-2024-25-dresi","9":"product_tag-argentina-50th-anniversary","10":"product_tag-moski-nogometni-dresi","11":"product_tag-nogometni-dresi","12":"product_tag-nogometni-dresi-slovenija","13":"product_tag-poceni-nogometni-dresi","14":"product_tag-slovenski-nogometni-dresi","16":"first","17":"instock","18":"featured","19":"shipping-taxable","20":"purchasable","21":"product-type-variable"},"_links":{"self":[{"href":"https:\/\/www.nogometnizaotroke.com\/ro\/wp-json\/wp\/v2\/product\/22833","targetHints":{"allow":["GET"]}}],"collection":[{"href":"https:\/\/www.nogometnizaotroke.com\/ro\/wp-json\/wp\/v2\/product"}],"about":[{"href":"https:\/\/www.nogometnizaotroke.com\/ro\/wp-json\/wp\/v2\/types\/product"}],"replies":[{"embeddable":true,"href":"https:\/\/www.nogometnizaotroke.com\/ro\/wp-json\/wp\/v2\/comments?post=22833"}],"wp:featuredmedia":[{"embeddable":true,"href":"https:\/\/www.nogometnizaotroke.com\/ro\/wp-json\/wp\/v2\/media\/22835"}],"wp:attachment":[{"href":"https:\/\/www.nogometnizaotroke.com\/ro\/wp-json\/wp\/v2\/media?parent=22833"}],"wp:term":[{"taxonomy":"product_brand","embeddable":true,"href":"https:\/\/www.nogometnizaotroke.com\/ro\/wp-json\/wp\/v2\/product_brand?post=22833"},{"taxonomy":"product_cat","embeddable":true,"href":"https:\/\/www.nogometnizaotroke.com\/ro\/wp-json\/wp\/v2\/product_cat?post=22833"},{"taxonomy":"product_tag","embeddable":true,"href":"https:\/\/www.nogometnizaotroke.com\/ro\/wp-json\/wp\/v2\/product_tag?post=22833"}],"curies":[{"name":"wp","href":"https:\/\/api.w.org\/{rel}","templated":true}]}}