{"id":22827,"date":"2024-12-28T04:49:02","date_gmt":"2024-12-28T04:49:02","guid":{"rendered":"https:\/\/www.nogometnionline.com\/?post_type=product&#038;p=22827"},"modified":"2025-01-29T12:21:14","modified_gmt":"2025-01-29T12:21:14","slug":"moski-nogometni-dresi-kompleti-as-roma-domaci-2024-25-z-lastnim-imenom-online","status":"publish","type":"product","link":"https:\/\/www.nogometnizaotroke.com\/ro\/product\/moski-nogometni-dresi-kompleti-as-roma-domaci-2024-25-z-lastnim-imenom-online\/","title":{"rendered":"Tricouri de fotbal pentru b\u0103rba\u021bi Kits AS Roma Home 2024-25 cu propriul nume online"},"content":{"rendered":"<p>Designul tricoului aduce un omagiu ADN-ului Romei, cu dungi aurii sub\u021biri suprapuse pe o baz\u0103 ro\u0219u \u00eenchis, cre\u00e2nd un contrast subtil. Nuan\u021ba mai ad\u00e2nc\u0103 de ro\u0219u adaug\u0103 dimensiune aspectului general \u0219i echilibreaz\u0103 tradi\u021bia cu o estetic\u0103 modern\u0103. emblema AS Roma, situat\u0103 deasupra inimii, este de acela\u0219i ro\u0219u \u00eenchis ca \u0219i tricoul, simboliz\u00e2nd leg\u0103tura dintre club \u0219i fanii s\u0103i. Cele trei dungi aurii distinctive \u00eempodobesc umerii \u0219i subliniaz\u0103 calitatea superioar\u0103 a echipamentului.<br \/>\nAten\u021bia la detalii este evident\u0103, textul \"A.S. Roma\" de pe spatele gulerului reflect\u00e2nd stilul folosit pe abonamentele pentru sezonul 1933\/34. Aceast\u0103 atingere subtil\u0103 este menit\u0103 s\u0103 aminteasc\u0103 de lunga mo\u0219tenire a clubului \u0219i de genera\u021biile de fani care au sus\u021binut Roma.<\/p>\n<p>Sfaturi pentru \u0219osete: tricoul nu include \u0219osete \u00een mod implicit. Dac\u0103 dori\u021bi \u0219osete, selecta\u021bi op\u021biunile pentru \u0219osete pentru a pl\u0103ti pentru ele.<\/p>\n<p>Sfat de imprimare: Dac\u0103 numele \u0219i num\u0103rul din imagine sunt exact ceea ce dori\u021bi, nu trebuie s\u0103 le introduce\u021bi din nou. Dac\u0103 nu este a\u0219a, introduce\u021bi numele \u0219i num\u0103rul dorite.<\/p>\n<p>Sfat de sp\u0103lare: Se recomand\u0103 sp\u0103larea manual\u0103 a tricourilor de fotbal. Dac\u0103 dori\u021bi s\u0103 utiliza\u021bi o ma\u0219in\u0103 de sp\u0103lat, nu uita\u021bi s\u0103 \u00eentoarce\u021bi tricoul \u0219i apoi s\u0103-l sp\u0103la\u021bi. \u0218i umple\u021bi ma\u0219ina cu ap\u0103 rece \u0219i folosi\u021bi un ciclu de sp\u0103lare delicat pentru a proteja mai mult culorile.<\/p>","protected":false},"excerpt":{"rendered":"<p>Dizajn srajce je poklon DNK Roma s tankimi zlatimi \u010drtami, prekritimi s temno rde\u010do podlago, ki ustvarjajo prefinjen kontrast. Globlji odtenek rde\u010de dodaja dimenzijo celotnemu videzu in uravnove\u0161a tradicijo s sodobno estetiko.Grb AS Roma, ki se nahaja nad srcem, ima enako temno rde\u010do barvo kot dres, kar simbolizira povezavo med klubom in njegovimi navija\u010di. Prepoznavne [&hellip;]<\/p>","protected":false},"featured_media":22832,"comment_status":"open","ping_status":"closed","template":"","meta":[],"product_brand":[],"product_cat":[140,48],"product_tag":[754,150,153,1231,220,148,1230,147],"class_list":{"0":"post-22827","1":"product","2":"type-product","3":"status-publish","4":"has-post-thumbnail","6":"product_cat-moski","7":"product_cat-nogometni-dresi-as-roma","8":"product_tag-as-roma-dresi-2024","9":"product_tag-moski-nogometni-dresi","10":"product_tag-nogometni-dresi","11":"product_tag-nogometni-dresi-as-roma-z-lastnim-imenom","12":"product_tag-nogometni-dresi-za-otroke","13":"product_tag-poceni-nogometni-dresi","14":"product_tag-poceni-nogometni-dresi-as-roma","15":"product_tag-slovenski-nogometni-dresi","17":"first","18":"instock","19":"shipping-taxable","20":"purchasable","21":"product-type-variable"},"_links":{"self":[{"href":"https:\/\/www.nogometnizaotroke.com\/ro\/wp-json\/wp\/v2\/product\/22827","targetHints":{"allow":["GET"]}}],"collection":[{"href":"https:\/\/www.nogometnizaotroke.com\/ro\/wp-json\/wp\/v2\/product"}],"about":[{"href":"https:\/\/www.nogometnizaotroke.com\/ro\/wp-json\/wp\/v2\/types\/product"}],"replies":[{"embeddable":true,"href":"https:\/\/www.nogometnizaotroke.com\/ro\/wp-json\/wp\/v2\/comments?post=22827"}],"wp:featuredmedia":[{"embeddable":true,"href":"https:\/\/www.nogometnizaotroke.com\/ro\/wp-json\/wp\/v2\/media\/22832"}],"wp:attachment":[{"href":"https:\/\/www.nogometnizaotroke.com\/ro\/wp-json\/wp\/v2\/media?parent=22827"}],"wp:term":[{"taxonomy":"product_brand","embeddable":true,"href":"https:\/\/www.nogometnizaotroke.com\/ro\/wp-json\/wp\/v2\/product_brand?post=22827"},{"taxonomy":"product_cat","embeddable":true,"href":"https:\/\/www.nogometnizaotroke.com\/ro\/wp-json\/wp\/v2\/product_cat?post=22827"},{"taxonomy":"product_tag","embeddable":true,"href":"https:\/\/www.nogometnizaotroke.com\/ro\/wp-json\/wp\/v2\/product_tag?post=22827"}],"curies":[{"name":"wp","href":"https:\/\/api.w.org\/{rel}","templated":true}]}}