{"id":22326,"date":"2024-12-19T02:49:44","date_gmt":"2024-12-19T02:49:44","guid":{"rendered":"https:\/\/www.nogometnionline.com\/?post_type=product&#038;p=22326"},"modified":"2024-12-19T02:49:47","modified_gmt":"2024-12-19T02:49:47","slug":"zenski-nogometni-dresi-inter-miami-cf-gostujoci-2024-25-crna-kratek-rokav-jordi-alba-18","status":"publish","type":"product","link":"https:\/\/www.nogometnizaotroke.com\/ro\/product\/zenski-nogometni-dresi-inter-miami-cf-gostujoci-2024-25-crna-kratek-rokav-jordi-alba-18\/","title":{"rendered":"Tricouri de fotbal pentru femei Inter Miami CF Away 2024-25 Black Short Sleeve Jordi Alba 18"},"content":{"rendered":"<p>Inspirat de malul str\u0103lucitor al ora\u0219ului, acest tricou Inter Miami CF 2024 2025 \u00een deplasare captiveaz\u0103 cu detaliile roz \u0219i grafica ondulat\u0103. Creat pentru confortul fanilor fotbalului, acesta combin\u0103 materialul neted \u0219i absorb\u021bia de umiditate AEROREADY. Eticheta de pe g\u00e2t prezint\u0103 motto-ul aspira\u021bional al echipei \"Freedom to Dream\". Acest produs este fabricat din 100 de materiale reciclate %.<\/p>\n<p>Sfaturi pentru \u0219osete: tricoul nu include \u0219osete \u00een mod implicit. Dac\u0103 dori\u021bi \u0219osete, selecta\u021bi op\u021biunile pentru \u0219osete pentru a pl\u0103ti pentru ele.<\/p>\n<p>Sfat de imprimare: Dac\u0103 numele \u0219i num\u0103rul din imagine sunt exact ceea ce dori\u021bi, nu trebuie s\u0103 le introduce\u021bi din nou. Dac\u0103 nu este a\u0219a, introduce\u021bi numele \u0219i num\u0103rul dorite.<\/p>\n<p>Sfat de sp\u0103lare: Se recomand\u0103 sp\u0103larea manual\u0103 a tricourilor de fotbal. Dac\u0103 dori\u021bi s\u0103 utiliza\u021bi o ma\u0219in\u0103 de sp\u0103lat, nu uita\u021bi s\u0103 \u00eentoarce\u021bi tricoul \u0219i apoi s\u0103-l sp\u0103la\u021bi. \u0218i umple\u021bi ma\u0219ina cu ap\u0103 rece \u0219i folosi\u021bi un ciclu de sp\u0103lare delicat pentru a proteja mai mult culorile.<\/p>","protected":false},"excerpt":{"rendered":"<p>Ta gostujo\u010di dres Inter Miami CF 2024 2025, ki ga je navdihnila ble\u0161\u010de\u010da mestna obala, o\u010dara z roza detajli in valovito grafiko. Ustvarjen za udobje nogometnih navija\u010dev, zdru\u017euje gladko tkanino in AEROREADY, ki odvaja vlago. Oznaka na vratu prikazuje aspiracijski moto ekipe \u201cSvoboda sanjam\u201d. Ta izdelek je narejen iz 100 % recikliranih materialov. Nasveti za [&hellip;]<\/p>","protected":false},"featured_media":22328,"comment_status":"open","ping_status":"closed","template":"","meta":[],"product_brand":[],"product_cat":[353,74],"product_tag":[1580,346,1532,153,1085,148,1084,348,1086,147,1581,1579],"class_list":{"0":"post-22326","1":"product","2":"type-product","3":"status-publish","4":"has-post-thumbnail","6":"product_cat-nogometni-dresi-inter-miami","7":"product_cat-zenski","8":"product_tag-dresi-inter-miami-za-zenske","9":"product_tag-inter-miami-dres","10":"product_tag-jordi-alba-dresi","11":"product_tag-nogometni-dresi","12":"product_tag-nogometni-dresi-inter-miami-z-lastnim-imenom","13":"product_tag-poceni-nogometni-dresi","14":"product_tag-poceni-nogometni-dresi-inter-miami","15":"product_tag-poceni-nogometni-dresi-inter-miami-z-lastnim-imenom-online","16":"product_tag-poceni-nogometni-dresi-lionel-messi","17":"product_tag-slovenski-nogometni-dresi","18":"product_tag-zenske-dresi-inter-miami-z-lastnim-imenom","19":"product_tag-zenske-nogometni-dresi-inter-miami","21":"first","22":"instock","23":"shipping-taxable","24":"purchasable","25":"product-type-variable"},"_links":{"self":[{"href":"https:\/\/www.nogometnizaotroke.com\/ro\/wp-json\/wp\/v2\/product\/22326","targetHints":{"allow":["GET"]}}],"collection":[{"href":"https:\/\/www.nogometnizaotroke.com\/ro\/wp-json\/wp\/v2\/product"}],"about":[{"href":"https:\/\/www.nogometnizaotroke.com\/ro\/wp-json\/wp\/v2\/types\/product"}],"replies":[{"embeddable":true,"href":"https:\/\/www.nogometnizaotroke.com\/ro\/wp-json\/wp\/v2\/comments?post=22326"}],"wp:featuredmedia":[{"embeddable":true,"href":"https:\/\/www.nogometnizaotroke.com\/ro\/wp-json\/wp\/v2\/media\/22328"}],"wp:attachment":[{"href":"https:\/\/www.nogometnizaotroke.com\/ro\/wp-json\/wp\/v2\/media?parent=22326"}],"wp:term":[{"taxonomy":"product_brand","embeddable":true,"href":"https:\/\/www.nogometnizaotroke.com\/ro\/wp-json\/wp\/v2\/product_brand?post=22326"},{"taxonomy":"product_cat","embeddable":true,"href":"https:\/\/www.nogometnizaotroke.com\/ro\/wp-json\/wp\/v2\/product_cat?post=22326"},{"taxonomy":"product_tag","embeddable":true,"href":"https:\/\/www.nogometnizaotroke.com\/ro\/wp-json\/wp\/v2\/product_tag?post=22326"}],"curies":[{"name":"wp","href":"https:\/\/api.w.org\/{rel}","templated":true}]}}