{"id":22311,"date":"2024-12-19T02:28:21","date_gmt":"2024-12-19T02:28:21","guid":{"rendered":"https:\/\/www.nogometnionline.com\/?post_type=product&#038;p=22311"},"modified":"2024-12-19T02:28:25","modified_gmt":"2024-12-19T02:28:25","slug":"zenski-nogometni-dresi-inter-miami-cf-domaci-2024-25-roza-jordi-alba-18","status":"publish","type":"product","link":"https:\/\/www.nogometnizaotroke.com\/ro\/product\/zenski-nogometni-dresi-inter-miami-cf-domaci-2024-25-roza-jordi-alba-18\/","title":{"rendered":"Women's Soccer Jerseys Inter Miami CF Acas\u0103 2024-25 roz Jordi Alba 18"},"content":{"rendered":"<p>Simplu, dar plin de m\u00e2ndrie pentru Lionel Messi de la Inter Miami FC, tricoul de cas\u0103 al clubului este pur \u0219i simplu roz. Culoarea roz pur este mai \u00eenchis\u0103 dec\u00e2t tricoul din sezonul trecut, cu detalii negre pe guler, tiv, laterale \u0219i logo. Stema Inter Miami este brodat\u0103 \u00een centrul tricoului, iar sponsorii Royal Caribbean sunt imprima\u021bi pe acesta. Pe spatele tricoului se afl\u0103 numele oficial \"Messi\" \u0219i num\u0103rul echipei sale \"10\".<\/p>\n<p>Ideal pentru a fi purtat la meciuri, acest tricou de fotbal arat\u0103 loialitatea fa\u021b\u0103 de Messi \u0219i Inter Miami \u0219i combin\u0103 confortul \u0219i performan\u021ba. Are un decolteu rotund cu nervuri, m\u00e2neci scurte \u0219i o croial\u0103 sub\u021bire. Tehnologia Aeroready Performance \u00eencorporat\u0103 v\u0103 men\u021bine rece, uscat \u0219i confortabil, indiferent dac\u0103 juca\u021bi sau v\u0103 uita\u021bi la fotbal.<\/p>\n<p>Gr\u0103bi\u021bi-v\u0103, stocurile sunt limitate, iar tricoul de cas\u0103 Inter Miami Messi 10 2024 se vinde rapid. De asemenea, avem tricouri de meci pentru tineri \u0219i autentice, precum \u0219i tricouri oficiale \u00een deplasare.<\/p>","protected":false},"excerpt":{"rendered":"<p>Preprost, a poln ponosa na Inter Miami FC Lionel Messi, doma\u010di dres kluba je preprosto roza. \u010cisto roza barva je temnej\u0161a od majice prej\u0161nje sezone, s \u010drnimi detajli na ovratniku, robu, straneh in logotipu. Grb Inter Miami je izvezen na sredini dresi, na njem pa so natisnjeni sponzorji Royal Caribbean. Na zadnji strani dresa je [&hellip;]<\/p>","protected":false},"featured_media":22313,"comment_status":"open","ping_status":"closed","template":"","meta":[],"product_brand":[],"product_cat":[353,74],"product_tag":[1383,1580,346,1532,153,1085,148,1084,348,1086,147,1581,1579],"class_list":{"0":"post-22311","1":"product","2":"type-product","3":"status-publish","4":"has-post-thumbnail","6":"product_cat-nogometni-dresi-inter-miami","7":"product_cat-zenski","8":"product_tag-dresi-inter-miami-za-otroke","9":"product_tag-dresi-inter-miami-za-zenske","10":"product_tag-inter-miami-dres","11":"product_tag-jordi-alba-dresi","12":"product_tag-nogometni-dresi","13":"product_tag-nogometni-dresi-inter-miami-z-lastnim-imenom","14":"product_tag-poceni-nogometni-dresi","15":"product_tag-poceni-nogometni-dresi-inter-miami","16":"product_tag-poceni-nogometni-dresi-inter-miami-z-lastnim-imenom-online","17":"product_tag-poceni-nogometni-dresi-lionel-messi","18":"product_tag-slovenski-nogometni-dresi","19":"product_tag-zenske-dresi-inter-miami-z-lastnim-imenom","20":"product_tag-zenske-nogometni-dresi-inter-miami","22":"first","23":"instock","24":"shipping-taxable","25":"purchasable","26":"product-type-variable"},"_links":{"self":[{"href":"https:\/\/www.nogometnizaotroke.com\/ro\/wp-json\/wp\/v2\/product\/22311","targetHints":{"allow":["GET"]}}],"collection":[{"href":"https:\/\/www.nogometnizaotroke.com\/ro\/wp-json\/wp\/v2\/product"}],"about":[{"href":"https:\/\/www.nogometnizaotroke.com\/ro\/wp-json\/wp\/v2\/types\/product"}],"replies":[{"embeddable":true,"href":"https:\/\/www.nogometnizaotroke.com\/ro\/wp-json\/wp\/v2\/comments?post=22311"}],"wp:featuredmedia":[{"embeddable":true,"href":"https:\/\/www.nogometnizaotroke.com\/ro\/wp-json\/wp\/v2\/media\/22313"}],"wp:attachment":[{"href":"https:\/\/www.nogometnizaotroke.com\/ro\/wp-json\/wp\/v2\/media?parent=22311"}],"wp:term":[{"taxonomy":"product_brand","embeddable":true,"href":"https:\/\/www.nogometnizaotroke.com\/ro\/wp-json\/wp\/v2\/product_brand?post=22311"},{"taxonomy":"product_cat","embeddable":true,"href":"https:\/\/www.nogometnizaotroke.com\/ro\/wp-json\/wp\/v2\/product_cat?post=22311"},{"taxonomy":"product_tag","embeddable":true,"href":"https:\/\/www.nogometnizaotroke.com\/ro\/wp-json\/wp\/v2\/product_tag?post=22311"}],"curies":[{"name":"wp","href":"https:\/\/api.w.org\/{rel}","templated":true}]}}