{"id":22252,"date":"2024-12-18T01:58:36","date_gmt":"2024-12-18T01:58:36","guid":{"rendered":"https:\/\/www.nogometnionline.com\/?post_type=product&#038;p=22252"},"modified":"2024-12-18T01:58:39","modified_gmt":"2024-12-18T01:58:39","slug":"moski-nogometni-dresi-za-nogomet-rb-leipzig-tretji-2024-2025-lutsharel-geertruida-3","status":"publish","type":"product","link":"https:\/\/www.nogometnizaotroke.com\/ro\/product\/moski-nogometni-dresi-za-nogomet-rb-leipzig-tretji-2024-2025-lutsharel-geertruida-3\/","title":{"rendered":"Tricouri de fotbal pentru b\u0103rba\u021bi RB Leipzig Third 2024-2025 Lutsharel Geertruida 3"},"content":{"rendered":"<p>Al treilea tricou de fotbal RasenBallsport Leipzig 2024-25 este predominant albastru \u00eenchis, cu grafic\u0103 futurist\u0103 care celebreaz\u0103 impulsul clubului \u0219i genera\u021bia urm\u0103toare.Decolteul ad\u00e2nc \u00een V \u0219i man\u0219etele sunt \u00een verde ment\u0103, \u00een timp ce stema \u0219i Leipzig sunt \u00een alb.<\/p>\n<p>Sfaturi pentru \u0219osete: tricoul nu include \u0219osete \u00een mod implicit. Dac\u0103 dori\u021bi \u0219osete, selecta\u021bi op\u021biunile pentru \u0219osete pentru a pl\u0103ti pentru ele.<\/p>\n<p>Sfat de imprimare: Dac\u0103 numele \u0219i num\u0103rul din imagine sunt exact ceea ce dori\u021bi, nu trebuie s\u0103 le introduce\u021bi din nou. Dac\u0103 nu este a\u0219a, introduce\u021bi numele \u0219i num\u0103rul dorite.<\/p>\n<p>Sfat de sp\u0103lare: Se recomand\u0103 sp\u0103larea manual\u0103 a tricourilor de fotbal. Dac\u0103 dori\u021bi s\u0103 utiliza\u021bi o ma\u0219in\u0103 de sp\u0103lat, nu uita\u021bi s\u0103 \u00eentoarce\u021bi tricoul \u0219i apoi s\u0103-l sp\u0103la\u021bi. \u0218i umple\u021bi ma\u0219ina cu ap\u0103 rece \u0219i folosi\u021bi un ciclu de sp\u0103lare delicat pentru a proteja mai mult culorile.<\/p>","protected":false},"excerpt":{"rendered":"<p>Tretji nogometni dres RasenBallsport Leipzig 2024-25 je prete\u017eno temno modre barve s futuristi\u010dno grafiko, ki slavi klubski zagon in naslednjo generacijo.Globok V-izrez in man\u0161ete so v mint zeleni barvi, medtem ko sta grb in Leipzig v beli barvi. Nasveti za nogavice: Majica ne vsebuje nogavic privzeto. \u010ce \u017eelite nogavice, izberite mo\u017enosti nogavic, da jih pla\u010date. [&hellip;]<\/p>","protected":false},"featured_media":22254,"comment_status":"open","ping_status":"closed","template":"","meta":[],"product_brand":[],"product_cat":[140,62],"product_tag":[1576,153,555,1193,554,545,159,148,1192,199],"class_list":{"0":"post-22252","1":"product","2":"type-product","3":"status-publish","4":"has-post-thumbnail","6":"product_cat-moski","7":"product_cat-nogometni-dresi-rb-leipzig","8":"product_tag-lutsharel-geertruida-dresi","9":"product_tag-nogometni-dresi","10":"product_tag-nogometni-dresi-rb-leipzig-prodaja","11":"product_tag-nogometni-dresi-rb-leipzig-z-lastnim-imenom","12":"product_tag-nogometni-dresi-rb-leipzig-z-lastnim-tiskom","13":"product_tag-nogometni-dresi-slovenija","14":"product_tag-otroski-nogometni-dresi","15":"product_tag-poceni-nogometni-dresi","16":"product_tag-poceni-nogometni-dresi-rb-leipzig","17":"product_tag-poceni-nogometni-dresi-rb-leipzig-z-lastnim-imenom-online","19":"first","20":"instock","21":"shipping-taxable","22":"purchasable","23":"product-type-variable"},"_links":{"self":[{"href":"https:\/\/www.nogometnizaotroke.com\/ro\/wp-json\/wp\/v2\/product\/22252","targetHints":{"allow":["GET"]}}],"collection":[{"href":"https:\/\/www.nogometnizaotroke.com\/ro\/wp-json\/wp\/v2\/product"}],"about":[{"href":"https:\/\/www.nogometnizaotroke.com\/ro\/wp-json\/wp\/v2\/types\/product"}],"replies":[{"embeddable":true,"href":"https:\/\/www.nogometnizaotroke.com\/ro\/wp-json\/wp\/v2\/comments?post=22252"}],"wp:featuredmedia":[{"embeddable":true,"href":"https:\/\/www.nogometnizaotroke.com\/ro\/wp-json\/wp\/v2\/media\/22254"}],"wp:attachment":[{"href":"https:\/\/www.nogometnizaotroke.com\/ro\/wp-json\/wp\/v2\/media?parent=22252"}],"wp:term":[{"taxonomy":"product_brand","embeddable":true,"href":"https:\/\/www.nogometnizaotroke.com\/ro\/wp-json\/wp\/v2\/product_brand?post=22252"},{"taxonomy":"product_cat","embeddable":true,"href":"https:\/\/www.nogometnizaotroke.com\/ro\/wp-json\/wp\/v2\/product_cat?post=22252"},{"taxonomy":"product_tag","embeddable":true,"href":"https:\/\/www.nogometnizaotroke.com\/ro\/wp-json\/wp\/v2\/product_tag?post=22252"}],"curies":[{"name":"wp","href":"https:\/\/api.w.org\/{rel}","templated":true}]}}