{"id":22066,"date":"2024-12-16T06:32:45","date_gmt":"2024-12-16T06:32:45","guid":{"rendered":"https:\/\/www.nogometnionline.com\/?post_type=product&#038;p=22066"},"modified":"2024-12-16T06:32:48","modified_gmt":"2024-12-16T06:32:48","slug":"otroski-nogometni-dresi-as-roma-gostujoci-2024-25-bela-bryan-cristante-4","status":"publish","type":"product","link":"https:\/\/www.nogometnizaotroke.com\/ro\/product\/otroski-nogometni-dresi-as-roma-gostujoci-2024-25-bela-bryan-cristante-4\/","title":{"rendered":"Kids Soccer Jerseys AS Roma Away 2024-25 alb Bryan Cristante 4"},"content":{"rendered":"<p>Tricoul de deplasare AS Roma 24-25 este predominant alb cu accente puternice de ro\u0219u \u0219i portocaliu fluorescent. Culorile oficiale sunt \"alb argintiu\/portocaliu fluorescent\/ro\u0219u c\u0103r\u0103miziu\".Cea mai izbitoare caracteristic\u0103 a tricoului de deplasare AS Roma 2024-25 este grafica \u00eenfl\u0103c\u0103rat\u0103 inspirat\u0103 din graffiti-ul stradal.Utiliza\u021bi insigna Lupetto \u00een locul insignei actuale. Stilul graffiti continu\u0103 pe logo.<\/p>\n<p>Sfaturi pentru \u0219osete: tricoul nu include \u0219osete \u00een mod implicit. Dac\u0103 dori\u021bi \u0219osete, selecta\u021bi op\u021biunile pentru \u0219osete pentru a pl\u0103ti pentru ele.<\/p>\n<p>Sfat de imprimare: Dac\u0103 numele \u0219i num\u0103rul din imagine sunt exact ceea ce dori\u021bi, nu trebuie s\u0103 le introduce\u021bi din nou. Dac\u0103 nu este a\u0219a, introduce\u021bi numele \u0219i num\u0103rul dorite.<\/p>\n<p>Sfat de sp\u0103lare: Se recomand\u0103 sp\u0103larea manual\u0103 a tricourilor de fotbal. Dac\u0103 dori\u021bi s\u0103 utiliza\u021bi o ma\u0219in\u0103 de sp\u0103lat, nu uita\u021bi s\u0103 \u00eentoarce\u021bi tricoul \u0219i apoi s\u0103-l sp\u0103la\u021bi. \u0218i umple\u021bi ma\u0219ina cu ap\u0103 rece \u0219i folosi\u021bi un ciclu de sp\u0103lare delicat pentru a proteja mai mult culorile.<\/p>","protected":false},"excerpt":{"rendered":"<p>Gostujo\u010di dres AS Roma 24-25 je prete\u017eno umazano bel z izrazitimi rde\u010dimi in fluorescentno oran\u017enimi poudarki. Uradne barve so \u201csrebrno bela\/fluorescentno oran\u017ena\/podpe\u010dansko rde\u010da.\u201dNajbolj presenetljiva zna\u010dilnost Gostujo\u010di dresi AS Roma 2024-25 je ognjevita grafika, ki jo navdihujejo uli\u010dni grafiti.Uporabite zna\u010dko Lupetto namesto trenutne zna\u010dke. Slog grafitov se nadaljuje na logotipu. Nasveti za nogavice: Majica ne vsebuje [&hellip;]<\/p>","protected":false},"featured_media":22068,"comment_status":"open","ping_status":"closed","template":"","meta":[],"product_brand":[],"product_cat":[73,48],"product_tag":[754,1569,1564,153,1231,220,1565,159,1563,148,1230,147],"class_list":{"0":"post-22066","1":"product","2":"type-product","3":"status-publish","4":"has-post-thumbnail","6":"product_cat-otroski","7":"product_cat-nogometni-dresi-as-roma","8":"product_tag-as-roma-dresi-2024","9":"product_tag-bryan-cristante-dresi","10":"product_tag-dresi-as-roma-za-otroke","11":"product_tag-nogometni-dresi","12":"product_tag-nogometni-dresi-as-roma-z-lastnim-imenom","13":"product_tag-nogometni-dresi-za-otroke","14":"product_tag-otroski-dresi-as-roma-z-lastnim-imenom","15":"product_tag-otroski-nogometni-dresi","16":"product_tag-otroski-nogometni-dresi-as-roma","17":"product_tag-poceni-nogometni-dresi","18":"product_tag-poceni-nogometni-dresi-as-roma","19":"product_tag-slovenski-nogometni-dresi","21":"first","22":"instock","23":"shipping-taxable","24":"purchasable","25":"product-type-variable"},"_links":{"self":[{"href":"https:\/\/www.nogometnizaotroke.com\/ro\/wp-json\/wp\/v2\/product\/22066","targetHints":{"allow":["GET"]}}],"collection":[{"href":"https:\/\/www.nogometnizaotroke.com\/ro\/wp-json\/wp\/v2\/product"}],"about":[{"href":"https:\/\/www.nogometnizaotroke.com\/ro\/wp-json\/wp\/v2\/types\/product"}],"replies":[{"embeddable":true,"href":"https:\/\/www.nogometnizaotroke.com\/ro\/wp-json\/wp\/v2\/comments?post=22066"}],"wp:featuredmedia":[{"embeddable":true,"href":"https:\/\/www.nogometnizaotroke.com\/ro\/wp-json\/wp\/v2\/media\/22068"}],"wp:attachment":[{"href":"https:\/\/www.nogometnizaotroke.com\/ro\/wp-json\/wp\/v2\/media?parent=22066"}],"wp:term":[{"taxonomy":"product_brand","embeddable":true,"href":"https:\/\/www.nogometnizaotroke.com\/ro\/wp-json\/wp\/v2\/product_brand?post=22066"},{"taxonomy":"product_cat","embeddable":true,"href":"https:\/\/www.nogometnizaotroke.com\/ro\/wp-json\/wp\/v2\/product_cat?post=22066"},{"taxonomy":"product_tag","embeddable":true,"href":"https:\/\/www.nogometnizaotroke.com\/ro\/wp-json\/wp\/v2\/product_tag?post=22066"}],"curies":[{"name":"wp","href":"https:\/\/api.w.org\/{rel}","templated":true}]}}