{"id":22043,"date":"2024-12-16T03:30:50","date_gmt":"2024-12-16T03:30:50","guid":{"rendered":"https:\/\/www.nogometnionline.com\/?post_type=product&#038;p=22043"},"modified":"2024-12-16T03:30:54","modified_gmt":"2024-12-16T03:30:54","slug":"otroski-nogometni-dresi-kompleti-za-otroke-as-roma-domaci-2024-25-paulo-dybala-21","status":"publish","type":"product","link":"https:\/\/www.nogometnizaotroke.com\/ro\/product\/otroski-nogometni-dresi-kompleti-za-otroke-as-roma-domaci-2024-25-paulo-dybala-21\/","title":{"rendered":"Tricouri de fotbal pentru copii Kituri pentru copii AS Roma Home 2024-25 Paulo Dybala 21"},"content":{"rendered":"<p>Dizajn srajce je poklon DNK poceni AS Roma dresi s tankimi zlatimi \u010drtami, prekritimi s temno rde\u010do podlago, ki ustvarjajo prefinjen kontrast. Globlji odtenek rde\u010de dodaja dimenzijo celotnemu videzu in uravnove\u0161a tradicijo s sodobno estetiko.Grb AS Roma, ki se nahaja nad srcem, ima enako temno rde\u010do barvo kot dres, kar simbolizira povezavo med klubom in njegovimi navija\u010di. Prepoznavne tri zlate \u010drte krasijo ramena in poudarjajo vrhunsko kakovost kompleta.<br \/>\nAten\u021bia la detalii este evident\u0103, textul \"A.S. Roma\" de pe spatele gulerului reflect\u00e2nd stilul folosit pe abonamentele pentru sezonul 1933\/34. Aceast\u0103 atingere subtil\u0103 este menit\u0103 s\u0103 aminteasc\u0103 de lunga mo\u0219tenire a clubului \u0219i de genera\u021biile de fani care au sus\u021binut Roma.<\/p>\n<p>Sfaturi pentru \u0219osete: tricoul nu include \u0219osete \u00een mod implicit. Dac\u0103 dori\u021bi \u0219osete, selecta\u021bi op\u021biunile pentru \u0219osete pentru a pl\u0103ti pentru ele.<\/p>\n<p>Sfat de imprimare: Dac\u0103 numele \u0219i num\u0103rul din imagine sunt exact ceea ce dori\u021bi, nu trebuie s\u0103 le introduce\u021bi din nou. Dac\u0103 nu este a\u0219a, introduce\u021bi numele \u0219i num\u0103rul dorite.<\/p>\n<p>Sfat de sp\u0103lare: Se recomand\u0103 sp\u0103larea manual\u0103 a tricourilor de fotbal. Dac\u0103 dori\u021bi s\u0103 utiliza\u021bi o ma\u0219in\u0103 de sp\u0103lat, nu uita\u021bi s\u0103 \u00eentoarce\u021bi tricoul \u0219i apoi s\u0103-l sp\u0103la\u021bi. \u0218i umple\u021bi ma\u0219ina cu ap\u0103 rece \u0219i folosi\u021bi un ciclu de sp\u0103lare delicat pentru a proteja mai mult culorile.<\/p>","protected":false},"excerpt":{"rendered":"<p>Dizajn srajce je poklon DNK poceni AS Roma dresi s tankimi zlatimi \u010drtami, prekritimi s temno rde\u010do podlago, ki ustvarjajo prefinjen kontrast. Globlji odtenek rde\u010de dodaja dimenzijo celotnemu videzu in uravnove\u0161a tradicijo s sodobno estetiko.Grb AS Roma, ki se nahaja nad srcem, ima enako temno rde\u010do barvo kot dres, kar simbolizira povezavo med klubom in [&hellip;]<\/p>","protected":false},"featured_media":22045,"comment_status":"open","ping_status":"closed","template":"","meta":[],"product_brand":[],"product_cat":[73,48],"product_tag":[754,1564,153,1231,220,1565,159,1563,1233,148,1230,147],"class_list":{"0":"post-22043","1":"product","2":"type-product","3":"status-publish","4":"has-post-thumbnail","6":"product_cat-otroski","7":"product_cat-nogometni-dresi-as-roma","8":"product_tag-as-roma-dresi-2024","9":"product_tag-dresi-as-roma-za-otroke","10":"product_tag-nogometni-dresi","11":"product_tag-nogometni-dresi-as-roma-z-lastnim-imenom","12":"product_tag-nogometni-dresi-za-otroke","13":"product_tag-otroski-dresi-as-roma-z-lastnim-imenom","14":"product_tag-otroski-nogometni-dresi","15":"product_tag-otroski-nogometni-dresi-as-roma","16":"product_tag-paulo-dybala-dresi","17":"product_tag-poceni-nogometni-dresi","18":"product_tag-poceni-nogometni-dresi-as-roma","19":"product_tag-slovenski-nogometni-dresi","21":"first","22":"instock","23":"shipping-taxable","24":"purchasable","25":"product-type-variable"},"_links":{"self":[{"href":"https:\/\/www.nogometnizaotroke.com\/ro\/wp-json\/wp\/v2\/product\/22043","targetHints":{"allow":["GET"]}}],"collection":[{"href":"https:\/\/www.nogometnizaotroke.com\/ro\/wp-json\/wp\/v2\/product"}],"about":[{"href":"https:\/\/www.nogometnizaotroke.com\/ro\/wp-json\/wp\/v2\/types\/product"}],"replies":[{"embeddable":true,"href":"https:\/\/www.nogometnizaotroke.com\/ro\/wp-json\/wp\/v2\/comments?post=22043"}],"wp:featuredmedia":[{"embeddable":true,"href":"https:\/\/www.nogometnizaotroke.com\/ro\/wp-json\/wp\/v2\/media\/22045"}],"wp:attachment":[{"href":"https:\/\/www.nogometnizaotroke.com\/ro\/wp-json\/wp\/v2\/media?parent=22043"}],"wp:term":[{"taxonomy":"product_brand","embeddable":true,"href":"https:\/\/www.nogometnizaotroke.com\/ro\/wp-json\/wp\/v2\/product_brand?post=22043"},{"taxonomy":"product_cat","embeddable":true,"href":"https:\/\/www.nogometnizaotroke.com\/ro\/wp-json\/wp\/v2\/product_cat?post=22043"},{"taxonomy":"product_tag","embeddable":true,"href":"https:\/\/www.nogometnizaotroke.com\/ro\/wp-json\/wp\/v2\/product_tag?post=22043"}],"curies":[{"name":"wp","href":"https:\/\/api.w.org\/{rel}","templated":true}]}}