{"id":21846,"date":"2024-12-12T08:14:31","date_gmt":"2024-12-12T08:14:31","guid":{"rendered":"https:\/\/www.nogometnionline.com\/?post_type=product&#038;p=21846"},"modified":"2024-12-12T08:14:40","modified_gmt":"2024-12-12T08:14:40","slug":"otroski-nogometni-dresi-kompleti-za-otroke-ac-milan-tretji-2024-25-ismael-bennacer-4","status":"publish","type":"product","link":"https:\/\/www.nogometnizaotroke.com\/ro\/product\/otroski-nogometni-dresi-kompleti-za-otroke-ac-milan-tretji-2024-25-ismael-bennacer-4\/","title":{"rendered":"Tricouri de fotbal pentru copii Kituri pentru copii AC Milan Third 2024-25 Ismael Bennacer 4"},"content":{"rendered":"<p>Noul al treilea tricou al A.C. Milan 2024-25 combin\u0103 culoarea principal\u0103 gri cu accente verde ment\u0103. Culorile oficiale sunt \"Shadow Grey\/Fresh Mint\".tricoul gri al Milanului marcheaz\u0103 exact 20 de ani de c\u00e2nd Milan a purtat ultima dat\u0103 un al treilea tricou gri, \u00een sezonul 2003-2004.stema, gulerul \u0219i man\u0219etele Milanului sunt \u00een culoarea fresh mint. Cu toate acestea, detaliile de pe sponsori \u0219i gulerul din fa\u021b\u0103 sunt de un gri roz deschis.<\/p>\n<p>Sfaturi pentru \u0219osete: tricoul nu include \u0219osete \u00een mod implicit. Dac\u0103 dori\u021bi \u0219osete, selecta\u021bi op\u021biunile pentru \u0219osete pentru a pl\u0103ti pentru ele.<\/p>\n<p>Sfat de imprimare: Dac\u0103 numele \u0219i num\u0103rul din imagine sunt exact ceea ce dori\u021bi, nu trebuie s\u0103 le introduce\u021bi din nou. Dac\u0103 nu este a\u0219a, introduce\u021bi numele \u0219i num\u0103rul dorite.<\/p>\n<p>Sfat de sp\u0103lare: Se recomand\u0103 sp\u0103larea manual\u0103 a tricourilor de fotbal. Dac\u0103 dori\u021bi s\u0103 utiliza\u021bi o ma\u0219in\u0103 de sp\u0103lat, nu uita\u021bi s\u0103 \u00eentoarce\u021bi tricoul \u0219i apoi s\u0103-l sp\u0103la\u021bi. \u0218i umple\u021bi ma\u0219ina cu ap\u0103 rece \u0219i folosi\u021bi un ciclu de sp\u0103lare delicat pentru a proteja mai mult culorile.<\/p>","protected":false},"excerpt":{"rendered":"<p>Novi tretji dres A.C. 2024-25 Milan zdru\u017euje glavno sivo barvo z mint zelenimi poudarki. Uradne barve so \u201cShadow Gray\/Fresh Mint\u201d.Sivi dres Milan zaznamuje to\u010dno 20 let, odkar je Milan zadnji\u010d nosil sivi tretji dres v sezoni 2003-04.Milan grb, ovratnik in man\u0161ete so v sve\u017ei meti. Vendar pa so podrobnosti na sponzorjih in sprednjem ovratniku svetlo [&hellip;]<\/p>","protected":false},"featured_media":21848,"comment_status":"open","ping_status":"closed","template":"","meta":[],"product_brand":[],"product_cat":[73,46],"product_tag":[1002,1560,1205,220,1003,159,1001,148,1204,147],"class_list":{"0":"post-21846","1":"product","2":"type-product","3":"status-publish","4":"has-post-thumbnail","6":"product_cat-otroski","7":"product_cat-nogometni-dresi-ac-milan","8":"product_tag-dresi-ac-milan-za-otroke","9":"product_tag-ismael-bennacer-dresi","10":"product_tag-nogometni-dresi-ac-milan-z-lastnim-imenom","11":"product_tag-nogometni-dresi-za-otroke","12":"product_tag-otroski-dresi-ac-milan-z-lastnim-imenom","13":"product_tag-otroski-nogometni-dresi","14":"product_tag-otroski-nogometni-dresi-ac-milan","15":"product_tag-poceni-nogometni-dresi","16":"product_tag-poceni-nogometni-dresi-ac-milan","17":"product_tag-slovenski-nogometni-dresi","19":"first","20":"instock","21":"shipping-taxable","22":"purchasable","23":"product-type-variable"},"_links":{"self":[{"href":"https:\/\/www.nogometnizaotroke.com\/ro\/wp-json\/wp\/v2\/product\/21846","targetHints":{"allow":["GET"]}}],"collection":[{"href":"https:\/\/www.nogometnizaotroke.com\/ro\/wp-json\/wp\/v2\/product"}],"about":[{"href":"https:\/\/www.nogometnizaotroke.com\/ro\/wp-json\/wp\/v2\/types\/product"}],"replies":[{"embeddable":true,"href":"https:\/\/www.nogometnizaotroke.com\/ro\/wp-json\/wp\/v2\/comments?post=21846"}],"wp:featuredmedia":[{"embeddable":true,"href":"https:\/\/www.nogometnizaotroke.com\/ro\/wp-json\/wp\/v2\/media\/21848"}],"wp:attachment":[{"href":"https:\/\/www.nogometnizaotroke.com\/ro\/wp-json\/wp\/v2\/media?parent=21846"}],"wp:term":[{"taxonomy":"product_brand","embeddable":true,"href":"https:\/\/www.nogometnizaotroke.com\/ro\/wp-json\/wp\/v2\/product_brand?post=21846"},{"taxonomy":"product_cat","embeddable":true,"href":"https:\/\/www.nogometnizaotroke.com\/ro\/wp-json\/wp\/v2\/product_cat?post=21846"},{"taxonomy":"product_tag","embeddable":true,"href":"https:\/\/www.nogometnizaotroke.com\/ro\/wp-json\/wp\/v2\/product_tag?post=21846"}],"curies":[{"name":"wp","href":"https:\/\/api.w.org\/{rel}","templated":true}]}}