{"id":21783,"date":"2024-12-11T12:52:47","date_gmt":"2024-12-11T12:52:47","guid":{"rendered":"https:\/\/www.nogometnionline.com\/?post_type=product&#038;p=21783"},"modified":"2024-12-11T12:52:50","modified_gmt":"2024-12-11T12:52:50","slug":"otroski-nogometni-dresi-kompleti-za-otroke-bvb-borussia-dortmund-tretji-2024-25-nico-schlotterbeck-4","status":"publish","type":"product","link":"https:\/\/www.nogometnizaotroke.com\/ro\/product\/otroski-nogometni-dresi-kompleti-za-otroke-bvb-borussia-dortmund-tretji-2024-25-nico-schlotterbeck-4\/","title":{"rendered":"Tricouri de fotbal pentru copii Kituri pentru copii BVB Borussia Dortmund Third 2024-25 Nico Schlotterbeck 4"},"content":{"rendered":"<p>Novi tretji dres Dortmund 24-25 zdru\u017euje glavno belo barvo z znamenito \u010drno in rumeno barvo BVB.Grb BVB je v beli barvi, medtem ko sponzor 1&amp;1 izstopata v beli in \u010drni barvi \u2013 neposre\u010dena izbira, saj klub nikoli ne bi smel biti tako neviden kot sponzor.Kar nam je v\u0161e\u010d pri tretji dresi BVB 2024-25, so \u010drne in rumene man\u0161ete na rokavih. Velika ovratnica pa je popolnoma \u010drna. Verjetno bi bilo videti \u0161e bolje, \u010de bi se ujemala z man\u0161etami, na primer z rumeno \u010drto po sredini.<\/p>\n<p>Sfaturi pentru \u0219osete: tricoul nu include \u0219osete \u00een mod implicit. Dac\u0103 dori\u021bi \u0219osete, selecta\u021bi op\u021biunile pentru \u0219osete pentru a pl\u0103ti pentru ele.<\/p>\n<p>Sfat de imprimare: Dac\u0103 numele \u0219i num\u0103rul din imagine sunt exact ceea ce dori\u021bi, nu trebuie s\u0103 le introduce\u021bi din nou. Dac\u0103 nu este a\u0219a, introduce\u021bi numele \u0219i num\u0103rul dorite.<\/p>\n<p>Sfat de sp\u0103lare: Se recomand\u0103 sp\u0103larea manual\u0103 a tricourilor de fotbal. Dac\u0103 dori\u021bi s\u0103 utiliza\u021bi o ma\u0219in\u0103 de sp\u0103lat, nu uita\u021bi s\u0103 \u00eentoarce\u021bi tricoul \u0219i apoi s\u0103-l sp\u0103la\u021bi. \u0218i umple\u021bi ma\u0219ina cu ap\u0103 rece \u0219i folosi\u021bi un ciclu de sp\u0103lare delicat pentru a proteja mai mult culorile.<\/p>","protected":false},"excerpt":{"rendered":"<p>Novi tretji dres Dortmund 24-25 zdru\u017euje glavno belo barvo z znamenito \u010drno in rumeno barvo BVB.Grb BVB je v beli barvi, medtem ko sponzor 1&amp;1 izstopata v beli in \u010drni barvi \u2013 neposre\u010dena izbira, saj klub nikoli ne bi smel biti tako neviden kot sponzor.Kar nam je v\u0161e\u010d pri tretji dresi BVB 2024-25, so \u010drne [&hellip;]<\/p>","protected":false},"featured_media":21785,"comment_status":"open","ping_status":"closed","template":"","meta":[],"product_brand":[],"product_cat":[73,45],"product_tag":[1541,1553,153,1542,159,1540,148,195,147],"class_list":{"0":"post-21783","1":"product","2":"type-product","3":"status-publish","4":"has-post-thumbnail","6":"product_cat-otroski","7":"product_cat-nogometni-dresi-dortmund","8":"product_tag-dresi-borussia-dortmund-za-otroke","9":"product_tag-nico-schlotterbeck-dresi","10":"product_tag-nogometni-dresi","11":"product_tag-otroski-dresi-borussia-dortmund-z-lastnim-imenom","12":"product_tag-otroski-nogometni-dresi","13":"product_tag-otroski-nogometni-dresi-borussia-dortmund","14":"product_tag-poceni-nogometni-dresi","15":"product_tag-poceni-otroski-nogometni-dresi-dortmund-z-lastnim-imenom","16":"product_tag-slovenski-nogometni-dresi","18":"first","19":"instock","20":"shipping-taxable","21":"purchasable","22":"product-type-variable"},"_links":{"self":[{"href":"https:\/\/www.nogometnizaotroke.com\/ro\/wp-json\/wp\/v2\/product\/21783","targetHints":{"allow":["GET"]}}],"collection":[{"href":"https:\/\/www.nogometnizaotroke.com\/ro\/wp-json\/wp\/v2\/product"}],"about":[{"href":"https:\/\/www.nogometnizaotroke.com\/ro\/wp-json\/wp\/v2\/types\/product"}],"replies":[{"embeddable":true,"href":"https:\/\/www.nogometnizaotroke.com\/ro\/wp-json\/wp\/v2\/comments?post=21783"}],"wp:featuredmedia":[{"embeddable":true,"href":"https:\/\/www.nogometnizaotroke.com\/ro\/wp-json\/wp\/v2\/media\/21785"}],"wp:attachment":[{"href":"https:\/\/www.nogometnizaotroke.com\/ro\/wp-json\/wp\/v2\/media?parent=21783"}],"wp:term":[{"taxonomy":"product_brand","embeddable":true,"href":"https:\/\/www.nogometnizaotroke.com\/ro\/wp-json\/wp\/v2\/product_brand?post=21783"},{"taxonomy":"product_cat","embeddable":true,"href":"https:\/\/www.nogometnizaotroke.com\/ro\/wp-json\/wp\/v2\/product_cat?post=21783"},{"taxonomy":"product_tag","embeddable":true,"href":"https:\/\/www.nogometnizaotroke.com\/ro\/wp-json\/wp\/v2\/product_tag?post=21783"}],"curies":[{"name":"wp","href":"https:\/\/api.w.org\/{rel}","templated":true}]}}