{"id":21576,"date":"2024-12-09T06:51:19","date_gmt":"2024-12-09T06:51:19","guid":{"rendered":"https:\/\/www.nogometnionline.com\/?post_type=product&#038;p=21576"},"modified":"2024-12-09T06:51:22","modified_gmt":"2024-12-09T06:51:22","slug":"otroski-nogometni-dresi-kompleti-za-otroke-bvb-borussia-dortmund-domaci-2024-25-pascal-gross-13","status":"publish","type":"product","link":"https:\/\/www.nogometnizaotroke.com\/ro\/product\/otroski-nogometni-dresi-kompleti-za-otroke-bvb-borussia-dortmund-domaci-2024-25-pascal-gross-13\/","title":{"rendered":"Tricouri de fotbal pentru copii Kituri pentru copii BVB Borussia Dortmund Home 2024-25 Pascal Gross 13"},"content":{"rendered":"<p>Borussia Dortmund Doma\u010di dresi 2024-25 nadaljuje ironi\u010den \u010crna in rumena dizajn, ki je sinonim za BVB. V skladu s klubsko dedi\u0161\u010dino je glavni del rumene barve s \u010drtastimi detajli, ki utele\u0161ajo bistvo Borussia Dortmund. \u010crni rokavi dopolnjujejo ovratnik z okroglim izrezom enake barve, kar daje majici \u010disti kroj.<\/p>\n<p>Sfaturi pentru \u0219osete: tricoul nu include \u0219osete \u00een mod implicit. Dac\u0103 dori\u021bi \u0219osete, selecta\u021bi op\u021biunile pentru \u0219osete pentru a pl\u0103ti pentru ele.<\/p>\n<p>Sfat de imprimare: Dac\u0103 numele \u0219i num\u0103rul din imagine sunt exact ceea ce dori\u021bi, nu trebuie s\u0103 le introduce\u021bi din nou. Dac\u0103 nu este a\u0219a, introduce\u021bi numele \u0219i num\u0103rul dorite.<\/p>\n<p>Sfat de sp\u0103lare: Se recomand\u0103 sp\u0103larea manual\u0103 a tricourilor de fotbal. Dac\u0103 dori\u021bi s\u0103 utiliza\u021bi o ma\u0219in\u0103 de sp\u0103lat, nu uita\u021bi s\u0103 \u00eentoarce\u021bi tricoul \u0219i apoi s\u0103-l sp\u0103la\u021bi. \u0218i umple\u021bi ma\u0219ina cu ap\u0103 rece \u0219i folosi\u021bi un ciclu de sp\u0103lare delicat pentru a proteja mai mult culorile.<\/p>","protected":false},"excerpt":{"rendered":"<p>Borussia Dortmund Doma\u010di dresi 2024-25 nadaljuje ironi\u010den \u010crna in rumena dizajn, ki je sinonim za BVB. V skladu s klubsko dedi\u0161\u010dino je glavni del rumene barve s \u010drtastimi detajli, ki utele\u0161ajo bistvo Borussia Dortmund. \u010crni rokavi dopolnjujejo ovratnik z okroglim izrezom enake barve, kar daje majici \u010disti kroj. Nasveti za nogavice: Majica ne vsebuje nogavic [&hellip;]<\/p>","protected":false},"featured_media":21578,"comment_status":"open","ping_status":"closed","template":"","meta":[],"product_brand":[],"product_cat":[73,45],"product_tag":[1541,153,1542,159,1540,1547,148,195,147],"class_list":{"0":"post-21576","1":"product","2":"type-product","3":"status-publish","4":"has-post-thumbnail","6":"product_cat-otroski","7":"product_cat-nogometni-dresi-dortmund","8":"product_tag-dresi-borussia-dortmund-za-otroke","9":"product_tag-nogometni-dresi","10":"product_tag-otroski-dresi-borussia-dortmund-z-lastnim-imenom","11":"product_tag-otroski-nogometni-dresi","12":"product_tag-otroski-nogometni-dresi-borussia-dortmund","13":"product_tag-pascal-gross-dresi","14":"product_tag-poceni-nogometni-dresi","15":"product_tag-poceni-otroski-nogometni-dresi-dortmund-z-lastnim-imenom","16":"product_tag-slovenski-nogometni-dresi","18":"first","19":"instock","20":"shipping-taxable","21":"purchasable","22":"product-type-variable"},"_links":{"self":[{"href":"https:\/\/www.nogometnizaotroke.com\/ro\/wp-json\/wp\/v2\/product\/21576","targetHints":{"allow":["GET"]}}],"collection":[{"href":"https:\/\/www.nogometnizaotroke.com\/ro\/wp-json\/wp\/v2\/product"}],"about":[{"href":"https:\/\/www.nogometnizaotroke.com\/ro\/wp-json\/wp\/v2\/types\/product"}],"replies":[{"embeddable":true,"href":"https:\/\/www.nogometnizaotroke.com\/ro\/wp-json\/wp\/v2\/comments?post=21576"}],"wp:featuredmedia":[{"embeddable":true,"href":"https:\/\/www.nogometnizaotroke.com\/ro\/wp-json\/wp\/v2\/media\/21578"}],"wp:attachment":[{"href":"https:\/\/www.nogometnizaotroke.com\/ro\/wp-json\/wp\/v2\/media?parent=21576"}],"wp:term":[{"taxonomy":"product_brand","embeddable":true,"href":"https:\/\/www.nogometnizaotroke.com\/ro\/wp-json\/wp\/v2\/product_brand?post=21576"},{"taxonomy":"product_cat","embeddable":true,"href":"https:\/\/www.nogometnizaotroke.com\/ro\/wp-json\/wp\/v2\/product_cat?post=21576"},{"taxonomy":"product_tag","embeddable":true,"href":"https:\/\/www.nogometnizaotroke.com\/ro\/wp-json\/wp\/v2\/product_tag?post=21576"}],"curies":[{"name":"wp","href":"https:\/\/api.w.org\/{rel}","templated":true}]}}