{"id":21542,"date":"2024-12-08T04:03:34","date_gmt":"2024-12-08T04:03:34","guid":{"rendered":"https:\/\/www.nogometnionline.com\/?post_type=product&#038;p=21542"},"modified":"2025-01-07T09:05:55","modified_gmt":"2025-01-07T09:05:55","slug":"otroski-nogometni-dresi-kompleti-za-otroke-tottenham-hotspur-tretji-2024-2025-james-maddison-10","status":"publish","type":"product","link":"https:\/\/www.nogometnizaotroke.com\/ro\/product\/otroski-nogometni-dresi-kompleti-za-otroke-tottenham-hotspur-tretji-2024-2025-james-maddison-10\/","title":{"rendered":"Tricouri de fotbal pentru copii Kituri pentru copii Tottenham Hotspur Third 2024-2025 James Maddison 10"},"content":{"rendered":"<p>Tottenham Hotspur Third 2024-2025 are un design distinctiv care aduce un omagiu r\u0103d\u0103cinilor clubului din nordul Londrei.Ansamblul complet verde prezint\u0103 un model unic inspirat de istoria bogat\u0103 a zonei Tottenham, \u00een special de copacii iconici \"Seven Sisters\" care au fost mult timp un reper local.<\/p>\n<p>Sfaturi pentru \u0219osete: tricoul nu include \u0219osete \u00een mod implicit. Dac\u0103 dori\u021bi \u0219osete, selecta\u021bi op\u021biunile pentru \u0219osete pentru a pl\u0103ti pentru ele.<\/p>\n<p>Sfat de imprimare: Dac\u0103 numele \u0219i num\u0103rul din imagine sunt exact ceea ce dori\u021bi, nu trebuie s\u0103 le introduce\u021bi din nou. Dac\u0103 nu este a\u0219a, introduce\u021bi numele \u0219i num\u0103rul dorite.<\/p>\n<p>Sfat de sp\u0103lare: Se recomand\u0103 sp\u0103larea manual\u0103 a tricourilor de fotbal. Dac\u0103 dori\u021bi s\u0103 utiliza\u021bi o ma\u0219in\u0103 de sp\u0103lat, nu uita\u021bi s\u0103 \u00eentoarce\u021bi tricoul \u0219i apoi s\u0103-l sp\u0103la\u021bi. \u0218i umple\u021bi ma\u0219ina cu ap\u0103 rece \u0219i folosi\u021bi un ciclu de sp\u0103lare delicat pentru a proteja mai mult culorile.<\/p>","protected":false},"excerpt":{"rendered":"<p>Tottenham Hotspur Tretji 2024-2025 ima zna\u010dilen dizajn, ki se poklanja koreninam kluba iz severnega Londona.Popolnoma zelen ansambel predstavlja edinstven vzorec, ki ga je navdihnila bogata zgodovina obmo\u010dja Tottenhama, zlasti legendarna drevesa \u2018Seven Sisters\u2019, ki so \u017ee dolgo lokalna znamenitost. Nasveti za nogavice: Majica ne vsebuje nogavic privzeto. \u010ce \u017eelite nogavice, izberite mo\u017enosti nogavic, da jih [&hellip;]<\/p>","protected":false},"featured_media":21544,"comment_status":"open","ping_status":"closed","template":"","meta":[],"product_brand":[],"product_cat":[73,42],"product_tag":[1320,220,591,159,148,590,147],"class_list":{"0":"post-21542","1":"product","2":"type-product","3":"status-publish","4":"has-post-thumbnail","6":"product_cat-otroski","7":"product_cat-nogometni-dresi-tottenham-hotspur","8":"product_tag-james-maddison-dresi","9":"product_tag-nogometni-dresi-za-otroke","10":"product_tag-otroski-dresi-tottenham-hotspur-z-lastnim-imenom","11":"product_tag-otroski-nogometni-dresi","12":"product_tag-poceni-nogometni-dresi","13":"product_tag-poceni-nogometni-dresi-tottenham-hotspurz-lastnim-imenom-online","14":"product_tag-slovenski-nogometni-dresi","16":"first","17":"instock","18":"shipping-taxable","19":"purchasable","20":"product-type-variable"},"_links":{"self":[{"href":"https:\/\/www.nogometnizaotroke.com\/ro\/wp-json\/wp\/v2\/product\/21542","targetHints":{"allow":["GET"]}}],"collection":[{"href":"https:\/\/www.nogometnizaotroke.com\/ro\/wp-json\/wp\/v2\/product"}],"about":[{"href":"https:\/\/www.nogometnizaotroke.com\/ro\/wp-json\/wp\/v2\/types\/product"}],"replies":[{"embeddable":true,"href":"https:\/\/www.nogometnizaotroke.com\/ro\/wp-json\/wp\/v2\/comments?post=21542"}],"wp:featuredmedia":[{"embeddable":true,"href":"https:\/\/www.nogometnizaotroke.com\/ro\/wp-json\/wp\/v2\/media\/21544"}],"wp:attachment":[{"href":"https:\/\/www.nogometnizaotroke.com\/ro\/wp-json\/wp\/v2\/media?parent=21542"}],"wp:term":[{"taxonomy":"product_brand","embeddable":true,"href":"https:\/\/www.nogometnizaotroke.com\/ro\/wp-json\/wp\/v2\/product_brand?post=21542"},{"taxonomy":"product_cat","embeddable":true,"href":"https:\/\/www.nogometnizaotroke.com\/ro\/wp-json\/wp\/v2\/product_cat?post=21542"},{"taxonomy":"product_tag","embeddable":true,"href":"https:\/\/www.nogometnizaotroke.com\/ro\/wp-json\/wp\/v2\/product_tag?post=21542"}],"curies":[{"name":"wp","href":"https:\/\/api.w.org\/{rel}","templated":true}]}}