{"id":21218,"date":"2024-12-03T08:12:32","date_gmt":"2024-12-03T08:12:32","guid":{"rendered":"https:\/\/www.nogometnionline.com\/?post_type=product&#038;p=21218"},"modified":"2024-12-03T08:39:18","modified_gmt":"2024-12-03T08:39:18","slug":"otroski-nogometni-dresi-kompleti-za-otroke-newcastle-united-domaci-2024-25-alexander-isak-14","status":"publish","type":"product","link":"https:\/\/www.nogometnizaotroke.com\/ro\/product\/otroski-nogometni-dresi-kompleti-za-otroke-newcastle-united-domaci-2024-25-alexander-isak-14\/","title":{"rendered":"Tricouri de fotbal pentru copii Kituri pentru copii Newcastle United Home 2024-25 Alexander Isak 14"},"content":{"rendered":"<p>Tricoul de cas\u0103 Newcastle 2024-25 are un design clasic cu dungi \u00een alb \u0219i negru. Logo-ul este negru, la fel \u0219i m\u00e2necile. \u00centre timp, partea din spate a tricoului este \u00een mare parte alb\u0103 pentru a face loc numerelor negre.<\/p>\n<p>Sfaturi pentru \u0219osete: tricoul nu include \u0219osete \u00een mod implicit. Dac\u0103 dori\u021bi \u0219osete, selecta\u021bi op\u021biunile pentru \u0219osete pentru a pl\u0103ti pentru ele.<\/p>\n<p>Sfat de imprimare: Dac\u0103 numele \u0219i num\u0103rul din imagine sunt exact ceea ce dori\u021bi, nu trebuie s\u0103 le introduce\u021bi din nou. Dac\u0103 nu este a\u0219a, introduce\u021bi numele \u0219i num\u0103rul dorite.<\/p>\n<p>Sfat de sp\u0103lare: Se recomand\u0103 sp\u0103larea manual\u0103 a tricourilor de fotbal. Dac\u0103 dori\u021bi s\u0103 utiliza\u021bi o ma\u0219in\u0103 de sp\u0103lat, nu uita\u021bi s\u0103 \u00eentoarce\u021bi tricoul \u0219i apoi s\u0103-l sp\u0103la\u021bi. \u0218i umple\u021bi ma\u0219ina cu ap\u0103 rece \u0219i folosi\u021bi un ciclu de sp\u0103lare delicat pentru a proteja mai mult culorile.<\/p>","protected":false},"excerpt":{"rendered":"<p>Doma\u010di dres Newcastle 2024-25 ima klasi\u010den \u010drtast dizajn v \u010drni in beli barvi. Logotip je \u010drne barve, prav tako rokavi. Medtem je zadnji del majice ve\u010dinoma bel, da naredi prostor za \u010drne \u0161tevilke. Nasveti za nogavice: Majica ne vsebuje nogavic privzeto. \u010ce \u017eelite nogavice, izberite mo\u017enosti nogavic, da jih pla\u010date. Nasveti za tiskom: \u010ce sta [&hellip;]<\/p>","protected":false},"featured_media":21220,"comment_status":"open","ping_status":"closed","template":"","meta":[],"product_brand":[],"product_cat":[73,68],"product_tag":[1301,1005,153,220,1006,159,1004,148,147],"class_list":{"0":"post-21218","1":"product","2":"type-product","3":"status-publish","4":"has-post-thumbnail","6":"product_cat-otroski","7":"product_cat-nogometni-dresi-newcastle-united","8":"product_tag-alexander-isak-dresi","9":"product_tag-dresi-newcastle-united-za-otroke","10":"product_tag-nogometni-dresi","11":"product_tag-nogometni-dresi-za-otroke","12":"product_tag-otroski-dresi-newcastle-united-z-lastnim-imenom","13":"product_tag-otroski-nogometni-dresi","14":"product_tag-otroski-nogometni-dresi-newcastle-united","15":"product_tag-poceni-nogometni-dresi","16":"product_tag-slovenski-nogometni-dresi","18":"first","19":"instock","20":"shipping-taxable","21":"purchasable","22":"product-type-variable"},"_links":{"self":[{"href":"https:\/\/www.nogometnizaotroke.com\/ro\/wp-json\/wp\/v2\/product\/21218","targetHints":{"allow":["GET"]}}],"collection":[{"href":"https:\/\/www.nogometnizaotroke.com\/ro\/wp-json\/wp\/v2\/product"}],"about":[{"href":"https:\/\/www.nogometnizaotroke.com\/ro\/wp-json\/wp\/v2\/types\/product"}],"replies":[{"embeddable":true,"href":"https:\/\/www.nogometnizaotroke.com\/ro\/wp-json\/wp\/v2\/comments?post=21218"}],"wp:featuredmedia":[{"embeddable":true,"href":"https:\/\/www.nogometnizaotroke.com\/ro\/wp-json\/wp\/v2\/media\/21220"}],"wp:attachment":[{"href":"https:\/\/www.nogometnizaotroke.com\/ro\/wp-json\/wp\/v2\/media?parent=21218"}],"wp:term":[{"taxonomy":"product_brand","embeddable":true,"href":"https:\/\/www.nogometnizaotroke.com\/ro\/wp-json\/wp\/v2\/product_brand?post=21218"},{"taxonomy":"product_cat","embeddable":true,"href":"https:\/\/www.nogometnizaotroke.com\/ro\/wp-json\/wp\/v2\/product_cat?post=21218"},{"taxonomy":"product_tag","embeddable":true,"href":"https:\/\/www.nogometnizaotroke.com\/ro\/wp-json\/wp\/v2\/product_tag?post=21218"}],"curies":[{"name":"wp","href":"https:\/\/api.w.org\/{rel}","templated":true}]}}