{"id":21166,"date":"2024-12-02T08:00:10","date_gmt":"2024-12-02T08:00:10","guid":{"rendered":"https:\/\/www.nogometnionline.com\/?post_type=product&#038;p=21166"},"modified":"2024-12-03T08:40:20","modified_gmt":"2024-12-03T08:40:20","slug":"otroski-nogometni-dresi-kompleti-za-otroke-newcastle-united-gostujoci-2024-25-z-lastnim-tiskom","status":"publish","type":"product","link":"https:\/\/www.nogometnizaotroke.com\/ro\/product\/otroski-nogometni-dresi-kompleti-za-otroke-newcastle-united-gostujoci-2024-25-z-lastnim-tiskom\/","title":{"rendered":"Tricouri de fotbal pentru copii Kituri pentru copii Newcastle United Away 2024-25 cu imprimare proprie"},"content":{"rendered":"<p>Tricoul de deplasare Newcastle United 2024-2025 aduce \u00eenapoi aspectul tricoului de deplasare 1995-96. Acesta prezint\u0103 dungi orizontale maro \u0219i albastre combinate cu logo-uri albe.Oficial, culorile tricoului de deplasare Newcastle 24-25 sunt \"Team College Burgundy\/Night Sky\/White\". Team College Burgundy este folosit \u0219i pentru echipamentul de antrenament Newcastle United 24-25, oferind o impresie bun\u0103 a culorii.<\/p>\n<p>Sfaturi pentru \u0219osete: tricoul nu include \u0219osete \u00een mod implicit. Dac\u0103 dori\u021bi \u0219osete, selecta\u021bi op\u021biunile pentru \u0219osete pentru a pl\u0103ti pentru ele.<\/p>\n<p>Sfat de imprimare: Dac\u0103 numele \u0219i num\u0103rul din imagine sunt exact ceea ce dori\u021bi, nu trebuie s\u0103 le introduce\u021bi din nou. Dac\u0103 nu este a\u0219a, introduce\u021bi numele \u0219i num\u0103rul dorite.<\/p>\n<p>Sfat de sp\u0103lare: Se recomand\u0103 sp\u0103larea manual\u0103 a tricourilor de fotbal. Dac\u0103 dori\u021bi s\u0103 utiliza\u021bi o ma\u0219in\u0103 de sp\u0103lat, nu uita\u021bi s\u0103 \u00eentoarce\u021bi tricoul \u0219i apoi s\u0103-l sp\u0103la\u021bi. \u0218i umple\u021bi ma\u0219ina cu ap\u0103 rece \u0219i folosi\u021bi un ciclu de sp\u0103lare delicat pentru a proteja mai mult culorile.<\/p>","protected":false},"excerpt":{"rendered":"<p>Gostujo\u010di dres Newcastle United 2024-2025 vra\u010da videz dresi za goste 1995-96. Ima kostanjeve in modre vodoravne \u010drte v kombinaciji z belimi logotipi.Uradno so barve gostujo\u010di dresi Newcastle 24-25 \u201cTeam College Burgundy\/Night Sky\/White\u201d. Team College Burgundy se uporablja tudi za komplet za trening Newcastle United 24-25, kar daje dober vtis barve. Nasveti za nogavice: Majica ne [&hellip;]<\/p>","protected":false},"featured_media":21133,"comment_status":"open","ping_status":"closed","template":"","meta":[],"product_brand":[],"product_cat":[73,68],"product_tag":[1005,153,220,1006,159,1004,148,147],"class_list":{"0":"post-21166","1":"product","2":"type-product","3":"status-publish","4":"has-post-thumbnail","6":"product_cat-otroski","7":"product_cat-nogometni-dresi-newcastle-united","8":"product_tag-dresi-newcastle-united-za-otroke","9":"product_tag-nogometni-dresi","10":"product_tag-nogometni-dresi-za-otroke","11":"product_tag-otroski-dresi-newcastle-united-z-lastnim-imenom","12":"product_tag-otroski-nogometni-dresi","13":"product_tag-otroski-nogometni-dresi-newcastle-united","14":"product_tag-poceni-nogometni-dresi","15":"product_tag-slovenski-nogometni-dresi","17":"first","18":"instock","19":"shipping-taxable","20":"purchasable","21":"product-type-variable"},"_links":{"self":[{"href":"https:\/\/www.nogometnizaotroke.com\/ro\/wp-json\/wp\/v2\/product\/21166","targetHints":{"allow":["GET"]}}],"collection":[{"href":"https:\/\/www.nogometnizaotroke.com\/ro\/wp-json\/wp\/v2\/product"}],"about":[{"href":"https:\/\/www.nogometnizaotroke.com\/ro\/wp-json\/wp\/v2\/types\/product"}],"replies":[{"embeddable":true,"href":"https:\/\/www.nogometnizaotroke.com\/ro\/wp-json\/wp\/v2\/comments?post=21166"}],"wp:featuredmedia":[{"embeddable":true,"href":"https:\/\/www.nogometnizaotroke.com\/ro\/wp-json\/wp\/v2\/media\/21133"}],"wp:attachment":[{"href":"https:\/\/www.nogometnizaotroke.com\/ro\/wp-json\/wp\/v2\/media?parent=21166"}],"wp:term":[{"taxonomy":"product_brand","embeddable":true,"href":"https:\/\/www.nogometnizaotroke.com\/ro\/wp-json\/wp\/v2\/product_brand?post=21166"},{"taxonomy":"product_cat","embeddable":true,"href":"https:\/\/www.nogometnizaotroke.com\/ro\/wp-json\/wp\/v2\/product_cat?post=21166"},{"taxonomy":"product_tag","embeddable":true,"href":"https:\/\/www.nogometnizaotroke.com\/ro\/wp-json\/wp\/v2\/product_tag?post=21166"}],"curies":[{"name":"wp","href":"https:\/\/api.w.org\/{rel}","templated":true}]}}