{"id":20897,"date":"2024-11-27T03:09:37","date_gmt":"2024-11-27T03:09:37","guid":{"rendered":"https:\/\/www.nogometnionline.com\/?post_type=product&#038;p=20897"},"modified":"2024-11-27T03:09:39","modified_gmt":"2024-11-27T03:09:39","slug":"poceni-nogometni-dresi-kompleti-francija-gostujoci-ep-2024-theo-hernandez-22","status":"publish","type":"product","link":"https:\/\/www.nogometnizaotroke.com\/ro\/product\/poceni-nogometni-dresi-kompleti-francija-gostujoci-ep-2024-theo-hernandez-22\/","title":{"rendered":"Tricouri de fotbal ieftine Fran\u021ba Away EP 2024 Theo Hernandez 22"},"content":{"rendered":"<p>Tricoul de deplasare Fran\u021ba Euro 2024 combin\u0103 o baz\u0103 alb\u0103 cu albastru regal. Forma dungilor fluide este cea mai remarcabil\u0103 - merge de la albastru (partea dreapt\u0103) la ro\u0219u (partea st\u00e2ng\u0103). echipamentul de deplasare al Campionatului European Fran\u021ba 2024 are un guler albastru \u0219i man\u0219ete albastre pe m\u00e2neci. ceea ce iese \u00een eviden\u021b\u0103 pe partea din fa\u021b\u0103 este stema francez\u0103 uria\u0219\u0103, complet colorat\u0103, care a fost dezb\u0103tut\u0103 pentru Euro 2024 \u0219i poate fi utilizat\u0103 dup\u0103 turneu.<\/p>\n<p>Sfaturi pentru \u0219osete: tricoul nu include \u0219osete \u00een mod implicit. Dac\u0103 dori\u021bi \u0219osete, selecta\u021bi op\u021biunile pentru \u0219osete pentru a pl\u0103ti pentru ele.<\/p>\n<p>Sfat de imprimare: Dac\u0103 numele \u0219i num\u0103rul din imagine sunt exact ceea ce dori\u021bi, nu trebuie s\u0103 le introduce\u021bi din nou. Dac\u0103 nu este a\u0219a, introduce\u021bi numele \u0219i num\u0103rul dorite.<\/p>\n<p>Sfat de sp\u0103lare: Se recomand\u0103 sp\u0103larea manual\u0103 a tricourilor de fotbal. Dac\u0103 dori\u021bi s\u0103 utiliza\u021bi o ma\u0219in\u0103 de sp\u0103lat, nu uita\u021bi s\u0103 \u00eentoarce\u021bi tricoul \u0219i apoi s\u0103-l sp\u0103la\u021bi. \u0218i umple\u021bi ma\u0219ina cu ap\u0103 rece \u0219i folosi\u021bi un ciclu de sp\u0103lare delicat pentru a proteja mai mult culorile.<\/p>","protected":false},"excerpt":{"rendered":"<p>Gostujo\u010di dres Francija Euro 2024 zdru\u017euje belo osnovo s kraljevsko modro barvo. Oblika prelivajo\u010dih se \u010drt je najbolj izjemna \u2013 gre od modre (desna stran) do rde\u010de (leva stran).Gostujo\u010di komplet za evropsko prvenstvo v Francija 2024 ima moder ovratnik in modre man\u0161ete na rokavih.Kar izstopa na sprednji strani, je ogromen, popolnoma obarvan francoski grb, ki [&hellip;]<\/p>","protected":false},"featured_media":20899,"comment_status":"open","ping_status":"closed","template":"","meta":[],"product_brand":[],"product_cat":[778,140,76],"product_tag":[786,150,153,148,147,1209],"class_list":{"0":"post-20897","1":"product","2":"type-product","3":"status-publish","4":"has-post-thumbnail","6":"product_cat-euro-2024","7":"product_cat-moski","8":"product_cat-dresi-francija-reprezentance","9":"product_tag-francija-euro-2024-dresi","10":"product_tag-moski-nogometni-dresi","11":"product_tag-nogometni-dresi","12":"product_tag-poceni-nogometni-dresi","13":"product_tag-slovenski-nogometni-dresi","14":"product_tag-theo-hernandez-dresi","16":"first","17":"instock","18":"shipping-taxable","19":"purchasable","20":"product-type-variable"},"_links":{"self":[{"href":"https:\/\/www.nogometnizaotroke.com\/ro\/wp-json\/wp\/v2\/product\/20897","targetHints":{"allow":["GET"]}}],"collection":[{"href":"https:\/\/www.nogometnizaotroke.com\/ro\/wp-json\/wp\/v2\/product"}],"about":[{"href":"https:\/\/www.nogometnizaotroke.com\/ro\/wp-json\/wp\/v2\/types\/product"}],"replies":[{"embeddable":true,"href":"https:\/\/www.nogometnizaotroke.com\/ro\/wp-json\/wp\/v2\/comments?post=20897"}],"wp:featuredmedia":[{"embeddable":true,"href":"https:\/\/www.nogometnizaotroke.com\/ro\/wp-json\/wp\/v2\/media\/20899"}],"wp:attachment":[{"href":"https:\/\/www.nogometnizaotroke.com\/ro\/wp-json\/wp\/v2\/media?parent=20897"}],"wp:term":[{"taxonomy":"product_brand","embeddable":true,"href":"https:\/\/www.nogometnizaotroke.com\/ro\/wp-json\/wp\/v2\/product_brand?post=20897"},{"taxonomy":"product_cat","embeddable":true,"href":"https:\/\/www.nogometnizaotroke.com\/ro\/wp-json\/wp\/v2\/product_cat?post=20897"},{"taxonomy":"product_tag","embeddable":true,"href":"https:\/\/www.nogometnizaotroke.com\/ro\/wp-json\/wp\/v2\/product_tag?post=20897"}],"curies":[{"name":"wp","href":"https:\/\/api.w.org\/{rel}","templated":true}]}}