{"id":20305,"date":"2024-11-18T06:26:21","date_gmt":"2024-11-18T06:26:21","guid":{"rendered":"https:\/\/www.nogometnionline.com\/?post_type=product&#038;p=20305"},"modified":"2024-11-18T06:26:24","modified_gmt":"2024-11-18T06:26:24","slug":"otroski-nogometni-dresi-za-otroke-paris-saint-germain-psg-gostujoci-2024-25-willian-pacho-51","status":"publish","type":"product","link":"https:\/\/www.nogometnizaotroke.com\/ro\/product\/otroski-nogometni-dresi-za-otroke-paris-saint-germain-psg-gostujoci-2024-25-willian-pacho-51\/","title":{"rendered":"Tricouri de fotbal pentru copii Paris Saint-Germain PSG Away 2024-25 Willian Pacho 51"},"content":{"rendered":"<p>Designul tricoului de deplasare PSG 2024\/25 se inspir\u0103 din tricoul popular al anilor '90, prezent\u00e2nd dou\u0103 dungi \u00eendr\u0103zne\u021be ro\u0219ii \u0219i albastre pe un fundal alb crud. Aceast\u0103 schem\u0103 de culori evoc\u0103 \u00een mod inteligent silueta iconic\u0103 a Turnului Eiffel \u0219i \u00eembin\u0103 perfect reperele pariziene cu moda fotbalului. Momentul acestui anun\u021b este deosebit de important, deoarece coincide cu preg\u0103tirile Parisului de a g\u0103zdui Jocurile Olimpice din 2024.<\/p>\n<p>Sfaturi pentru \u0219osete: tricoul nu include \u0219osete \u00een mod implicit. Dac\u0103 dori\u021bi \u0219osete, selecta\u021bi op\u021biunile pentru \u0219osete pentru a pl\u0103ti pentru ele.<\/p>\n<p>Sfat de imprimare: Dac\u0103 numele \u0219i num\u0103rul din imagine sunt exact ceea ce dori\u021bi, nu trebuie s\u0103 le introduce\u021bi din nou. Dac\u0103 nu este a\u0219a, introduce\u021bi numele \u0219i num\u0103rul dorite.<\/p>\n<p>Sfat de sp\u0103lare: Se recomand\u0103 sp\u0103larea manual\u0103 a tricourilor de fotbal. Dac\u0103 dori\u021bi s\u0103 utiliza\u021bi o ma\u0219in\u0103 de sp\u0103lat, nu uita\u021bi s\u0103 \u00eentoarce\u021bi tricoul \u0219i apoi s\u0103-l sp\u0103la\u021bi. \u0218i umple\u021bi ma\u0219ina cu ap\u0103 rece \u0219i folosi\u021bi un ciclu de sp\u0103lare delicat pentru a proteja mai mult culorile.<\/p>","protected":false},"excerpt":{"rendered":"<p>Dizajn Gostujo\u010di dresi PSG 2024\/25 \u010drpa navdih iz priljubljenega dresa iz devetdesetih let prej\u0161njega stoletja, ki vsebuje dve drzni rde\u010di in modri \u010drti na ostrem belem ozadju.Ta barvna shema spretno spominja na ikoni\u010dno silhueto Eifflovega stolpa in brezhibno zdru\u017euje pari\u0161ke znamenitosti z nogometno modo. \u010cas te objave je \u0161e posebej pomemben, saj sovpada s pripravami [&hellip;]<\/p>","protected":false},"featured_media":20308,"comment_status":"open","ping_status":"closed","template":"","meta":[],"product_brand":[],"product_cat":[73,37],"product_tag":[153,159,155,148,149,273,753],"class_list":{"0":"post-20305","1":"product","2":"type-product","3":"status-publish","4":"has-post-thumbnail","6":"product_cat-otroski","7":"product_cat-nogometni-dresi-psg","8":"product_tag-nogometni-dresi","9":"product_tag-otroski-nogometni-dresi","10":"product_tag-paris-saint-germain-psg-dres","11":"product_tag-poceni-nogometni-dresi","12":"product_tag-poceni-nogometni-dresi-psg-z-lastnim-imenom-online","13":"product_tag-poceni-otroski-nogometni-dresi-psg-z-lastnim-imenom","14":"product_tag-psg-dresi-2024","16":"first","17":"instock","18":"shipping-taxable","19":"purchasable","20":"product-type-variable"},"_links":{"self":[{"href":"https:\/\/www.nogometnizaotroke.com\/ro\/wp-json\/wp\/v2\/product\/20305","targetHints":{"allow":["GET"]}}],"collection":[{"href":"https:\/\/www.nogometnizaotroke.com\/ro\/wp-json\/wp\/v2\/product"}],"about":[{"href":"https:\/\/www.nogometnizaotroke.com\/ro\/wp-json\/wp\/v2\/types\/product"}],"replies":[{"embeddable":true,"href":"https:\/\/www.nogometnizaotroke.com\/ro\/wp-json\/wp\/v2\/comments?post=20305"}],"wp:featuredmedia":[{"embeddable":true,"href":"https:\/\/www.nogometnizaotroke.com\/ro\/wp-json\/wp\/v2\/media\/20308"}],"wp:attachment":[{"href":"https:\/\/www.nogometnizaotroke.com\/ro\/wp-json\/wp\/v2\/media?parent=20305"}],"wp:term":[{"taxonomy":"product_brand","embeddable":true,"href":"https:\/\/www.nogometnizaotroke.com\/ro\/wp-json\/wp\/v2\/product_brand?post=20305"},{"taxonomy":"product_cat","embeddable":true,"href":"https:\/\/www.nogometnizaotroke.com\/ro\/wp-json\/wp\/v2\/product_cat?post=20305"},{"taxonomy":"product_tag","embeddable":true,"href":"https:\/\/www.nogometnizaotroke.com\/ro\/wp-json\/wp\/v2\/product_tag?post=20305"}],"curies":[{"name":"wp","href":"https:\/\/api.w.org\/{rel}","templated":true}]}}