{"id":20220,"date":"2024-11-17T05:01:28","date_gmt":"2024-11-17T05:01:28","guid":{"rendered":"https:\/\/www.nogometnionline.com\/?post_type=product&#038;p=20220"},"modified":"2024-11-17T05:01:30","modified_gmt":"2024-11-17T05:01:30","slug":"otroski-nogometni-dresi-za-otroke-paris-saint-germain-psg-tretji-2024-25-warren-zaire-emery-33","status":"publish","type":"product","link":"https:\/\/www.nogometnizaotroke.com\/ro\/product\/otroski-nogometni-dresi-za-otroke-paris-saint-germain-psg-tretji-2024-25-warren-zaire-emery-33\/","title":{"rendered":"Tricouri de fotbal pentru copii Paris Saint-Germain PSG Third 2024-25 Warren Zaire-Emery 33"},"content":{"rendered":"<p>Cel de-al treilea tricou PSG 24-25 are o tem\u0103 unificatoare axat\u0103 pe ascensiunea fotbalului feminin. Logo-ul, care \u00ee\u0219i schimb\u0103 culoarea pe fa\u021b\u0103, simbolizeaz\u0103 leg\u0103tura dintre cele dou\u0103 echipe \u0219i reprezint\u0103 o mi\u0219care \u00een cre\u0219tere \u00een fotbal. Noul tricou \u00eentruchipeaz\u0103 mesajul \"Together We Rise\" - o aluzie la progresul \u0219i emanciparea \u00een fotbal.\" Noul tricou de fotbal PSG 2024-25 Third Division este predominant \"roz maroniu\" combinat cu accente negre. \u00cen plus fa\u021b\u0103 de schema de culori, exist\u0103 alte dou\u0103 elemente care fac ca PSG 24-25 a treia s\u0103 ias\u0103 \u00een eviden\u021b\u0103. Logo-urile \u0219i banda central\u0103.<\/p>\n<p>Sfaturi pentru \u0219osete: tricoul nu include \u0219osete \u00een mod implicit. Dac\u0103 dori\u021bi \u0219osete, selecta\u021bi op\u021biunile pentru \u0219osete pentru a pl\u0103ti pentru ele.<\/p>\n<p>Sfat de imprimare: Dac\u0103 numele \u0219i num\u0103rul din imagine sunt exact ceea ce dori\u021bi, nu trebuie s\u0103 le introduce\u021bi din nou. Dac\u0103 nu este a\u0219a, introduce\u021bi numele \u0219i num\u0103rul dorite.<\/p>\n<p>Sfat de sp\u0103lare: Se recomand\u0103 sp\u0103larea manual\u0103 a tricourilor de fotbal. Dac\u0103 dori\u021bi s\u0103 utiliza\u021bi o ma\u0219in\u0103 de sp\u0103lat, nu uita\u021bi s\u0103 \u00eentoarce\u021bi tricoul \u0219i apoi s\u0103-l sp\u0103la\u021bi. \u0218i umple\u021bi ma\u0219ina cu ap\u0103 rece \u0219i folosi\u021bi un ciclu de sp\u0103lare delicat pentru a proteja mai mult culorile.<\/p>","protected":false},"excerpt":{"rendered":"<p>Tretji dres PSG 24-25 ima povezovalno temo, ki se osredoto\u010da na vzpon \u017eenskega nogometa. Logotip, ki spreminja barvo na sprednji strani, simbolizira povezavo med obema ekipama in predstavlja rasto\u010de gibanje v nogometu. Novi dres utele\u0161a sporo\u010dilo \u201cTogether We Rise\u201d \u2013 naklon napredku in krepitvi mo\u010di v nogometu.\u201dNovo Tretji Nogometni dresi PSG 2024-25 je ve\u010dinoma \u201crjavo [&hellip;]<\/p>","protected":false},"featured_media":20222,"comment_status":"open","ping_status":"closed","template":"","meta":[],"product_brand":[],"product_cat":[73,37],"product_tag":[153,159,155,148,149,273,753,1496],"class_list":{"0":"post-20220","1":"product","2":"type-product","3":"status-publish","4":"has-post-thumbnail","6":"product_cat-otroski","7":"product_cat-nogometni-dresi-psg","8":"product_tag-nogometni-dresi","9":"product_tag-otroski-nogometni-dresi","10":"product_tag-paris-saint-germain-psg-dres","11":"product_tag-poceni-nogometni-dresi","12":"product_tag-poceni-nogometni-dresi-psg-z-lastnim-imenom-online","13":"product_tag-poceni-otroski-nogometni-dresi-psg-z-lastnim-imenom","14":"product_tag-psg-dresi-2024","15":"product_tag-warren-zaire-emery-dresi","17":"first","18":"instock","19":"shipping-taxable","20":"purchasable","21":"product-type-variable"},"_links":{"self":[{"href":"https:\/\/www.nogometnizaotroke.com\/ro\/wp-json\/wp\/v2\/product\/20220","targetHints":{"allow":["GET"]}}],"collection":[{"href":"https:\/\/www.nogometnizaotroke.com\/ro\/wp-json\/wp\/v2\/product"}],"about":[{"href":"https:\/\/www.nogometnizaotroke.com\/ro\/wp-json\/wp\/v2\/types\/product"}],"replies":[{"embeddable":true,"href":"https:\/\/www.nogometnizaotroke.com\/ro\/wp-json\/wp\/v2\/comments?post=20220"}],"wp:featuredmedia":[{"embeddable":true,"href":"https:\/\/www.nogometnizaotroke.com\/ro\/wp-json\/wp\/v2\/media\/20222"}],"wp:attachment":[{"href":"https:\/\/www.nogometnizaotroke.com\/ro\/wp-json\/wp\/v2\/media?parent=20220"}],"wp:term":[{"taxonomy":"product_brand","embeddable":true,"href":"https:\/\/www.nogometnizaotroke.com\/ro\/wp-json\/wp\/v2\/product_brand?post=20220"},{"taxonomy":"product_cat","embeddable":true,"href":"https:\/\/www.nogometnizaotroke.com\/ro\/wp-json\/wp\/v2\/product_cat?post=20220"},{"taxonomy":"product_tag","embeddable":true,"href":"https:\/\/www.nogometnizaotroke.com\/ro\/wp-json\/wp\/v2\/product_tag?post=20220"}],"curies":[{"name":"wp","href":"https:\/\/api.w.org\/{rel}","templated":true}]}}