{"id":19979,"date":"2024-11-12T06:05:40","date_gmt":"2024-11-12T06:05:40","guid":{"rendered":"https:\/\/www.nogometnionline.com\/?post_type=product&#038;p=19979"},"modified":"2025-03-11T02:24:45","modified_gmt":"2025-03-11T02:24:45","slug":"otroski-nogometni-dresi-kompleti-za-otroke-inter-milan-tretji-2024-25-hakan-calhanoglu-20","status":"publish","type":"product","link":"https:\/\/www.nogometnizaotroke.com\/ro\/product\/otroski-nogometni-dresi-kompleti-za-otroke-inter-milan-tretji-2024-25-hakan-calhanoglu-20\/","title":{"rendered":"Otro\u0161ki Nogometni Dresi Kompleti za otroke Inter Milan Tretji 2024-25 Hakan Calhanoglu 20"},"content":{"rendered":"<p>Tretji komplet Inter Milan 24-25 dresi se zgleduje po tretjem kompletu ekipe Umbro 96-97.Tretji nogometni dresi Inter 2024-2025 ima edinstven in poseben dizajn z glavno barvo \u201cUniversity Gold\u201d v kombinaciji z zgornjim Swoosh in Interjevim grbom na sredini prsnega ko\u0161a.\u201dNotranji ponos\u201d na ovratniku slavi tudi Interjevo \u017eensko ekipo z letnico ustanovitve 1908 in letom 2018, v katerem je bilo ustanovljeno Inter Women.Tretji dres Inter Milan 24-25 ima dizajn z dvojnimi \u010drtami ob straneh z grafiko, ki jo je navdihnila milanska katedrala \u2013 arhitekturna znamenitost mesta Milano. Ta oblika spominja na tretji dres 96-97.<\/p>\n<p>Sfaturi pentru \u0219osete: tricoul nu include \u0219osete \u00een mod implicit. Dac\u0103 dori\u021bi \u0219osete, selecta\u021bi op\u021biunile pentru \u0219osete pentru a pl\u0103ti pentru ele.<\/p>\n<p>Sfat de imprimare: Dac\u0103 numele \u0219i num\u0103rul din imagine sunt exact ceea ce dori\u021bi, nu trebuie s\u0103 le introduce\u021bi din nou. Dac\u0103 nu este a\u0219a, introduce\u021bi numele \u0219i num\u0103rul dorite.<\/p>\n<p>Sfat de sp\u0103lare: Se recomand\u0103 sp\u0103larea manual\u0103 a tricourilor de fotbal. Dac\u0103 dori\u021bi s\u0103 utiliza\u021bi o ma\u0219in\u0103 de sp\u0103lat, nu uita\u021bi s\u0103 \u00eentoarce\u021bi tricoul \u0219i apoi s\u0103-l sp\u0103la\u021bi. \u0218i umple\u021bi ma\u0219ina cu ap\u0103 rece \u0219i folosi\u021bi un ciclu de sp\u0103lare delicat pentru a proteja mai mult culorile.<\/p>","protected":false},"excerpt":{"rendered":"<p>Tretji komplet Inter Milan 24-25 dresi se zgleduje po tretjem kompletu ekipe Umbro 96-97.Tretji nogometni dresi Inter 2024-2025 ima edinstven in poseben dizajn z glavno barvo \u201cUniversity Gold\u201d v kombinaciji z zgornjim Swoosh in Interjevim grbom na sredini prsnega ko\u0161a.\u201dNotranji ponos\u201d na ovratniku slavi tudi Interjevo \u017eensko ekipo z letnico ustanovitve 1908 in letom 2018, [&hellip;]<\/p>","protected":false},"featured_media":19981,"comment_status":"open","ping_status":"closed","template":"","meta":[],"product_brand":[],"product_cat":[73,47],"product_tag":[1228,1482,153,480,479,1229,1227,148,197,147],"class_list":{"0":"post-19979","1":"product","2":"type-product","3":"status-publish","4":"has-post-thumbnail","6":"product_cat-otroski","7":"product_cat-nogometni-dresi-inter-milan","8":"product_tag-dresi-inter-milan-za-otroke","9":"product_tag-hakan-calhanoglu-dresi","10":"product_tag-nogometni-dresi","11":"product_tag-nogometni-dresi-inter-milan-prodaja","12":"product_tag-nogometni-dresi-inter-milan-z-lastnim-tiskom","13":"product_tag-otroski-dresi-inter-milan-z-lastnim-imenom","14":"product_tag-otroski-nogometni-dresi-inter-milan","15":"product_tag-poceni-nogometni-dresi","16":"product_tag-poceni-nogometni-dresi-inter-milan-z-lastnim-imenom-online","17":"product_tag-slovenski-nogometni-dresi","19":"first","20":"instock","21":"shipping-taxable","22":"purchasable","23":"product-type-variable"},"_links":{"self":[{"href":"https:\/\/www.nogometnizaotroke.com\/ro\/wp-json\/wp\/v2\/product\/19979","targetHints":{"allow":["GET"]}}],"collection":[{"href":"https:\/\/www.nogometnizaotroke.com\/ro\/wp-json\/wp\/v2\/product"}],"about":[{"href":"https:\/\/www.nogometnizaotroke.com\/ro\/wp-json\/wp\/v2\/types\/product"}],"replies":[{"embeddable":true,"href":"https:\/\/www.nogometnizaotroke.com\/ro\/wp-json\/wp\/v2\/comments?post=19979"}],"wp:featuredmedia":[{"embeddable":true,"href":"https:\/\/www.nogometnizaotroke.com\/ro\/wp-json\/wp\/v2\/media\/19981"}],"wp:attachment":[{"href":"https:\/\/www.nogometnizaotroke.com\/ro\/wp-json\/wp\/v2\/media?parent=19979"}],"wp:term":[{"taxonomy":"product_brand","embeddable":true,"href":"https:\/\/www.nogometnizaotroke.com\/ro\/wp-json\/wp\/v2\/product_brand?post=19979"},{"taxonomy":"product_cat","embeddable":true,"href":"https:\/\/www.nogometnizaotroke.com\/ro\/wp-json\/wp\/v2\/product_cat?post=19979"},{"taxonomy":"product_tag","embeddable":true,"href":"https:\/\/www.nogometnizaotroke.com\/ro\/wp-json\/wp\/v2\/product_tag?post=19979"}],"curies":[{"name":"wp","href":"https:\/\/api.w.org\/{rel}","templated":true}]}}