{"id":19261,"date":"2024-10-31T13:42:06","date_gmt":"2024-10-31T13:42:06","guid":{"rendered":"https:\/\/www.nogometnionline.com\/?post_type=product&#038;p=19261"},"modified":"2024-10-31T13:45:20","modified_gmt":"2024-10-31T13:45:20","slug":"moski-nogometni-dresi-kompleti-juventus-domaci-2024-25-kenan-yildiz-10","status":"publish","type":"product","link":"https:\/\/www.nogometnizaotroke.com\/ro\/product\/moski-nogometni-dresi-kompleti-juventus-domaci-2024-25-kenan-yildiz-10\/","title":{"rendered":"Tricouri de fotbal pentru b\u0103rba\u021bi Juventus Home Kits 2024-25 Kenan Yildiz 10"},"content":{"rendered":"<p>O caracteristic\u0103 izbitoare a tricourilor de fotbal Juventus Home 2024-25 este grafica craterului, care seam\u0103n\u0103 cu peisajul caracteristic al suprafe\u021bei lunare. Acest model unic este integrat perfect \u00een designul clasic cu dungi albe \u0219i negre, cre\u00e2nd o interac\u021biune dinamic\u0103 care capteaz\u0103 privirea \u0219i st\u00e2rne\u0219te imagina\u021bia.<\/p>\n<p>Prin \u00eencorporarea acestui motiv lunar, Juventus face o declara\u021bie puternic\u0103 cu privire la spiritul de pionierat al clubului \u0219i la dedicarea sa de a dep\u0103\u0219i limitele at\u00e2t pe teren, c\u00e2t \u0219i \u00een afara lui. tricoul are o \u021bes\u0103tur\u0103 structurat\u0103 unic\u0103, meticulos creat\u0103 folosind o metod\u0103 de inginerie 3D. Rezultatul acestei abord\u0103ri inovatoare este o construc\u021bie \u00een trei straturi care adaug\u0103 interes vizual \u0219i tactil \u00eembr\u0103c\u0103mintei. Detaliile texturate ale \u021bes\u0103turii imit\u0103 \u00eendeaproape suprafa\u021ba ondulat\u0103 a lunii, oferind o experien\u021b\u0103 senzorial\u0103 care merge dincolo de simpla estetic\u0103.<\/p>\n<p>Sfaturi pentru \u0219osete: tricoul nu include \u0219osete \u00een mod implicit. Dac\u0103 dori\u021bi \u0219osete, selecta\u021bi op\u021biunile pentru \u0219osete pentru a pl\u0103ti pentru ele.<\/p>\n<p>Sfat de imprimare: Dac\u0103 numele \u0219i num\u0103rul din imagine sunt exact ceea ce dori\u021bi, nu trebuie s\u0103 le introduce\u021bi din nou. Dac\u0103 nu este a\u0219a, introduce\u021bi numele \u0219i num\u0103rul dorite.<\/p>\n<p>Sfat de sp\u0103lare: Se recomand\u0103 sp\u0103larea manual\u0103 a tricourilor de fotbal. Dac\u0103 dori\u021bi s\u0103 utiliza\u021bi o ma\u0219in\u0103 de sp\u0103lat, nu uita\u021bi s\u0103 \u00eentoarce\u021bi tricoul \u0219i apoi s\u0103-l sp\u0103la\u021bi. \u0218i umple\u021bi ma\u0219ina cu ap\u0103 rece \u0219i folosi\u021bi un ciclu de sp\u0103lare delicat pentru a proteja mai mult culorile.<\/p>","protected":false},"excerpt":{"rendered":"<p>Izstopajo\u010da zna\u010dilnost Juventus Doma\u010di 2024-25 nogometni dresi je grafika kraterja, ki spominja na zna\u010dilno pokrajino lunine povr\u0161ine. Ta edinstveni vzorec je brezhibno integriran v klasi\u010dni \u010drno-beli \u010drtasti dizajn, kar ustvarja dinami\u010dno medsebojno igro, ki pritegne poglede in razvnema domi\u0161ljijo. Z vklju\u010ditvijo tega lunarnega motiva daje Juventus mo\u010dno izjavo o pionirskem duhu kluba in njegovi predanosti [&hellip;]<\/p>","protected":false},"featured_media":19263,"comment_status":"open","ping_status":"closed","template":"","meta":[],"product_brand":[],"product_cat":[140,36],"product_tag":[1447,150,153,1095,148,1094,198,373,147],"class_list":{"0":"post-19261","1":"product","2":"type-product","3":"status-publish","4":"has-post-thumbnail","6":"product_cat-moski","7":"product_cat-nogometni-dresi-juventus","8":"product_tag-kenan-yildiz-dresi","9":"product_tag-moski-nogometni-dresi","10":"product_tag-nogometni-dresi","11":"product_tag-nogometni-dresi-juventus-z-lastnim-imenom","12":"product_tag-poceni-nogometni-dresi","13":"product_tag-poceni-nogometni-dresi-juventus","14":"product_tag-poceni-nogometni-dresi-juventus-z-lastnim-imenom-online","15":"product_tag-poceni-otroski-nogometni-dresi-juventus-z-lastnim-imenom","16":"product_tag-slovenski-nogometni-dresi","18":"first","19":"instock","20":"shipping-taxable","21":"purchasable","22":"product-type-variable"},"_links":{"self":[{"href":"https:\/\/www.nogometnizaotroke.com\/ro\/wp-json\/wp\/v2\/product\/19261","targetHints":{"allow":["GET"]}}],"collection":[{"href":"https:\/\/www.nogometnizaotroke.com\/ro\/wp-json\/wp\/v2\/product"}],"about":[{"href":"https:\/\/www.nogometnizaotroke.com\/ro\/wp-json\/wp\/v2\/types\/product"}],"replies":[{"embeddable":true,"href":"https:\/\/www.nogometnizaotroke.com\/ro\/wp-json\/wp\/v2\/comments?post=19261"}],"wp:featuredmedia":[{"embeddable":true,"href":"https:\/\/www.nogometnizaotroke.com\/ro\/wp-json\/wp\/v2\/media\/19263"}],"wp:attachment":[{"href":"https:\/\/www.nogometnizaotroke.com\/ro\/wp-json\/wp\/v2\/media?parent=19261"}],"wp:term":[{"taxonomy":"product_brand","embeddable":true,"href":"https:\/\/www.nogometnizaotroke.com\/ro\/wp-json\/wp\/v2\/product_brand?post=19261"},{"taxonomy":"product_cat","embeddable":true,"href":"https:\/\/www.nogometnizaotroke.com\/ro\/wp-json\/wp\/v2\/product_cat?post=19261"},{"taxonomy":"product_tag","embeddable":true,"href":"https:\/\/www.nogometnizaotroke.com\/ro\/wp-json\/wp\/v2\/product_tag?post=19261"}],"curies":[{"name":"wp","href":"https:\/\/api.w.org\/{rel}","templated":true}]}}