{"id":19081,"date":"2024-10-28T11:43:41","date_gmt":"2024-10-28T11:43:41","guid":{"rendered":"https:\/\/www.nogometnionline.com\/?post_type=product&#038;p=19081"},"modified":"2024-10-28T11:43:46","modified_gmt":"2024-10-28T11:43:46","slug":"otroski-nogometni-dresi-kompleti-za-otroke-liverpool-tretji-2024-2025-dominik-szoboszlai-8","status":"publish","type":"product","link":"https:\/\/www.nogometnizaotroke.com\/ro\/product\/otroski-nogometni-dresi-kompleti-za-otroke-liverpool-tretji-2024-2025-dominik-szoboszlai-8\/","title":{"rendered":"Tricouri de fotbal pentru copii Kituri pentru copii Liverpool Third 2024-2025 Dominik Szoboszlai 8"},"content":{"rendered":"<p>Cea mai izbitoare caracteristic\u0103 a tricoului Liverpool FC 2024\/25 Third Jersey este Swoosh-ul dublu vertical distinctiv care se extinde peste tricou, pantaloni scur\u021bi \u0219i \u0219osete. Inspirat de aripa unei zei\u021be grece\u0219ti, acest element de design unic simbolizeaz\u0103 viteza, mi\u0219carea, for\u021ba \u0219i motiva\u021bia. At\u00e2t echipa masculin\u0103, c\u00e2t \u0219i cea feminin\u0103 vor fi echipate cu acest detaliu inovator, care subliniaz\u0103 angajamentul clubului fa\u021b\u0103 de egalitatea de gen \u00een fotbal.<br \/>\nInspir\u00e2ndu-se din scena punk vibrant\u0103 din Liverpool, designul noului tricou LFC este descris ca fiind \"rebel\". Acesta prezint\u0103 un model \u00eendr\u0103zne\u021b care combin\u0103 culorile emblematice ale clubului cu elemente care aduc un omagiu arti\u0219tilor punk ne\u00eenfrica\u021bi ai ora\u0219ului, care au introdus un nou sunet acolo unde r\u00e2ul Mersey \u00eent\u00e2lne\u0219te Marea Irlandei. Includerea penelor p\u0103s\u0103rii Liver \u00een model leag\u0103 \u0219i mai mult designul de identitatea clubului. al treilea set Liverpool 24\/25, predominant alb, este accentuat cu detalii curate de platin\u0103, \u00een timp ce sclipiri de ro\u0219u tradi\u021bional al clubului \u0219i galben crom completeaz\u0103 aspectul. Pantalonii scur\u021bi negri \u0219i \u0219osetele albe completeaz\u0103 tricoul, cre\u00e2nd un ansamblu coerent \u0219i atr\u0103g\u0103tor. De asemenea, accentul a fost pus pe \u00eembun\u0103t\u0103\u021birea confortului \u0219i potrivirii echipamentului, asigur\u00e2nd o performan\u021b\u0103 optim\u0103 pentru juc\u0103tori.<\/p>\n<p>Sfaturi pentru \u0219osete: tricoul nu include \u0219osete \u00een mod implicit. Dac\u0103 dori\u021bi \u0219osete, selecta\u021bi op\u021biunile pentru \u0219osete pentru a pl\u0103ti pentru ele.<\/p>\n<p>Sfat de imprimare: Dac\u0103 numele \u0219i num\u0103rul din imagine sunt exact ceea ce dori\u021bi, nu trebuie s\u0103 le introduce\u021bi din nou. Dac\u0103 nu este a\u0219a, introduce\u021bi numele \u0219i num\u0103rul dorite.<\/p>\n<p>Sfat de sp\u0103lare: Se recomand\u0103 sp\u0103larea manual\u0103 a tricourilor de fotbal. Dac\u0103 dori\u021bi s\u0103 utiliza\u021bi o ma\u0219in\u0103 de sp\u0103lat, nu uita\u021bi s\u0103 \u00eentoarce\u021bi tricoul \u0219i apoi s\u0103-l sp\u0103la\u021bi. \u0218i umple\u021bi ma\u0219ina cu ap\u0103 rece \u0219i folosi\u021bi un ciclu de sp\u0103lare delicat pentru a proteja mai mult culorile.<\/p>","protected":false},"excerpt":{"rendered":"<p>Najbolj presenetljiva zna\u010dilnost Liverpool FC 2024\/25 Tretji dresi je izrazit navpi\u010dni dvojni Swoosh, ki se razteza \u010dez dres, kratke hla\u010de in nogavice. Ta edinstven oblikovalski element, ki ga je navdihnilo krilo gr\u0161ke boginje, simbolizira hitrost, gibanje, mo\u010d in motivacijo. Tako mo\u0161ka kot \u017eenska ekipa bosta opremljeni s tem inovativnim detajlom, ki poudarja zavezanost kluba enakosti [&hellip;]<\/p>","protected":false},"featured_media":19083,"comment_status":"open","ping_status":"closed","template":"","meta":[],"product_brand":[],"product_cat":[73,39],"product_tag":[945,876,837,875,284,159,148,295,147],"class_list":{"0":"post-19081","1":"product","2":"type-product","3":"status-publish","4":"has-post-thumbnail","6":"product_cat-otroski","7":"product_cat-nogometni-dresi-liverpool","8":"product_tag-dominik-szoboszlai-dresi","9":"product_tag-dresi-liverpool-za-otroski","10":"product_tag-dresi-za-nogomet","11":"product_tag-liverpool-dresi-2024","12":"product_tag-otroski-dresi-liverpool-z-lastnim-imenom","13":"product_tag-otroski-nogometni-dresi","14":"product_tag-poceni-nogometni-dresi","15":"product_tag-poceni-nogometni-dresi-liverpool-z-lastnim-imenom-online","16":"product_tag-slovenski-nogometni-dresi","18":"first","19":"instock","20":"shipping-taxable","21":"purchasable","22":"product-type-variable"},"_links":{"self":[{"href":"https:\/\/www.nogometnizaotroke.com\/ro\/wp-json\/wp\/v2\/product\/19081","targetHints":{"allow":["GET"]}}],"collection":[{"href":"https:\/\/www.nogometnizaotroke.com\/ro\/wp-json\/wp\/v2\/product"}],"about":[{"href":"https:\/\/www.nogometnizaotroke.com\/ro\/wp-json\/wp\/v2\/types\/product"}],"replies":[{"embeddable":true,"href":"https:\/\/www.nogometnizaotroke.com\/ro\/wp-json\/wp\/v2\/comments?post=19081"}],"wp:featuredmedia":[{"embeddable":true,"href":"https:\/\/www.nogometnizaotroke.com\/ro\/wp-json\/wp\/v2\/media\/19083"}],"wp:attachment":[{"href":"https:\/\/www.nogometnizaotroke.com\/ro\/wp-json\/wp\/v2\/media?parent=19081"}],"wp:term":[{"taxonomy":"product_brand","embeddable":true,"href":"https:\/\/www.nogometnizaotroke.com\/ro\/wp-json\/wp\/v2\/product_brand?post=19081"},{"taxonomy":"product_cat","embeddable":true,"href":"https:\/\/www.nogometnizaotroke.com\/ro\/wp-json\/wp\/v2\/product_cat?post=19081"},{"taxonomy":"product_tag","embeddable":true,"href":"https:\/\/www.nogometnizaotroke.com\/ro\/wp-json\/wp\/v2\/product_tag?post=19081"}],"curies":[{"name":"wp","href":"https:\/\/api.w.org\/{rel}","templated":true}]}}