{"id":19002,"date":"2024-10-27T05:33:58","date_gmt":"2024-10-27T05:33:58","guid":{"rendered":"https:\/\/www.nogometnionline.com\/?post_type=product&#038;p=19002"},"modified":"2024-12-12T09:02:06","modified_gmt":"2024-12-12T09:02:06","slug":"moski-nogometni-dresi-za-nogomet-rb-leipzig-gostujoci-2024-2025-xavi-simons-10","status":"publish","type":"product","link":"https:\/\/www.nogometnizaotroke.com\/ro\/product\/moski-nogometni-dresi-za-nogomet-rb-leipzig-gostujoci-2024-2025-xavi-simons-10\/","title":{"rendered":"Tricouri de fotbal pentru b\u0103rba\u021bi RB Leipzig Away 2024-2025 Xavi Simons 10"},"content":{"rendered":"<p>Tricoul de deplasare RB Leipzig 2024-25 are un design elegant pentru un club de\u021binut de Red Bulls. Acesta combin\u0103 dou\u0103 nuan\u021be de ro\u0219u \u00eentr-un model unic, cu toate logo-urile \u00een alb. designul tricoului de deplasare Leipzig 24-25 simbolizeaz\u0103 clubul \"Unstoppable\". stema clubului din tricoul de deplasare RB Leipzig 2024-25 este alb\u0103 pe un fundal ro\u0219u-maroniu, realizat\u0103 din TPU de \u00eenalt\u0103 calitate cu efect 3D. Gulerul este ro\u0219u aprins \u0219i are o inser\u021bie castanie pe partea din fa\u021b\u0103.<\/p>\n<p>Sfaturi pentru \u0219osete: tricoul nu include \u0219osete \u00een mod implicit. Dac\u0103 dori\u021bi \u0219osete, selecta\u021bi op\u021biunile pentru \u0219osete pentru a pl\u0103ti pentru ele.<\/p>\n<p>Sfat de imprimare: Dac\u0103 numele \u0219i num\u0103rul din imagine sunt exact ceea ce dori\u021bi, nu trebuie s\u0103 le introduce\u021bi din nou. Dac\u0103 nu este a\u0219a, introduce\u021bi numele \u0219i num\u0103rul dorite.<\/p>\n<p>Sfat de sp\u0103lare: Se recomand\u0103 sp\u0103larea manual\u0103 a tricourilor de fotbal. Dac\u0103 dori\u021bi s\u0103 utiliza\u021bi o ma\u0219in\u0103 de sp\u0103lat, nu uita\u021bi s\u0103 \u00eentoarce\u021bi tricoul \u0219i apoi s\u0103-l sp\u0103la\u021bi. \u0218i umple\u021bi ma\u0219ina cu ap\u0103 rece \u0219i folosi\u021bi un ciclu de sp\u0103lare delicat pentru a proteja mai mult culorile.<\/p>","protected":false},"excerpt":{"rendered":"<p>Gostujo\u010di dresi RB Leipzig 2024-25 ima eleganten dizajn za klub v lasti Red Bulls. Zdru\u017euje dva odtenka rde\u010de v edinstvenem vzorcu z vsemi logotipi v beli barvi.Dizajn gostujo\u010dega dresa Leipziga 24-25 simbolizira klub \u201cUnstoppable\u201d.Klubski grb gostujo\u010dega dresa RB Leipzig 2024-25 je bel na rde\u010de-rjavi podlagi, izdelan iz visokokakovostnega TPU s 3D u\u010dinkom. Ovratnica je \u017eivo [&hellip;]<\/p>","protected":false},"featured_media":19005,"comment_status":"open","ping_status":"closed","template":"","meta":[],"product_brand":[],"product_cat":[140,62],"product_tag":[150,153,555,1193,554,545,148,1192,199,1436],"class_list":{"0":"post-19002","1":"product","2":"type-product","3":"status-publish","4":"has-post-thumbnail","6":"product_cat-moski","7":"product_cat-nogometni-dresi-rb-leipzig","8":"product_tag-moski-nogometni-dresi","9":"product_tag-nogometni-dresi","10":"product_tag-nogometni-dresi-rb-leipzig-prodaja","11":"product_tag-nogometni-dresi-rb-leipzig-z-lastnim-imenom","12":"product_tag-nogometni-dresi-rb-leipzig-z-lastnim-tiskom","13":"product_tag-nogometni-dresi-slovenija","14":"product_tag-poceni-nogometni-dresi","15":"product_tag-poceni-nogometni-dresi-rb-leipzig","16":"product_tag-poceni-nogometni-dresi-rb-leipzig-z-lastnim-imenom-online","17":"product_tag-xavi-simons-dresi","19":"first","20":"instock","21":"shipping-taxable","22":"purchasable","23":"product-type-variable"},"_links":{"self":[{"href":"https:\/\/www.nogometnizaotroke.com\/ro\/wp-json\/wp\/v2\/product\/19002","targetHints":{"allow":["GET"]}}],"collection":[{"href":"https:\/\/www.nogometnizaotroke.com\/ro\/wp-json\/wp\/v2\/product"}],"about":[{"href":"https:\/\/www.nogometnizaotroke.com\/ro\/wp-json\/wp\/v2\/types\/product"}],"replies":[{"embeddable":true,"href":"https:\/\/www.nogometnizaotroke.com\/ro\/wp-json\/wp\/v2\/comments?post=19002"}],"wp:featuredmedia":[{"embeddable":true,"href":"https:\/\/www.nogometnizaotroke.com\/ro\/wp-json\/wp\/v2\/media\/19005"}],"wp:attachment":[{"href":"https:\/\/www.nogometnizaotroke.com\/ro\/wp-json\/wp\/v2\/media?parent=19002"}],"wp:term":[{"taxonomy":"product_brand","embeddable":true,"href":"https:\/\/www.nogometnizaotroke.com\/ro\/wp-json\/wp\/v2\/product_brand?post=19002"},{"taxonomy":"product_cat","embeddable":true,"href":"https:\/\/www.nogometnizaotroke.com\/ro\/wp-json\/wp\/v2\/product_cat?post=19002"},{"taxonomy":"product_tag","embeddable":true,"href":"https:\/\/www.nogometnizaotroke.com\/ro\/wp-json\/wp\/v2\/product_tag?post=19002"}],"curies":[{"name":"wp","href":"https:\/\/api.w.org\/{rel}","templated":true}]}}