{"id":18530,"date":"2024-10-17T08:34:58","date_gmt":"2024-10-17T08:34:58","guid":{"rendered":"https:\/\/www.nogometnionline.com\/?post_type=product&#038;p=18530"},"modified":"2024-10-17T08:35:03","modified_gmt":"2024-10-17T08:35:03","slug":"moski-nogometni-dresi-kompleti-tottenham-hotspur-domaci-2024-25-richarlison-andrade-9","status":"publish","type":"product","link":"https:\/\/www.nogometnizaotroke.com\/ro\/product\/moski-nogometni-dresi-kompleti-tottenham-hotspur-domaci-2024-25-richarlison-andrade-9\/","title":{"rendered":"Tricouri de fotbal pentru b\u0103rba\u021bi Kituri Tottenham Hotspur Home 2024-25 Richarlison Andrade 9"},"content":{"rendered":"<p>Tottenham Hotspur Home 2024-2025 este excep\u021bional - combin\u0103 o baz\u0103 alb\u0103 cu mult mai mult albastru marin dec\u00e2t de obicei. M\u00e2necile, p\u0103r\u021bile laterale \u0219i gulerul sunt albastru marin. Oficial, culorile tricoului de cas\u0103 Tottenham Hotspur 24-25 sunt \"alb\/navy blue\/navy blue\". Man\u0219etele tricoului de cas\u0103 Tottenham 24-25 au o bordur\u0103 alb marin.<\/p>\n<p>Sfaturi pentru \u0219osete: tricoul nu include \u0219osete \u00een mod implicit. Dac\u0103 dori\u021bi \u0219osete, selecta\u021bi op\u021biunile pentru \u0219osete pentru a pl\u0103ti pentru ele.<\/p>\n<p>Sfat de imprimare: Dac\u0103 numele \u0219i num\u0103rul din imagine sunt exact ceea ce dori\u021bi, nu trebuie s\u0103 le introduce\u021bi din nou. Dac\u0103 nu este a\u0219a, introduce\u021bi numele \u0219i num\u0103rul dorite.<\/p>\n<p>Sfat de sp\u0103lare: Se recomand\u0103 sp\u0103larea manual\u0103 a tricourilor de fotbal. Dac\u0103 dori\u021bi s\u0103 utiliza\u021bi o ma\u0219in\u0103 de sp\u0103lat, nu uita\u021bi s\u0103 \u00eentoarce\u021bi tricoul \u0219i apoi s\u0103-l sp\u0103la\u021bi. \u0218i umple\u021bi ma\u0219ina cu ap\u0103 rece \u0219i folosi\u021bi un ciclu de sp\u0103lare delicat pentru a proteja mai mult culorile.<\/p>","protected":false},"excerpt":{"rendered":"<p>Tottenham Hotspur Doma\u010di 2024-2025 je izjemen \u2013 zdru\u017euje belo osnovo z veliko ve\u010d mornarice kot obi\u010dajno. Rokavi, stranski deli in ovratnik so mornarsko modri. Uradno so barve doma\u010dega dresa Tottenham Hotspur 24-25 \u201cbela\/dvojno modra\/dvojno modra\u201d. Man\u0161ete rokavov doma\u010de opreme Tottenham 24-25 so opremljene z mornarsko belimi robovi. Nasveti za nogavice: Majica ne vsebuje nogavic privzeto. [&hellip;]<\/p>","protected":false},"featured_media":18532,"comment_status":"open","ping_status":"closed","template":"","meta":[],"product_brand":[],"product_cat":[140,42],"product_tag":[545,547,546,768,148,952,1419],"class_list":{"0":"post-18530","1":"product","2":"type-product","3":"status-publish","4":"has-post-thumbnail","6":"product_cat-moski","7":"product_cat-nogometni-dresi-tottenham-hotspur","8":"product_tag-nogometni-dresi-slovenija","9":"product_tag-nogometni-dresi-tottenham-hotspur-prodaja","10":"product_tag-nogometni-dresi-tottenham-hotspur-z-lastnim-tiskom","11":"product_tag-poceni-moski-nogometni-dresi","12":"product_tag-poceni-nogometni-dresi","13":"product_tag-poceni-nogometni-dresi-tottenham-hotspur","14":"product_tag-richarlison-andrade-dresi","16":"first","17":"instock","18":"shipping-taxable","19":"purchasable","20":"product-type-variable"},"_links":{"self":[{"href":"https:\/\/www.nogometnizaotroke.com\/ro\/wp-json\/wp\/v2\/product\/18530","targetHints":{"allow":["GET"]}}],"collection":[{"href":"https:\/\/www.nogometnizaotroke.com\/ro\/wp-json\/wp\/v2\/product"}],"about":[{"href":"https:\/\/www.nogometnizaotroke.com\/ro\/wp-json\/wp\/v2\/types\/product"}],"replies":[{"embeddable":true,"href":"https:\/\/www.nogometnizaotroke.com\/ro\/wp-json\/wp\/v2\/comments?post=18530"}],"wp:featuredmedia":[{"embeddable":true,"href":"https:\/\/www.nogometnizaotroke.com\/ro\/wp-json\/wp\/v2\/media\/18532"}],"wp:attachment":[{"href":"https:\/\/www.nogometnizaotroke.com\/ro\/wp-json\/wp\/v2\/media?parent=18530"}],"wp:term":[{"taxonomy":"product_brand","embeddable":true,"href":"https:\/\/www.nogometnizaotroke.com\/ro\/wp-json\/wp\/v2\/product_brand?post=18530"},{"taxonomy":"product_cat","embeddable":true,"href":"https:\/\/www.nogometnizaotroke.com\/ro\/wp-json\/wp\/v2\/product_cat?post=18530"},{"taxonomy":"product_tag","embeddable":true,"href":"https:\/\/www.nogometnizaotroke.com\/ro\/wp-json\/wp\/v2\/product_tag?post=18530"}],"curies":[{"name":"wp","href":"https:\/\/api.w.org\/{rel}","templated":true}]}}