{"id":18322,"date":"2024-10-11T02:47:10","date_gmt":"2024-10-11T02:47:10","guid":{"rendered":"https:\/\/www.nogometnionline.com\/?post_type=product&#038;p=18322"},"modified":"2024-10-11T02:47:17","modified_gmt":"2024-10-11T02:47:17","slug":"moski-nogometni-dresi-kompleti-chelsea-domaci-2024-2025-z-lastnim-imenom-online","status":"publish","type":"product","link":"https:\/\/www.nogometnizaotroke.com\/ro\/product\/moski-nogometni-dresi-kompleti-chelsea-domaci-2024-2025-z-lastnim-imenom-online\/","title":{"rendered":"Kituri de fotbal pentru b\u0103rba\u021bi Chelsea Home 2024-2025 cu propriul nume online"},"content":{"rendered":"<p>Tricoul Chelsea FC 24-25 este primul din istoria clubului care combin\u0103 culorile tradi\u021bionale albastru \u0219i portocaliu cu alb. Logo-urile tricourilor de cas\u0103 Chelsea 24-25 sunt albastru deschis \u0219i m\u0103rginite de \"Team Orange\". Ambele au un efect 3D. designul ondulat iese \u00een eviden\u021b\u0103, amintind oarecum de un efect de val de spum\u0103.<\/p>\n<p>Sfaturi pentru \u0219osete: tricoul nu include \u0219osete \u00een mod implicit. Dac\u0103 dori\u021bi \u0219osete, selecta\u021bi op\u021biunile pentru \u0219osete pentru a pl\u0103ti pentru ele.<\/p>\n<p>Sfat de imprimare: Dac\u0103 numele \u0219i num\u0103rul din imagine sunt exact ceea ce dori\u021bi, nu trebuie s\u0103 le introduce\u021bi din nou. Dac\u0103 nu este a\u0219a, introduce\u021bi numele \u0219i num\u0103rul dorite.<\/p>\n<p>Sfat de sp\u0103lare: Se recomand\u0103 sp\u0103larea manual\u0103 a tricourilor de fotbal. Dac\u0103 dori\u021bi s\u0103 utiliza\u021bi o ma\u0219in\u0103 de sp\u0103lat, nu uita\u021bi s\u0103 \u00eentoarce\u021bi tricoul \u0219i apoi s\u0103-l sp\u0103la\u021bi. \u0218i umple\u021bi ma\u0219ina cu ap\u0103 rece \u0219i folosi\u021bi un ciclu de sp\u0103lare delicat pentru a proteja mai mult culorile.<\/p>","protected":false},"excerpt":{"rendered":"<p>Dres Chelsea FC 24-25 je prvi v zgodovini kluba, ki zdru\u017euje tradicionalno modro in belo-oran\u017eno barvo. Logotipi doma\u010de opreme Chelsea 24-25 so svetlo modri in obrobljeni z \u201cTeam Orange\u201d. Oba imata 3D u\u010dinek.Izstopa valovit dizajn, ki nekoliko spominja na u\u010dinek penastega vala. Nasveti za nogavice: Majica ne vsebuje nogavic privzeto. \u010ce \u017eelite nogavice, izberite mo\u017enosti [&hellip;]<\/p>","protected":false},"featured_media":18324,"comment_status":"open","ping_status":"closed","template":"","meta":[],"product_brand":[],"product_cat":[140,43],"product_tag":[281,150,282,1036,148,647,165,147],"class_list":{"0":"post-18322","1":"product","2":"type-product","3":"status-publish","4":"has-post-thumbnail","6":"product_cat-moski","7":"product_cat-nogometni-dresi-chelsea","8":"product_tag-dresi-chelsea-za-otroke","9":"product_tag-moski-nogometni-dresi","10":"product_tag-otroski-dresi-chelsea-z-lastnim-imenom","11":"product_tag-otroski-nogometni-dresi-chelsea","12":"product_tag-poceni-nogometni-dresi","13":"product_tag-poceni-nogometni-dresi-otroski-z-lastnim-imenom-online","14":"product_tag-poceni-otroski-nogometni-dresi-chelsea-z-lastnim-imenom","15":"product_tag-slovenski-nogometni-dresi","17":"first","18":"instock","19":"shipping-taxable","20":"purchasable","21":"product-type-variable"},"_links":{"self":[{"href":"https:\/\/www.nogometnizaotroke.com\/ro\/wp-json\/wp\/v2\/product\/18322","targetHints":{"allow":["GET"]}}],"collection":[{"href":"https:\/\/www.nogometnizaotroke.com\/ro\/wp-json\/wp\/v2\/product"}],"about":[{"href":"https:\/\/www.nogometnizaotroke.com\/ro\/wp-json\/wp\/v2\/types\/product"}],"replies":[{"embeddable":true,"href":"https:\/\/www.nogometnizaotroke.com\/ro\/wp-json\/wp\/v2\/comments?post=18322"}],"wp:featuredmedia":[{"embeddable":true,"href":"https:\/\/www.nogometnizaotroke.com\/ro\/wp-json\/wp\/v2\/media\/18324"}],"wp:attachment":[{"href":"https:\/\/www.nogometnizaotroke.com\/ro\/wp-json\/wp\/v2\/media?parent=18322"}],"wp:term":[{"taxonomy":"product_brand","embeddable":true,"href":"https:\/\/www.nogometnizaotroke.com\/ro\/wp-json\/wp\/v2\/product_brand?post=18322"},{"taxonomy":"product_cat","embeddable":true,"href":"https:\/\/www.nogometnizaotroke.com\/ro\/wp-json\/wp\/v2\/product_cat?post=18322"},{"taxonomy":"product_tag","embeddable":true,"href":"https:\/\/www.nogometnizaotroke.com\/ro\/wp-json\/wp\/v2\/product_tag?post=18322"}],"curies":[{"name":"wp","href":"https:\/\/api.w.org\/{rel}","templated":true}]}}