{"id":18195,"date":"2024-10-10T08:09:26","date_gmt":"2024-10-10T08:09:26","guid":{"rendered":"https:\/\/www.nogometnionline.com\/?post_type=product&#038;p=18195"},"modified":"2024-10-10T08:09:32","modified_gmt":"2024-10-10T08:09:32","slug":"moski-nogometni-dresi-kompleti-manchester-city-domaci-2024-2025-mateo-kovacic-8","status":"publish","type":"product","link":"https:\/\/www.nogometnizaotroke.com\/ro\/product\/moski-nogometni-dresi-kompleti-manchester-city-domaci-2024-2025-mateo-kovacic-8\/","title":{"rendered":"Tricouri de fotbal pentru b\u0103rba\u021bi Manchester City Home Kits 2024-2025 Mateo Kovacic 8"},"content":{"rendered":"<p>Conceput \u00een albastru ciel, bazat \u00een mod ironic pe schema de culori de acas\u0103 a lui Man City, acest tricou prezint\u0103 un nou design inspirat de indicativul \"0161\" care acoper\u0103 centrul ora\u0219ului Manchester City. Tricoul albastru cer este accentuat cu inser\u021bii marine \u0219i o grafic\u0103 unic\u0103 de camuflaj \u00een stil graffiti care utilizeaz\u0103 numerele \"0161\" \u00een jurul gulerului \u0219i man\u0219etelor de pe m\u00e2neci. Insigna Manchester City \u0219i logo-ul Puma sunt brodate pe partea din fa\u021b\u0103 a tricoului, iar logo-ul sponsorului este, de asemenea, imprimat.<\/p>\n<p>Perfect pentru to\u021bi tinerii fani Man City, acest tricou de cas\u0103 este ideal pentru a-\u021bi ar\u0103ta loialitatea fa\u021b\u0103 de echip\u0103. Are m\u00e2neci scurte, un guler cu nervuri \u0219i o croial\u0103 standard pentru un confort optim. \u00cen tinere\u021bea fotbalistului Dean, acest tricou este fabricat din cel pu\u021bin 95 de poliester reciclat %, are canale de ventila\u021bie din plas\u0103 \u0219i un agent distinctiv Duracell de gestionare a transpira\u021biei pentru a men\u021bine tinerii juc\u0103tori r\u0103coro\u0219i \u0219i usca\u021bi.<\/p>\n<p>Sfaturi pentru \u0219osete: tricoul nu include \u0219osete \u00een mod implicit. Dac\u0103 dori\u021bi \u0219osete, selecta\u021bi op\u021biunile pentru \u0219osete pentru a pl\u0103ti pentru ele.<\/p>\n<p>Sfat de imprimare: Dac\u0103 numele \u0219i num\u0103rul din imagine sunt exact ceea ce dori\u021bi, nu trebuie s\u0103 le introduce\u021bi din nou. Dac\u0103 nu este a\u0219a, introduce\u021bi numele \u0219i num\u0103rul dorite.<\/p>\n<p>Sfat de sp\u0103lare: Se recomand\u0103 sp\u0103larea manual\u0103 a tricourilor de fotbal. Dac\u0103 dori\u021bi s\u0103 utiliza\u021bi o ma\u0219in\u0103 de sp\u0103lat, nu uita\u021bi s\u0103 \u00eentoarce\u021bi tricoul \u0219i apoi s\u0103-l sp\u0103la\u021bi. \u0218i umple\u021bi ma\u0219ina cu ap\u0103 rece \u0219i folosi\u021bi un ciclu de sp\u0103lare delicat pentru a proteja mai mult culorile.<\/p>","protected":false},"excerpt":{"rendered":"<p>Ta majica, oblikovana v nebesno modri barvi po ironi\u010dni doma\u010di barvni shemi Man City, ima nov dizajn, ki ga je navdihnila klicna koda \u20180161\u2019, ki pokriva sredi\u0161\u010de Manchester City. Nebe\u0161ko moder dres je poudarjen z mornarskimi vstavki in edinstveno maskirno grafiko v slogu grafitov, ki uporablja \u0161tevilke \u20180161\u2019 okoli ovratnika in man\u0161et na rokavih. Na [&hellip;]<\/p>","protected":false},"featured_media":18197,"comment_status":"open","ping_status":"closed","template":"","meta":[],"product_brand":[],"product_cat":[140,44],"product_tag":[483,883,938,1401,150,153,1176,148,1175,147],"class_list":{"0":"post-18195","1":"product","2":"type-product","3":"status-publish","4":"has-post-thumbnail","6":"product_cat-moski","7":"product_cat-nogometni-dresi-manchester-city","8":"product_tag-dresi-manchester-city-za-otroke","9":"product_tag-manchester-city-dresi-2024","10":"product_tag-manchester-city-z-lastnim-imenom-online","11":"product_tag-mateo-kovacic-dresi","12":"product_tag-moski-nogometni-dresi","13":"product_tag-nogometni-dresi","14":"product_tag-nogometni-dresi-manchester-city-z-lastnim-imenom","15":"product_tag-poceni-nogometni-dresi","16":"product_tag-poceni-nogometni-dresi-manchester-city","17":"product_tag-slovenski-nogometni-dresi","19":"first","20":"instock","21":"shipping-taxable","22":"purchasable","23":"product-type-variable"},"_links":{"self":[{"href":"https:\/\/www.nogometnizaotroke.com\/ro\/wp-json\/wp\/v2\/product\/18195","targetHints":{"allow":["GET"]}}],"collection":[{"href":"https:\/\/www.nogometnizaotroke.com\/ro\/wp-json\/wp\/v2\/product"}],"about":[{"href":"https:\/\/www.nogometnizaotroke.com\/ro\/wp-json\/wp\/v2\/types\/product"}],"replies":[{"embeddable":true,"href":"https:\/\/www.nogometnizaotroke.com\/ro\/wp-json\/wp\/v2\/comments?post=18195"}],"wp:featuredmedia":[{"embeddable":true,"href":"https:\/\/www.nogometnizaotroke.com\/ro\/wp-json\/wp\/v2\/media\/18197"}],"wp:attachment":[{"href":"https:\/\/www.nogometnizaotroke.com\/ro\/wp-json\/wp\/v2\/media?parent=18195"}],"wp:term":[{"taxonomy":"product_brand","embeddable":true,"href":"https:\/\/www.nogometnizaotroke.com\/ro\/wp-json\/wp\/v2\/product_brand?post=18195"},{"taxonomy":"product_cat","embeddable":true,"href":"https:\/\/www.nogometnizaotroke.com\/ro\/wp-json\/wp\/v2\/product_cat?post=18195"},{"taxonomy":"product_tag","embeddable":true,"href":"https:\/\/www.nogometnizaotroke.com\/ro\/wp-json\/wp\/v2\/product_tag?post=18195"}],"curies":[{"name":"wp","href":"https:\/\/api.w.org\/{rel}","templated":true}]}}