{"id":18135,"date":"2024-10-10T03:22:43","date_gmt":"2024-10-10T03:22:43","guid":{"rendered":"https:\/\/www.nogometnionline.com\/?post_type=product&#038;p=18135"},"modified":"2024-10-10T03:22:49","modified_gmt":"2024-10-10T03:22:49","slug":"moski-nogometni-dresi-kompleti-manchester-city-tretji-2024-2025-jeremy-doku-11","status":"publish","type":"product","link":"https:\/\/www.nogometnizaotroke.com\/ro\/product\/moski-nogometni-dresi-kompleti-manchester-city-tretji-2024-2025-jeremy-doku-11\/","title":{"rendered":"Tricouri de fotbal pentru b\u0103rba\u021bi Kituri Manchester City Third 2024-2025 Jeremy Doku 11"},"content":{"rendered":"<p>Tricouri Manchester City away 24-25 cu logo-uri aurii str\u0103lucitoare. Partea din fa\u021b\u0103 prezint\u0103 un design grafic mare \u00een burgundia mai \u00eenchis\u0103, inspirat de elemente ale stemei Manchester City, reprezent\u00e2nd trecutul, prezentul \u0219i viitorul clubului.<\/p>\n<p>Sfaturi pentru \u0219osete: tricoul nu include \u0219osete \u00een mod implicit. Dac\u0103 dori\u021bi \u0219osete, selecta\u021bi op\u021biunile pentru \u0219osete pentru a pl\u0103ti pentru ele.<\/p>\n<p>Sfat de imprimare: Dac\u0103 numele \u0219i num\u0103rul din imagine sunt exact ceea ce dori\u021bi, nu trebuie s\u0103 le introduce\u021bi din nou. Dac\u0103 nu este a\u0219a, introduce\u021bi numele \u0219i num\u0103rul dorite.<\/p>\n<p>Sfat de sp\u0103lare: Se recomand\u0103 sp\u0103larea manual\u0103 a tricourilor de fotbal. Dac\u0103 dori\u021bi s\u0103 utiliza\u021bi o ma\u0219in\u0103 de sp\u0103lat, nu uita\u021bi s\u0103 \u00eentoarce\u021bi tricoul \u0219i apoi s\u0103-l sp\u0103la\u021bi. \u0218i umple\u021bi ma\u0219ina cu ap\u0103 rece \u0219i folosi\u021bi un ciclu de sp\u0103lare delicat pentru a proteja mai mult culorile.<\/p>","protected":false},"excerpt":{"rendered":"<p>Gostujo\u010di dresi Manchester City 24-25 s svetlo zlatimi logotipi. Na sprednji strani je velik grafi\u010dni dizajn v temneje bordo barvi, navdihnjen z elementi grba Manchester City, ki predstavlja preteklost, sedanjost in prihodnost kluba. Nasveti za nogavice: Majica ne vsebuje nogavic privzeto. \u010ce \u017eelite nogavice, izberite mo\u017enosti nogavic, da jih pla\u010date. Nasveti za tiskom: \u010ce sta [&hellip;]<\/p>","protected":false},"featured_media":18137,"comment_status":"open","ping_status":"closed","template":"","meta":[],"product_brand":[],"product_cat":[140,44],"product_tag":[483,1364,883,938,150,153,1176,148,1175,147],"class_list":{"0":"post-18135","1":"product","2":"type-product","3":"status-publish","4":"has-post-thumbnail","6":"product_cat-moski","7":"product_cat-nogometni-dresi-manchester-city","8":"product_tag-dresi-manchester-city-za-otroke","9":"product_tag-jeremy-doku-dresi","10":"product_tag-manchester-city-dresi-2024","11":"product_tag-manchester-city-z-lastnim-imenom-online","12":"product_tag-moski-nogometni-dresi","13":"product_tag-nogometni-dresi","14":"product_tag-nogometni-dresi-manchester-city-z-lastnim-imenom","15":"product_tag-poceni-nogometni-dresi","16":"product_tag-poceni-nogometni-dresi-manchester-city","17":"product_tag-slovenski-nogometni-dresi","19":"first","20":"instock","21":"shipping-taxable","22":"purchasable","23":"product-type-variable"},"_links":{"self":[{"href":"https:\/\/www.nogometnizaotroke.com\/ro\/wp-json\/wp\/v2\/product\/18135","targetHints":{"allow":["GET"]}}],"collection":[{"href":"https:\/\/www.nogometnizaotroke.com\/ro\/wp-json\/wp\/v2\/product"}],"about":[{"href":"https:\/\/www.nogometnizaotroke.com\/ro\/wp-json\/wp\/v2\/types\/product"}],"replies":[{"embeddable":true,"href":"https:\/\/www.nogometnizaotroke.com\/ro\/wp-json\/wp\/v2\/comments?post=18135"}],"wp:featuredmedia":[{"embeddable":true,"href":"https:\/\/www.nogometnizaotroke.com\/ro\/wp-json\/wp\/v2\/media\/18137"}],"wp:attachment":[{"href":"https:\/\/www.nogometnizaotroke.com\/ro\/wp-json\/wp\/v2\/media?parent=18135"}],"wp:term":[{"taxonomy":"product_brand","embeddable":true,"href":"https:\/\/www.nogometnizaotroke.com\/ro\/wp-json\/wp\/v2\/product_brand?post=18135"},{"taxonomy":"product_cat","embeddable":true,"href":"https:\/\/www.nogometnizaotroke.com\/ro\/wp-json\/wp\/v2\/product_cat?post=18135"},{"taxonomy":"product_tag","embeddable":true,"href":"https:\/\/www.nogometnizaotroke.com\/ro\/wp-json\/wp\/v2\/product_tag?post=18135"}],"curies":[{"name":"wp","href":"https:\/\/api.w.org\/{rel}","templated":true}]}}