{"id":18092,"date":"2024-10-09T08:18:53","date_gmt":"2024-10-09T08:18:53","guid":{"rendered":"https:\/\/www.nogometnionline.com\/?post_type=product&#038;p=18092"},"modified":"2024-10-09T08:18:58","modified_gmt":"2024-10-09T08:18:58","slug":"moski-nogometni-dresi-kompleti-manchester-city-gostujoci-2024-25-z-lastnim-tiskom","status":"publish","type":"product","link":"https:\/\/www.nogometnizaotroke.com\/ro\/product\/moski-nogometni-dresi-kompleti-manchester-city-gostujoci-2024-25-z-lastnim-tiskom\/","title":{"rendered":"Kituri de fotbal pentru b\u0103rba\u021bi Manchester City Away 2024-25 cu imprimare personalizat\u0103"},"content":{"rendered":"<p>Noul Manchester City away fixture 24-25 este un tribut adus echipei Manchester City 98-99. Este albastru marin cu dungi galben fluo, cu dungi albastru cer \u00eentre ele. pe interiorul gulerului este un marcaj special pentru 30 mai 1999. \u00cen acea zi, Manchester City a c\u00e2\u0219tigat finala play-off-ului Football League Division Two 1999 \u0219i a fost promovat\u0103 \u00een League Two. Echipa a purtat faimosul tricou cu dungi.<\/p>\n<p>Sfaturi pentru \u0219osete: tricoul nu include \u0219osete \u00een mod implicit. Dac\u0103 dori\u021bi \u0219osete, selecta\u021bi op\u021biunile pentru \u0219osete pentru a pl\u0103ti pentru ele.<\/p>\n<p>Sfat de imprimare: Dac\u0103 numele \u0219i num\u0103rul din imagine sunt exact ceea ce dori\u021bi, nu trebuie s\u0103 le introduce\u021bi din nou. Dac\u0103 nu este a\u0219a, introduce\u021bi numele \u0219i num\u0103rul dorite.<\/p>\n<p>Sfat de sp\u0103lare: Se recomand\u0103 sp\u0103larea manual\u0103 a tricourilor de fotbal. Dac\u0103 dori\u021bi s\u0103 utiliza\u021bi o ma\u0219in\u0103 de sp\u0103lat, nu uita\u021bi s\u0103 \u00eentoarce\u021bi tricoul \u0219i apoi s\u0103-l sp\u0103la\u021bi. \u0218i umple\u021bi ma\u0219ina cu ap\u0103 rece \u0219i folosi\u021bi un ciclu de sp\u0103lare delicat pentru a proteja mai mult culorile.<\/p>","protected":false},"excerpt":{"rendered":"<p>Nova Gostujo\u010di oprema Manchester City 24-25 je poklon ekipi Manchester City v gosteh 98-99. Je mornarsko modre barve s fluo rumenimi \u010drtami, vmes pa so nebesno modre \u010drte.Na notranji strani ovratnika je posebna oznaka za 30. maj 1999. Na ta dan je Manchester City zmagal v finalu kon\u010dnice druge lige Football League 1999 in napredoval [&hellip;]<\/p>","protected":false},"featured_media":18094,"comment_status":"open","ping_status":"closed","template":"","meta":[],"product_brand":[],"product_cat":[140,44],"product_tag":[483,883,938,150,153,1176,148,1175,147],"class_list":{"0":"post-18092","1":"product","2":"type-product","3":"status-publish","4":"has-post-thumbnail","6":"product_cat-moski","7":"product_cat-nogometni-dresi-manchester-city","8":"product_tag-dresi-manchester-city-za-otroke","9":"product_tag-manchester-city-dresi-2024","10":"product_tag-manchester-city-z-lastnim-imenom-online","11":"product_tag-moski-nogometni-dresi","12":"product_tag-nogometni-dresi","13":"product_tag-nogometni-dresi-manchester-city-z-lastnim-imenom","14":"product_tag-poceni-nogometni-dresi","15":"product_tag-poceni-nogometni-dresi-manchester-city","16":"product_tag-slovenski-nogometni-dresi","18":"first","19":"instock","20":"shipping-taxable","21":"purchasable","22":"product-type-variable"},"_links":{"self":[{"href":"https:\/\/www.nogometnizaotroke.com\/ro\/wp-json\/wp\/v2\/product\/18092","targetHints":{"allow":["GET"]}}],"collection":[{"href":"https:\/\/www.nogometnizaotroke.com\/ro\/wp-json\/wp\/v2\/product"}],"about":[{"href":"https:\/\/www.nogometnizaotroke.com\/ro\/wp-json\/wp\/v2\/types\/product"}],"replies":[{"embeddable":true,"href":"https:\/\/www.nogometnizaotroke.com\/ro\/wp-json\/wp\/v2\/comments?post=18092"}],"wp:featuredmedia":[{"embeddable":true,"href":"https:\/\/www.nogometnizaotroke.com\/ro\/wp-json\/wp\/v2\/media\/18094"}],"wp:attachment":[{"href":"https:\/\/www.nogometnizaotroke.com\/ro\/wp-json\/wp\/v2\/media?parent=18092"}],"wp:term":[{"taxonomy":"product_brand","embeddable":true,"href":"https:\/\/www.nogometnizaotroke.com\/ro\/wp-json\/wp\/v2\/product_brand?post=18092"},{"taxonomy":"product_cat","embeddable":true,"href":"https:\/\/www.nogometnizaotroke.com\/ro\/wp-json\/wp\/v2\/product_cat?post=18092"},{"taxonomy":"product_tag","embeddable":true,"href":"https:\/\/www.nogometnizaotroke.com\/ro\/wp-json\/wp\/v2\/product_tag?post=18092"}],"curies":[{"name":"wp","href":"https:\/\/api.w.org\/{rel}","templated":true}]}}