{"id":17896,"date":"2024-10-04T03:39:31","date_gmt":"2024-10-04T03:39:31","guid":{"rendered":"https:\/\/www.nogometnionline.com\/?post_type=product&#038;p=17896"},"modified":"2024-10-04T03:39:36","modified_gmt":"2024-10-04T03:39:36","slug":"otroski-nogometni-dresi-za-otroke-argentina-gostujoci-copa-america-2024-alexis-mac-allister-20","status":"publish","type":"product","link":"https:\/\/www.nogometnizaotroke.com\/ro\/product\/otroski-nogometni-dresi-za-otroke-argentina-gostujoci-copa-america-2024-alexis-mac-allister-20\/","title":{"rendered":"Tricouri de fotbal pentru copii Argentina Away Copa America 2024 Alexis Mac Allister 20"},"content":{"rendered":"<p>Tricoul de deplasare al Argentinei 2024 pentru Copa America are o baz\u0103 albastru regal \u0219i culorile drapelului argentinian. Albastrul cerului iese \u00een eviden\u021b\u0103, iar tricoul aminte\u0219te de Cupa Mondial\u0103 din 2006 \u0219i de vechile tricouri ale Argentinei, cu un albastru de baz\u0103 similar cu cel din anii '90. La fel ca celelalte tricouri din acest an, placa \u00een form\u0103 de lacrim\u0103 de pe lateral seam\u0103n\u0103 cu partea de sus a tricoului de deplasare al campioanei mondiale.<\/p>\n<p>Sfaturi pentru \u0219osete: tricoul nu include \u0219osete \u00een mod implicit. Dac\u0103 dori\u021bi \u0219osete, selecta\u021bi op\u021biunile pentru \u0219osete pentru a pl\u0103ti pentru ele.<\/p>\n<p>Sfat de imprimare: Dac\u0103 numele \u0219i num\u0103rul din imagine sunt exact ceea ce dori\u021bi, nu trebuie s\u0103 le introduce\u021bi din nou. Dac\u0103 nu este a\u0219a, introduce\u021bi numele \u0219i num\u0103rul dorite.<\/p>\n<p>Sfat de sp\u0103lare: Se recomand\u0103 sp\u0103larea manual\u0103 a tricourilor de fotbal. Dac\u0103 dori\u021bi s\u0103 utiliza\u021bi o ma\u0219in\u0103 de sp\u0103lat, nu uita\u021bi s\u0103 \u00eentoarce\u021bi tricoul \u0219i apoi s\u0103-l sp\u0103la\u021bi. \u0218i umple\u021bi ma\u0219ina cu ap\u0103 rece \u0219i folosi\u021bi un ciclu de sp\u0103lare delicat pentru a proteja mai mult culorile.<\/p>","protected":false},"excerpt":{"rendered":"<p>Argentina dres 2024 za gostovanje na Copa America ima kraljevsko modro osnovo in barve argentinske zastave. Nebe\u0161ko modra izstopa, majica pa spominja na svetovno prvenstvo 2006 in stare argentinske drese, pri \u010demer je osnovna modra barva podobna tistim iz 90. let. Tako kot drugi leto\u0161nji kompleti je tudi plo\u0161\u010da, podobna solzivcu ob strani, videti kot [&hellip;]<\/p>","protected":false},"featured_media":17898,"comment_status":"open","ping_status":"closed","template":"","meta":[],"product_brand":[],"product_cat":[73,81],"product_tag":[1346,816,153,220,159,148,147],"class_list":{"0":"post-17896","1":"product","2":"type-product","3":"status-publish","4":"has-post-thumbnail","6":"product_cat-otroski","7":"product_cat-dresi-argentina-reprezentance","8":"product_tag-alexis-mac-allister-dresi","9":"product_tag-argentina-copa-america-2024-dresi","10":"product_tag-nogometni-dresi","11":"product_tag-nogometni-dresi-za-otroke","12":"product_tag-otroski-nogometni-dresi","13":"product_tag-poceni-nogometni-dresi","14":"product_tag-slovenski-nogometni-dresi","16":"first","17":"instock","18":"shipping-taxable","19":"purchasable","20":"product-type-variable"},"_links":{"self":[{"href":"https:\/\/www.nogometnizaotroke.com\/ro\/wp-json\/wp\/v2\/product\/17896","targetHints":{"allow":["GET"]}}],"collection":[{"href":"https:\/\/www.nogometnizaotroke.com\/ro\/wp-json\/wp\/v2\/product"}],"about":[{"href":"https:\/\/www.nogometnizaotroke.com\/ro\/wp-json\/wp\/v2\/types\/product"}],"replies":[{"embeddable":true,"href":"https:\/\/www.nogometnizaotroke.com\/ro\/wp-json\/wp\/v2\/comments?post=17896"}],"wp:featuredmedia":[{"embeddable":true,"href":"https:\/\/www.nogometnizaotroke.com\/ro\/wp-json\/wp\/v2\/media\/17898"}],"wp:attachment":[{"href":"https:\/\/www.nogometnizaotroke.com\/ro\/wp-json\/wp\/v2\/media?parent=17896"}],"wp:term":[{"taxonomy":"product_brand","embeddable":true,"href":"https:\/\/www.nogometnizaotroke.com\/ro\/wp-json\/wp\/v2\/product_brand?post=17896"},{"taxonomy":"product_cat","embeddable":true,"href":"https:\/\/www.nogometnizaotroke.com\/ro\/wp-json\/wp\/v2\/product_cat?post=17896"},{"taxonomy":"product_tag","embeddable":true,"href":"https:\/\/www.nogometnizaotroke.com\/ro\/wp-json\/wp\/v2\/product_tag?post=17896"}],"curies":[{"name":"wp","href":"https:\/\/api.w.org\/{rel}","templated":true}]}}