{"id":17849,"date":"2024-10-03T03:49:35","date_gmt":"2024-10-03T03:49:35","guid":{"rendered":"https:\/\/www.nogometnionline.com\/?post_type=product&#038;p=17849"},"modified":"2024-10-03T03:49:41","modified_gmt":"2024-10-03T03:49:41","slug":"moski-nogometni-dresi-komplet-argentina-gostujoci-copa-america-2024-alejandro-garnacho-17","status":"publish","type":"product","link":"https:\/\/www.nogometnizaotroke.com\/ro\/product\/moski-nogometni-dresi-komplet-argentina-gostujoci-copa-america-2024-alejandro-garnacho-17\/","title":{"rendered":"Tricouri de fotbal pentru b\u0103rba\u021bi Kit Argentina Alejandro Garnacho Away Copa America 2024 17"},"content":{"rendered":"<p>Tricoul de deplasare Argentina 2024 combin\u0103 culoarea de baz\u0103 albastru regal cu culorile drapelului argentinian, alb \u0219i albastru cer. Cele trei dungi sunt probabil albastru deschis, iar blazonul AFA este albastru cer \u0219i alb. culoarea albastr\u0103 a tricoului de deplasare Argentina 2024 este similar\u0103 cu culoarea echipelor de deplasare ale Argentinei p\u00e2n\u0103 la sf\u00e2r\u0219itul anilor 1990, \u00eenainte ca albastrul marin s\u0103 devin\u0103 alegerea comun\u0103. Insigna echipei va fi bicolor\u0103, albastru ciel \u0219i alb. ceea ce face unic tricoul de deplasare Argentina 2024 este un detaliu care evoc\u0103 amintiri de la Cupa Mondial\u0103 din 2006 - o plac\u0103 asem\u0103n\u0103toare spiritului de echip\u0103 pe lateral, cu culorile albastru ciel \u0219i alb ale steagului Argentinei. tricoul de deplasare Argentina 2006 a fost purtat de Messi c\u00e2nd \u0219i-a f\u0103cut debutul la Cupa Mondial\u0103, iar tricoul de deplasare 2024 este un omagiu clar adus acelui design.<\/p>\n<p>Sfaturi pentru \u0219osete: tricoul nu include \u0219osete \u00een mod implicit. Dac\u0103 dori\u021bi \u0219osete, selecta\u021bi op\u021biunile pentru \u0219osete pentru a pl\u0103ti pentru ele.<\/p>\n<p>Sfat de imprimare: Dac\u0103 numele \u0219i num\u0103rul din imagine sunt exact ceea ce dori\u021bi, nu trebuie s\u0103 le introduce\u021bi din nou. Dac\u0103 nu este a\u0219a, introduce\u021bi numele \u0219i num\u0103rul dorite.<\/p>\n<p>Sfat de sp\u0103lare: Se recomand\u0103 sp\u0103larea manual\u0103 a tricourilor de fotbal. Dac\u0103 dori\u021bi s\u0103 utiliza\u021bi o ma\u0219in\u0103 de sp\u0103lat, nu uita\u021bi s\u0103 \u00eentoarce\u021bi tricoul \u0219i apoi s\u0103-l sp\u0103la\u021bi. \u0218i umple\u021bi ma\u0219ina cu ap\u0103 rece \u0219i folosi\u021bi un ciclu de sp\u0103lare delicat pentru a proteja mai mult culorile.<\/p>","protected":false},"excerpt":{"rendered":"<p>Gostujo\u010di dresi Argentina reprezentance 2024 zdru\u017euje kraljevsko modro osnovno barvo z barvami argentinske zastave, belo in nebesno modro. Tri proge so verjetno svetlo modre, grb AFA je nebesno moder in bel.Modra barva dresa za goste Argentina 2024 je podobna barvi kompletov za goste Argentine do poznih 90. let, preden je mornarsko modra postala obi\u010dajna izbira. [&hellip;]<\/p>","protected":false},"featured_media":17851,"comment_status":"open","ping_status":"closed","template":"","meta":[],"product_brand":[],"product_cat":[140,81],"product_tag":[1390,840,150,153,545,148,147],"class_list":{"0":"post-17849","1":"product","2":"type-product","3":"status-publish","4":"has-post-thumbnail","6":"product_cat-moski","7":"product_cat-dresi-argentina-reprezentance","8":"product_tag-alejandro-garnacho-dresi","9":"product_tag-argentina-2024-25-dresi","10":"product_tag-moski-nogometni-dresi","11":"product_tag-nogometni-dresi","12":"product_tag-nogometni-dresi-slovenija","13":"product_tag-poceni-nogometni-dresi","14":"product_tag-slovenski-nogometni-dresi","16":"first","17":"instock","18":"shipping-taxable","19":"purchasable","20":"product-type-variable"},"_links":{"self":[{"href":"https:\/\/www.nogometnizaotroke.com\/ro\/wp-json\/wp\/v2\/product\/17849","targetHints":{"allow":["GET"]}}],"collection":[{"href":"https:\/\/www.nogometnizaotroke.com\/ro\/wp-json\/wp\/v2\/product"}],"about":[{"href":"https:\/\/www.nogometnizaotroke.com\/ro\/wp-json\/wp\/v2\/types\/product"}],"replies":[{"embeddable":true,"href":"https:\/\/www.nogometnizaotroke.com\/ro\/wp-json\/wp\/v2\/comments?post=17849"}],"wp:featuredmedia":[{"embeddable":true,"href":"https:\/\/www.nogometnizaotroke.com\/ro\/wp-json\/wp\/v2\/media\/17851"}],"wp:attachment":[{"href":"https:\/\/www.nogometnizaotroke.com\/ro\/wp-json\/wp\/v2\/media?parent=17849"}],"wp:term":[{"taxonomy":"product_brand","embeddable":true,"href":"https:\/\/www.nogometnizaotroke.com\/ro\/wp-json\/wp\/v2\/product_brand?post=17849"},{"taxonomy":"product_cat","embeddable":true,"href":"https:\/\/www.nogometnizaotroke.com\/ro\/wp-json\/wp\/v2\/product_cat?post=17849"},{"taxonomy":"product_tag","embeddable":true,"href":"https:\/\/www.nogometnizaotroke.com\/ro\/wp-json\/wp\/v2\/product_tag?post=17849"}],"curies":[{"name":"wp","href":"https:\/\/api.w.org\/{rel}","templated":true}]}}