{"id":17826,"date":"2024-10-03T03:06:42","date_gmt":"2024-10-03T03:06:42","guid":{"rendered":"https:\/\/www.nogometnionline.com\/?post_type=product&#038;p=17826"},"modified":"2024-10-03T03:06:47","modified_gmt":"2024-10-03T03:06:47","slug":"poceni-moski-nogometni-dresi-argentina-gostujoci-copa-america-2024-modra-rodrigo-de-paul-7","status":"publish","type":"product","link":"https:\/\/www.nogometnizaotroke.com\/ro\/product\/poceni-moski-nogometni-dresi-argentina-gostujoci-copa-america-2024-modra-rodrigo-de-paul-7\/","title":{"rendered":"Tricouri de fotbal ieftine pentru b\u0103rba\u021bi Argentina Away Copa America 2024 Blue Rodrigo de Paul 7"},"content":{"rendered":"<p>Gostujo\u010di <a href=\"https:\/\/www.dresizaotroke.com\/kategorija-izdelka\/nogometne-reprezentacije\/dresi-argentina-reprezentance\/\" target=\"_blank\" rel=\"noopener\">dresi Argentina reprezentance<\/a> 2024 zdru\u017euje kraljevsko modro osnovno barvo z barvami argentinske zastave, belo in nebesno modro. Tri proge so verjetno svetlo modre, grb AFA je nebesno moder in bel.Modra barva dresa za goste Argentina 2024 je podobna barvi kompletov za goste Argentine do poznih 90. let, preden je mornarsko modra postala obi\u010dajna izbira. Dru\u0161tvena zna\u010dka bo dvobarvna, nebe\u0161ko modra in bela.Zaradi \u010desar je gostujo\u010di dres Argentine 2024 edinstven, je detajl, ki obuja spomine na svetovno prvenstvo 2006 \u2013 ob strani je plo\u0161\u010da, podobna ekipnemu duhu, z nebesno modro in belo barvo argentinske zastave.Gostujo\u010di dres Argentine leta 2006 je nosil Messi, ko je debitiral na svetovnem prvenstvu, dres leta 2024 pa je jasen poklon temu dizajnu.<\/p>\n<p>Sfaturi pentru \u0219osete: tricoul nu include \u0219osete \u00een mod implicit. Dac\u0103 dori\u021bi \u0219osete, selecta\u021bi op\u021biunile pentru \u0219osete pentru a pl\u0103ti pentru ele.<\/p>\n<p>Sfat de imprimare: Dac\u0103 numele \u0219i num\u0103rul din imagine sunt exact ceea ce dori\u021bi, nu trebuie s\u0103 le introduce\u021bi din nou. Dac\u0103 nu este a\u0219a, introduce\u021bi numele \u0219i num\u0103rul dorite.<\/p>\n<p>Sfat de sp\u0103lare: Se recomand\u0103 sp\u0103larea manual\u0103 a tricourilor de fotbal. Dac\u0103 dori\u021bi s\u0103 utiliza\u021bi o ma\u0219in\u0103 de sp\u0103lat, nu uita\u021bi s\u0103 \u00eentoarce\u021bi tricoul \u0219i apoi s\u0103-l sp\u0103la\u021bi. \u0218i umple\u021bi ma\u0219ina cu ap\u0103 rece \u0219i folosi\u021bi un ciclu de sp\u0103lare delicat pentru a proteja mai mult culorile.<\/p>","protected":false},"excerpt":{"rendered":"<p>Gostujo\u010di dresi Argentina reprezentance 2024 zdru\u017euje kraljevsko modro osnovno barvo z barvami argentinske zastave, belo in nebesno modro. Tri proge so verjetno svetlo modre, grb AFA je nebesno moder in bel.Modra barva dresa za goste Argentina 2024 je podobna barvi kompletov za goste Argentine do poznih 90. let, preden je mornarsko modra postala obi\u010dajna izbira. [&hellip;]<\/p>","protected":false},"featured_media":17828,"comment_status":"open","ping_status":"closed","template":"","meta":[],"product_brand":[],"product_cat":[140,81],"product_tag":[840,150,153,545,148,1386,147],"class_list":{"0":"post-17826","1":"product","2":"type-product","3":"status-publish","4":"has-post-thumbnail","6":"product_cat-moski","7":"product_cat-dresi-argentina-reprezentance","8":"product_tag-argentina-2024-25-dresi","9":"product_tag-moski-nogometni-dresi","10":"product_tag-nogometni-dresi","11":"product_tag-nogometni-dresi-slovenija","12":"product_tag-poceni-nogometni-dresi","13":"product_tag-rodrigo-de-paul-dresi","14":"product_tag-slovenski-nogometni-dresi","16":"first","17":"instock","18":"shipping-taxable","19":"purchasable","20":"product-type-variable"},"_links":{"self":[{"href":"https:\/\/www.nogometnizaotroke.com\/ro\/wp-json\/wp\/v2\/product\/17826","targetHints":{"allow":["GET"]}}],"collection":[{"href":"https:\/\/www.nogometnizaotroke.com\/ro\/wp-json\/wp\/v2\/product"}],"about":[{"href":"https:\/\/www.nogometnizaotroke.com\/ro\/wp-json\/wp\/v2\/types\/product"}],"replies":[{"embeddable":true,"href":"https:\/\/www.nogometnizaotroke.com\/ro\/wp-json\/wp\/v2\/comments?post=17826"}],"wp:featuredmedia":[{"embeddable":true,"href":"https:\/\/www.nogometnizaotroke.com\/ro\/wp-json\/wp\/v2\/media\/17828"}],"wp:attachment":[{"href":"https:\/\/www.nogometnizaotroke.com\/ro\/wp-json\/wp\/v2\/media?parent=17826"}],"wp:term":[{"taxonomy":"product_brand","embeddable":true,"href":"https:\/\/www.nogometnizaotroke.com\/ro\/wp-json\/wp\/v2\/product_brand?post=17826"},{"taxonomy":"product_cat","embeddable":true,"href":"https:\/\/www.nogometnizaotroke.com\/ro\/wp-json\/wp\/v2\/product_cat?post=17826"},{"taxonomy":"product_tag","embeddable":true,"href":"https:\/\/www.nogometnizaotroke.com\/ro\/wp-json\/wp\/v2\/product_tag?post=17826"}],"curies":[{"name":"wp","href":"https:\/\/api.w.org\/{rel}","templated":true}]}}