{"id":17818,"date":"2024-10-02T07:10:11","date_gmt":"2024-10-02T07:10:11","guid":{"rendered":"https:\/\/www.nogometnionline.com\/?post_type=product&#038;p=17818"},"modified":"2025-05-07T04:00:16","modified_gmt":"2025-05-07T04:00:16","slug":"otroski-nogometni-dresi-za-otroke-argentina-domaci-copa-america-2024-lionel-messi-10","status":"publish","type":"product","link":"https:\/\/www.nogometnizaotroke.com\/ro\/product\/otroski-nogometni-dresi-za-otroke-argentina-domaci-copa-america-2024-lionel-messi-10\/","title":{"rendered":"Tricouri de fotbal pentru copii Argentina Home Copa America 2024 Lionel Messi 10"},"content":{"rendered":"<p>Tricoul de cas\u0103 Argentina 2024 prezint\u0103 tradi\u021bionalele dungi albe \u0219i albastre combinate cu logo-uri aurii, aplica\u021bii \u0219i litere aurii.Argentina a c\u00e2\u0219tigat Copa Am\u00e9rica 2021 \u0219i Cupa Mondial\u0103 2022, astfel \u00eenc\u00e2t elementele aurii sunt un tribut potrivit.Dungile de pe tricoul Argentina 2024 sunt clasice, cu o dung\u0103 albastr\u0103 \u00een centru \u0219i dungi albe cu logo-ul AFA. Argentina folose\u0219te un logo cu trei stele u\u0219or actualizat, cu a treia stea pu\u021bin mai sus dec\u00e2t cele dou\u0103 de la primele Cupe Mondiale.<\/p>\n<p>Sfaturi pentru \u0219osete: tricoul nu include \u0219osete \u00een mod implicit. Dac\u0103 dori\u021bi \u0219osete, selecta\u021bi op\u021biunile pentru \u0219osete pentru a pl\u0103ti pentru ele.<\/p>\n<p>Sfat de imprimare: Dac\u0103 numele \u0219i num\u0103rul din imagine sunt exact ceea ce dori\u021bi, nu trebuie s\u0103 le introduce\u021bi din nou. Dac\u0103 nu este a\u0219a, introduce\u021bi numele \u0219i num\u0103rul dorite.<\/p>\n<p>Sfat de sp\u0103lare: Se recomand\u0103 sp\u0103larea manual\u0103 a tricourilor de fotbal. Dac\u0103 dori\u021bi s\u0103 utiliza\u021bi o ma\u0219in\u0103 de sp\u0103lat, nu uita\u021bi s\u0103 \u00eentoarce\u021bi tricoul \u0219i apoi s\u0103-l sp\u0103la\u021bi. \u0218i umple\u021bi ma\u0219ina cu ap\u0103 rece \u0219i folosi\u021bi un ciclu de sp\u0103lare delicat pentru a proteja mai mult culorile.<\/p>","protected":false},"excerpt":{"rendered":"<p>Doma\u010di dres Argentina 2024 ima tradicionalne bele in nebesno modre \u010drte v kombinaciji z zlatimi logotipi, aplikacijami in zlatimi napisi.Argentina je osvojila Copa Am\u00e9rica 2021 in svetovno prvenstvo 2022, zato so zlati elementi primeren poklon.Proge na dresu Argentine 2024 so klasi\u010dne, z modro \u010drto na sredini in belimi \u010drtami z logotipom AFA.Argentina uporablja nekoliko posodobljen [&hellip;]<\/p>","protected":false},"featured_media":17820,"comment_status":"open","ping_status":"closed","template":"","meta":[],"product_brand":[],"product_cat":[73,81],"product_tag":[840,816,1087,153,545,220,159,148,147],"class_list":{"0":"post-17818","1":"product","2":"type-product","3":"status-publish","4":"has-post-thumbnail","6":"product_cat-otroski","7":"product_cat-dresi-argentina-reprezentance","8":"product_tag-argentina-2024-25-dresi","9":"product_tag-argentina-copa-america-2024-dresi","10":"product_tag-lionel-messi-dresi","11":"product_tag-nogometni-dresi","12":"product_tag-nogometni-dresi-slovenija","13":"product_tag-nogometni-dresi-za-otroke","14":"product_tag-otroski-nogometni-dresi","15":"product_tag-poceni-nogometni-dresi","16":"product_tag-slovenski-nogometni-dresi","18":"first","19":"instock","20":"featured","21":"shipping-taxable","22":"purchasable","23":"product-type-variable"},"_links":{"self":[{"href":"https:\/\/www.nogometnizaotroke.com\/ro\/wp-json\/wp\/v2\/product\/17818","targetHints":{"allow":["GET"]}}],"collection":[{"href":"https:\/\/www.nogometnizaotroke.com\/ro\/wp-json\/wp\/v2\/product"}],"about":[{"href":"https:\/\/www.nogometnizaotroke.com\/ro\/wp-json\/wp\/v2\/types\/product"}],"replies":[{"embeddable":true,"href":"https:\/\/www.nogometnizaotroke.com\/ro\/wp-json\/wp\/v2\/comments?post=17818"}],"wp:featuredmedia":[{"embeddable":true,"href":"https:\/\/www.nogometnizaotroke.com\/ro\/wp-json\/wp\/v2\/media\/17820"}],"wp:attachment":[{"href":"https:\/\/www.nogometnizaotroke.com\/ro\/wp-json\/wp\/v2\/media?parent=17818"}],"wp:term":[{"taxonomy":"product_brand","embeddable":true,"href":"https:\/\/www.nogometnizaotroke.com\/ro\/wp-json\/wp\/v2\/product_brand?post=17818"},{"taxonomy":"product_cat","embeddable":true,"href":"https:\/\/www.nogometnizaotroke.com\/ro\/wp-json\/wp\/v2\/product_cat?post=17818"},{"taxonomy":"product_tag","embeddable":true,"href":"https:\/\/www.nogometnizaotroke.com\/ro\/wp-json\/wp\/v2\/product_tag?post=17818"}],"curies":[{"name":"wp","href":"https:\/\/api.w.org\/{rel}","templated":true}]}}