{"id":17713,"date":"2024-09-28T04:08:52","date_gmt":"2024-09-28T04:08:52","guid":{"rendered":"https:\/\/www.nogometnionline.com\/?post_type=product&#038;p=17713"},"modified":"2024-09-28T04:08:57","modified_gmt":"2024-09-28T04:08:57","slug":"moski-nogometni-dresi-barcelona-2024-25-gostujoci-crna-kratek-rokav","status":"publish","type":"product","link":"https:\/\/www.nogometnizaotroke.com\/ro\/product\/moski-nogometni-dresi-barcelona-2024-25-gostujoci-crna-kratek-rokav\/","title":{"rendered":"Tricouri de fotbal pentru b\u0103rba\u021bi Barcelona 2024-25 Away Black Short Sleeve"},"content":{"rendered":"<p>Tricourile de deplasare Barcelona 2024-25 revin \u00een culoarea principal\u0103 neagr\u0103. Acesta este primul tricou negru al clubului de la tricoul negru \u0219i auriu din sezonul 2020-21. Kitul negru de deplasare 24-25 se concentreaz\u0103 pe culorile clubului. At\u00e2t gulerul, c\u00e2t \u0219i dungile laterale sunt \u00een culorile clubului Blaugrana.Ceea ce face tricoul de deplasare Barcelona 24-25 \u0219i mai special sunt Swoosh-ul \u0219i stema. Ambele sunt negre ton pe ton, \u00eenconjurate de o suprapunere ro\u0219u\/albastru.<\/p>\n<p>Sfaturi pentru \u0219osete: tricoul nu include \u0219osete \u00een mod implicit. Dac\u0103 dori\u021bi \u0219osete, selecta\u021bi op\u021biunile pentru \u0219osete pentru a pl\u0103ti pentru ele.<\/p>\n<p>Sfat de imprimare: Dac\u0103 numele \u0219i num\u0103rul din imagine sunt exact ceea ce dori\u021bi, nu trebuie s\u0103 le introduce\u021bi din nou. Dac\u0103 nu este a\u0219a, introduce\u021bi numele \u0219i num\u0103rul dorite.<\/p>\n<p>Sfat de sp\u0103lare: Se recomand\u0103 sp\u0103larea manual\u0103 a tricourilor de fotbal. Dac\u0103 dori\u021bi s\u0103 utiliza\u021bi o ma\u0219in\u0103 de sp\u0103lat, nu uita\u021bi s\u0103 \u00eentoarce\u021bi tricoul \u0219i apoi s\u0103-l sp\u0103la\u021bi. \u0218i umple\u021bi ma\u0219ina cu ap\u0103 rece \u0219i folosi\u021bi un ciclu de sp\u0103lare delicat pentru a proteja mai mult culorile.<\/p>","protected":false},"excerpt":{"rendered":"<p>Gostujo\u010di dresi kompleti Barcelona 2024-25 se vra\u010da v glavno \u010drno barvo. To je prvi \u010drni dres kluba po \u010drno-zlatem dresu v sezoni 2020-21.Pri \u010drnem gostujo\u010dem dresu 24-25 se osredoto\u010da na klubske barve. Tako ovratnik kot stranske \u010drte so v klubskih barvah Blaugrana.Zaradi \u010desar je gostujo\u010di dres Barcelone 24-25 \u0161e bolj poseben, sta Swoosh in grb. [&hellip;]<\/p>","protected":false},"featured_media":17715,"comment_status":"open","ping_status":"closed","template":"","meta":[],"product_brand":[],"product_cat":[140,34],"product_tag":[843,150,153,1053,148,1052,161,147],"class_list":{"0":"post-17713","1":"product","2":"type-product","3":"status-publish","4":"has-post-thumbnail","6":"product_cat-moski","7":"product_cat-nogometni-dresi-barcelona","8":"product_tag-2024-25-nogometni-dresi","9":"product_tag-moski-nogometni-dresi","10":"product_tag-nogometni-dresi","11":"product_tag-nogometni-dresi-barcelona-z-lastnim-imenom","12":"product_tag-poceni-nogometni-dresi","13":"product_tag-poceni-nogometni-dresi-barcelona","14":"product_tag-poceni-nogometni-dresi-barcelona-z-lastnim-imenom-online","15":"product_tag-slovenski-nogometni-dresi","17":"first","18":"instock","19":"shipping-taxable","20":"purchasable","21":"product-type-variable"},"_links":{"self":[{"href":"https:\/\/www.nogometnizaotroke.com\/ro\/wp-json\/wp\/v2\/product\/17713","targetHints":{"allow":["GET"]}}],"collection":[{"href":"https:\/\/www.nogometnizaotroke.com\/ro\/wp-json\/wp\/v2\/product"}],"about":[{"href":"https:\/\/www.nogometnizaotroke.com\/ro\/wp-json\/wp\/v2\/types\/product"}],"replies":[{"embeddable":true,"href":"https:\/\/www.nogometnizaotroke.com\/ro\/wp-json\/wp\/v2\/comments?post=17713"}],"wp:featuredmedia":[{"embeddable":true,"href":"https:\/\/www.nogometnizaotroke.com\/ro\/wp-json\/wp\/v2\/media\/17715"}],"wp:attachment":[{"href":"https:\/\/www.nogometnizaotroke.com\/ro\/wp-json\/wp\/v2\/media?parent=17713"}],"wp:term":[{"taxonomy":"product_brand","embeddable":true,"href":"https:\/\/www.nogometnizaotroke.com\/ro\/wp-json\/wp\/v2\/product_brand?post=17713"},{"taxonomy":"product_cat","embeddable":true,"href":"https:\/\/www.nogometnizaotroke.com\/ro\/wp-json\/wp\/v2\/product_cat?post=17713"},{"taxonomy":"product_tag","embeddable":true,"href":"https:\/\/www.nogometnizaotroke.com\/ro\/wp-json\/wp\/v2\/product_tag?post=17713"}],"curies":[{"name":"wp","href":"https:\/\/api.w.org\/{rel}","templated":true}]}}