{"id":17708,"date":"2024-09-28T03:59:17","date_gmt":"2024-09-28T03:59:17","guid":{"rendered":"https:\/\/www.nogometnionline.com\/?post_type=product&#038;p=17708"},"modified":"2024-09-28T03:59:21","modified_gmt":"2024-09-28T03:59:21","slug":"moski-nogometni-dresi-barcelona-tretji-2024-25-z-lastnim-tiskom","status":"publish","type":"product","link":"https:\/\/www.nogometnizaotroke.com\/ro\/product\/moski-nogometni-dresi-barcelona-tretji-2024-25-z-lastnim-tiskom\/","title":{"rendered":"B\u0103rba\u021bi de fotbal Jerseys Barcelona a treia 2024-25 cu imprimare personalizat\u0103"},"content":{"rendered":"<p>Das Barcelona 2024-25 dritte Trikot besticht durch ein modernes Farbschema. Es kombiniert ein helles Volt mit Blau f\u00fcr Logos und Applikationen. Offiziell lauten die Farben &#8220;Barely Volt \/ Old Royal&#8221;.Das\u00a0 Bar\u00e7a 2024-2025 dritte Trikot ist mit einem weiblichen Geschlechtssymbol gestaltet &#8211; ein Zwitter, ein Kreis \u00fcber einem Kreuz.<\/p>\n<p>Sfaturi pentru \u0219osete: tricoul nu include \u0219osete \u00een mod implicit. Dac\u0103 dori\u021bi \u0219osete, selecta\u021bi op\u021biunile pentru \u0219osete pentru a pl\u0103ti pentru ele.<\/p>\n<p>Sfat de imprimare: Dac\u0103 numele \u0219i num\u0103rul din imagine sunt exact ceea ce dori\u021bi, nu trebuie s\u0103 le introduce\u021bi din nou. Dac\u0103 nu este a\u0219a, introduce\u021bi numele \u0219i num\u0103rul dorite.<\/p>\n<p>Sfat de sp\u0103lare: Se recomand\u0103 sp\u0103larea manual\u0103 a tricourilor de fotbal. Dac\u0103 dori\u021bi s\u0103 utiliza\u021bi o ma\u0219in\u0103 de sp\u0103lat, nu uita\u021bi s\u0103 \u00eentoarce\u021bi tricoul \u0219i apoi s\u0103-l sp\u0103la\u021bi. \u0218i umple\u021bi ma\u0219ina cu ap\u0103 rece \u0219i folosi\u021bi un ciclu de sp\u0103lare delicat pentru a proteja mai mult culorile.<\/p>","protected":false},"excerpt":{"rendered":"<p>Das Barcelona 2024-25 dritte Trikot besticht durch ein modernes Farbschema. Es kombiniert ein helles Volt mit Blau f\u00fcr Logos und Applikationen. Offiziell lauten die Farben &#8220;Barely Volt \/ Old Royal&#8221;.Das\u00a0 Bar\u00e7a 2024-2025 dritte Trikot ist mit einem weiblichen Geschlechtssymbol gestaltet &#8211; ein Zwitter, ein Kreis \u00fcber einem Kreuz. Nasveti za nogavice: Majica ne vsebuje nogavic [&hellip;]<\/p>","protected":false},"featured_media":17710,"comment_status":"open","ping_status":"closed","template":"","meta":[],"product_brand":[],"product_cat":[140,34],"product_tag":[843,150,153,1053,148,1052,161,147],"class_list":{"0":"post-17708","1":"product","2":"type-product","3":"status-publish","4":"has-post-thumbnail","6":"product_cat-moski","7":"product_cat-nogometni-dresi-barcelona","8":"product_tag-2024-25-nogometni-dresi","9":"product_tag-moski-nogometni-dresi","10":"product_tag-nogometni-dresi","11":"product_tag-nogometni-dresi-barcelona-z-lastnim-imenom","12":"product_tag-poceni-nogometni-dresi","13":"product_tag-poceni-nogometni-dresi-barcelona","14":"product_tag-poceni-nogometni-dresi-barcelona-z-lastnim-imenom-online","15":"product_tag-slovenski-nogometni-dresi","17":"first","18":"instock","19":"shipping-taxable","20":"purchasable","21":"product-type-variable"},"_links":{"self":[{"href":"https:\/\/www.nogometnizaotroke.com\/ro\/wp-json\/wp\/v2\/product\/17708","targetHints":{"allow":["GET"]}}],"collection":[{"href":"https:\/\/www.nogometnizaotroke.com\/ro\/wp-json\/wp\/v2\/product"}],"about":[{"href":"https:\/\/www.nogometnizaotroke.com\/ro\/wp-json\/wp\/v2\/types\/product"}],"replies":[{"embeddable":true,"href":"https:\/\/www.nogometnizaotroke.com\/ro\/wp-json\/wp\/v2\/comments?post=17708"}],"wp:featuredmedia":[{"embeddable":true,"href":"https:\/\/www.nogometnizaotroke.com\/ro\/wp-json\/wp\/v2\/media\/17710"}],"wp:attachment":[{"href":"https:\/\/www.nogometnizaotroke.com\/ro\/wp-json\/wp\/v2\/media?parent=17708"}],"wp:term":[{"taxonomy":"product_brand","embeddable":true,"href":"https:\/\/www.nogometnizaotroke.com\/ro\/wp-json\/wp\/v2\/product_brand?post=17708"},{"taxonomy":"product_cat","embeddable":true,"href":"https:\/\/www.nogometnizaotroke.com\/ro\/wp-json\/wp\/v2\/product_cat?post=17708"},{"taxonomy":"product_tag","embeddable":true,"href":"https:\/\/www.nogometnizaotroke.com\/ro\/wp-json\/wp\/v2\/product_tag?post=17708"}],"curies":[{"name":"wp","href":"https:\/\/api.w.org\/{rel}","templated":true}]}}