{"id":17610,"date":"2024-09-26T09:28:31","date_gmt":"2024-09-26T09:28:31","guid":{"rendered":"https:\/\/www.nogometnionline.com\/?post_type=product&#038;p=17610"},"modified":"2024-09-26T09:28:35","modified_gmt":"2024-09-26T09:28:35","slug":"zenski-nogometni-dresi-belgija-domaci-ep-2024-kratek-rokav-orel-mangala-18","status":"publish","type":"product","link":"https:\/\/www.nogometnizaotroke.com\/ro\/product\/zenski-nogometni-dresi-belgija-domaci-ep-2024-kratek-rokav-orel-mangala-18\/","title":{"rendered":"Tricouri de fotbal pentru femei Belgia Home EP 2024 Short Sleeve Eagle Mangala 18"},"content":{"rendered":"<p>Noile tricouri Home Euro 2024 ale Belgiei introduc o schimbare major\u0103 fa\u021b\u0103 de tricourile de cas\u0103 anterioare ale echipei. \u00cen loc de ro\u0219u aprins, tricoul Belgiei 2024 este \u00een principal ro\u0219u vin. Oficial, culoarea noului tricou de cas\u0103 al Belgiei 2024 este \"Team College Burgundy\". Aceast\u0103 culoare a fost deja folosit\u0103 de echipe precum N\u00fcrnberg \u0219i Atlanta United. ea combin\u0103 noul tricou de cas\u0103 al Belgiei 2024 cu logo-urile aurii, cre\u00e2nd un aspect elegant. pantaloni scur\u021bi negri \/ aurii \u0219i \u0219osete maro \/ aurii completeaz\u0103 echipamentul de cas\u0103 al Belgiei pentru Euro 2024.<\/p>\n<p>Sfaturi pentru \u0219osete: tricoul nu include \u0219osete \u00een mod implicit. Dac\u0103 dori\u021bi \u0219osete, selecta\u021bi op\u021biunile pentru \u0219osete pentru a pl\u0103ti pentru ele.<\/p>\n<p>Sfat de imprimare: Dac\u0103 numele \u0219i num\u0103rul din imagine sunt exact ceea ce dori\u021bi, nu trebuie s\u0103 le introduce\u021bi din nou. Dac\u0103 nu este a\u0219a, introduce\u021bi numele \u0219i num\u0103rul dorite.<\/p>\n<p>Sfat de sp\u0103lare: Se recomand\u0103 sp\u0103larea manual\u0103 a tricourilor de fotbal. Dac\u0103 dori\u021bi s\u0103 utiliza\u021bi o ma\u0219in\u0103 de sp\u0103lat, nu uita\u021bi s\u0103 \u00eentoarce\u021bi tricoul \u0219i apoi s\u0103-l sp\u0103la\u021bi. \u0218i umple\u021bi ma\u0219ina cu ap\u0103 rece \u0219i folosi\u021bi un ciclu de sp\u0103lare delicat pentru a proteja mai mult culorile.<\/p>","protected":false},"excerpt":{"rendered":"<p>Novi Belgija Doma\u010di Euro 2024 dresi uvaja veliko spremembo prej\u0161njih doma\u010dih dresov ekipe. Namesto \u017eivo rde\u010de je majica Belgije 2024 v glavnem vinsko rde\u010da. Uradno je barva novega doma\u010dega dresa Belgije 2024 \u201cTeam College Burgundy\u201d. To barvo je \u017ee uporabil za ekipe, kot sta N\u00fcrnberg in Atlanta United.Zdru\u017euje novo majico doma\u010dega nogometa Belgija 2024 z [&hellip;]<\/p>","protected":false},"featured_media":17612,"comment_status":"open","ping_status":"closed","template":"","meta":[],"product_brand":[],"product_cat":[778,74,78],"product_tag":[785,1020,1369,153,1374,148,147,1371,1370,1368],"class_list":{"0":"post-17610","1":"product","2":"type-product","3":"status-publish","4":"has-post-thumbnail","6":"product_cat-euro-2024","7":"product_cat-zenski","8":"product_cat-dresi-belgija-reprezentance","9":"product_tag-anglija-euro-2024-dresi","10":"product_tag-anglija-nogometni-dresi","11":"product_tag-dresi-belgija-za-zenske","12":"product_tag-nogometni-dresi","13":"product_tag-orel-mangala-dresi","14":"product_tag-poceni-nogometni-dresi","15":"product_tag-slovenski-nogometni-dresi","16":"product_tag-zenske-belgija-ep-2024-dresi-za-nogomet","17":"product_tag-zenske-dresi-belgija-z-lastnim-imenom","18":"product_tag-zenske-nogometni-dresi-belgija","20":"first","21":"instock","22":"shipping-taxable","23":"purchasable","24":"product-type-variable"},"_links":{"self":[{"href":"https:\/\/www.nogometnizaotroke.com\/ro\/wp-json\/wp\/v2\/product\/17610","targetHints":{"allow":["GET"]}}],"collection":[{"href":"https:\/\/www.nogometnizaotroke.com\/ro\/wp-json\/wp\/v2\/product"}],"about":[{"href":"https:\/\/www.nogometnizaotroke.com\/ro\/wp-json\/wp\/v2\/types\/product"}],"replies":[{"embeddable":true,"href":"https:\/\/www.nogometnizaotroke.com\/ro\/wp-json\/wp\/v2\/comments?post=17610"}],"wp:featuredmedia":[{"embeddable":true,"href":"https:\/\/www.nogometnizaotroke.com\/ro\/wp-json\/wp\/v2\/media\/17612"}],"wp:attachment":[{"href":"https:\/\/www.nogometnizaotroke.com\/ro\/wp-json\/wp\/v2\/media?parent=17610"}],"wp:term":[{"taxonomy":"product_brand","embeddable":true,"href":"https:\/\/www.nogometnizaotroke.com\/ro\/wp-json\/wp\/v2\/product_brand?post=17610"},{"taxonomy":"product_cat","embeddable":true,"href":"https:\/\/www.nogometnizaotroke.com\/ro\/wp-json\/wp\/v2\/product_cat?post=17610"},{"taxonomy":"product_tag","embeddable":true,"href":"https:\/\/www.nogometnizaotroke.com\/ro\/wp-json\/wp\/v2\/product_tag?post=17610"}],"curies":[{"name":"wp","href":"https:\/\/api.w.org\/{rel}","templated":true}]}}