{"id":17478,"date":"2024-09-23T12:34:59","date_gmt":"2024-09-23T12:34:59","guid":{"rendered":"https:\/\/www.nogometnionline.com\/?post_type=product&#038;p=17478"},"modified":"2024-09-23T12:35:03","modified_gmt":"2024-09-23T12:35:03","slug":"otroski-nogometni-dresi-kompleti-real-madrid-domaci-2024-25-brahim-diaz-21","status":"publish","type":"product","link":"https:\/\/www.nogometnizaotroke.com\/ro\/product\/otroski-nogometni-dresi-kompleti-real-madrid-domaci-2024-25-brahim-diaz-21\/","title":{"rendered":"Tricouri de fotbal pentru copii Kituri Real Madrid Home 2024-25 Brahim D\u00edaz 21"},"content":{"rendered":"<p>Tricoul Real Madrid 2024\/25 Home Kit se m\u00e2ndre\u0219te cu o baz\u0103 predominant alb\u0103 cu detalii subtile, reprezent\u00e2nd cel mai pur design al tricoului de acas\u0103 care a onorat stadionul Santiago Bernab\u00e9u \u00een ultima perioad\u0103.Tricoul alb str\u0103lucitor a fost un semn distinctiv al clubului de-a lungul istoriei sale decorate, un stil adorat de credincio\u0219ii madrileni \u0219i purtat de unii dintre cei mai mari juc\u0103tori care au onorat vreodat\u0103 terenul de fotbal. Acum, pe m\u0103sur\u0103 ce Real Madrid \u00eent\u00e2mpin\u0103 o nou\u0103 er\u0103 de talente interesante, designul 2024\/25 se \u00eentoarce la r\u0103d\u0103cinile clubului, cu o estetic\u0103 minimalist\u0103 care aduce un omagiu mo\u0219tenirii durabile \u0219i afec\u021biunii de\u021binute de to\u021bi cei asocia\u021bi cu clubul.<\/p>\n<p>Sfaturi pentru \u0219osete: tricoul nu include \u0219osete \u00een mod implicit. Dac\u0103 dori\u021bi \u0219osete, selecta\u021bi op\u021biunile pentru \u0219osete pentru a pl\u0103ti pentru ele.<\/p>\n<p>Sfat de imprimare: Dac\u0103 numele \u0219i num\u0103rul din imagine sunt exact ceea ce dori\u021bi, nu trebuie s\u0103 le introduce\u021bi din nou. Dac\u0103 nu este a\u0219a, introduce\u021bi numele \u0219i num\u0103rul dorite.<\/p>\n<p>Sfat de sp\u0103lare: Se recomand\u0103 sp\u0103larea manual\u0103 a tricourilor de fotbal. Dac\u0103 dori\u021bi s\u0103 utiliza\u021bi o ma\u0219in\u0103 de sp\u0103lat, nu uita\u021bi s\u0103 \u00eentoarce\u021bi tricoul \u0219i apoi s\u0103-l sp\u0103la\u021bi. \u0218i umple\u021bi ma\u0219ina cu ap\u0103 rece \u0219i folosi\u021bi un ciclu de sp\u0103lare delicat pentru a proteja mai mult culorile.<\/p>","protected":false},"excerpt":{"rendered":"<p>Dres Real Madrid 2024\/25 Doma\u010di Kit se pona\u0161a s prete\u017eno belo osnovo s subtilnimi detajli, ki predstavlja naj\u010distej\u0161i dizajn doma\u010de opreme, ki je krasil stadion Santiago Bernab\u00e9u v zadnjem \u010dasu.Jasno bela majica je bila za\u0161\u010ditni znak kluba skozi celotno okra\u0161eno zgodovino, stil, ki ga obo\u017eujejo verniki Madrid in ga nosijo nekateri najve\u010dji igralci, ki so [&hellip;]<\/p>","protected":false},"featured_media":17480,"comment_status":"open","ping_status":"closed","template":"","meta":[],"product_brand":[],"product_cat":[73,33],"product_tag":[1137,290,837,464,1114,463,220,148,1113,751,147],"class_list":{"0":"post-17478","1":"product","2":"type-product","3":"status-publish","4":"has-post-thumbnail","6":"product_cat-otroski","7":"product_cat-nogometni-dresi-real-madrid","8":"product_tag-brahim-diaz-dresi","9":"product_tag-dresi-real-madrid-za-otroke","10":"product_tag-dresi-za-nogomet","11":"product_tag-nogometni-dresi-real-madrid-prodaja","12":"product_tag-nogometni-dresi-real-madrid-z-lastnim-imenom","13":"product_tag-nogometni-dresi-real-madrid-z-lastnim-tiskom","14":"product_tag-nogometni-dresi-za-otroke","15":"product_tag-poceni-nogometni-dresi","16":"product_tag-poceni-nogometni-dresi-real-madrid","17":"product_tag-real-madrid-dresi-2024","18":"product_tag-slovenski-nogometni-dresi","20":"first","21":"instock","22":"shipping-taxable","23":"purchasable","24":"product-type-variable"},"_links":{"self":[{"href":"https:\/\/www.nogometnizaotroke.com\/ro\/wp-json\/wp\/v2\/product\/17478","targetHints":{"allow":["GET"]}}],"collection":[{"href":"https:\/\/www.nogometnizaotroke.com\/ro\/wp-json\/wp\/v2\/product"}],"about":[{"href":"https:\/\/www.nogometnizaotroke.com\/ro\/wp-json\/wp\/v2\/types\/product"}],"replies":[{"embeddable":true,"href":"https:\/\/www.nogometnizaotroke.com\/ro\/wp-json\/wp\/v2\/comments?post=17478"}],"wp:featuredmedia":[{"embeddable":true,"href":"https:\/\/www.nogometnizaotroke.com\/ro\/wp-json\/wp\/v2\/media\/17480"}],"wp:attachment":[{"href":"https:\/\/www.nogometnizaotroke.com\/ro\/wp-json\/wp\/v2\/media?parent=17478"}],"wp:term":[{"taxonomy":"product_brand","embeddable":true,"href":"https:\/\/www.nogometnizaotroke.com\/ro\/wp-json\/wp\/v2\/product_brand?post=17478"},{"taxonomy":"product_cat","embeddable":true,"href":"https:\/\/www.nogometnizaotroke.com\/ro\/wp-json\/wp\/v2\/product_cat?post=17478"},{"taxonomy":"product_tag","embeddable":true,"href":"https:\/\/www.nogometnizaotroke.com\/ro\/wp-json\/wp\/v2\/product_tag?post=17478"}],"curies":[{"name":"wp","href":"https:\/\/api.w.org\/{rel}","templated":true}]}}