{"id":17431,"date":"2024-09-20T09:09:56","date_gmt":"2024-09-20T09:09:56","guid":{"rendered":"https:\/\/www.nogometnionline.com\/?post_type=product&#038;p=17431"},"modified":"2024-09-20T09:10:01","modified_gmt":"2024-09-20T09:10:01","slug":"poceni-otroski-nogometni-dresi-kompleti-za-otroke-everton-tretji-2024-2025","status":"publish","type":"product","link":"https:\/\/www.nogometnizaotroke.com\/ro\/product\/poceni-otroski-nogometni-dresi-kompleti-za-otroke-everton-tretji-2024-2025\/","title":{"rendered":"Tricouri de fotbal ieftine pentru copii Kituri pentru copii Everton Third 2024-2025"},"content":{"rendered":"<p>Al treilea tricou Castore Everton 2024-25 are o nou\u0103 culoare - l\u0103m\u00e2ie deschis\u0103 \u0219i negru. Gulerul \u0219i man\u0219etele au frumoase ornamente aurii. al treilea tricou Everton pentru sezonul 2024-25 are o culoare inspirat\u0103 de meciul de baseball care a avut loc pe 23 octombrie 1924 la celebrul Goodison Park din Everton. Atunci juc\u0103torii au intrat pe celebrul teren al stadionului, c\u00e2nd Goodison Park a devenit Goodison Ballpark. partea din fa\u021b\u0103 a noului al treilea tricou 24-25 al lui Everton prezint\u0103 dungi delicate. Pe pieptul din st\u00e2nga se afl\u0103 stema Everton \u00eentr-o culoare modificat\u0103.<\/p>\n<p>Sfaturi pentru \u0219osete: tricoul nu include \u0219osete \u00een mod implicit. Dac\u0103 dori\u021bi \u0219osete, selecta\u021bi op\u021biunile pentru \u0219osete pentru a pl\u0103ti pentru ele.<\/p>\n<p>Sfat de imprimare: Dac\u0103 numele \u0219i num\u0103rul din imagine sunt exact ceea ce dori\u021bi, nu trebuie s\u0103 le introduce\u021bi din nou. Dac\u0103 nu este a\u0219a, introduce\u021bi numele \u0219i num\u0103rul dorite.<\/p>\n<p>Sfat de sp\u0103lare: Se recomand\u0103 sp\u0103larea manual\u0103 a tricourilor de fotbal. Dac\u0103 dori\u021bi s\u0103 utiliza\u021bi o ma\u0219in\u0103 de sp\u0103lat, nu uita\u021bi s\u0103 \u00eentoarce\u021bi tricoul \u0219i apoi s\u0103-l sp\u0103la\u021bi. \u0218i umple\u021bi ma\u0219ina cu ap\u0103 rece \u0219i folosi\u021bi un ciclu de sp\u0103lare delicat pentru a proteja mai mult culorile.<\/p>","protected":false},"excerpt":{"rendered":"<p>Tretji dres Castore Everton 2024-25 ima novo barvo \u2013 svetlo limonasta in \u010drna. Ovratnik in man\u0161ete imajo \u010dudovite zlate obrobe.Tretji dres nogometnega kluba Everton za sezono 2024\u201325 ima barvo, ki jo je navdihnila bejzbolska tekma, ki je bila 23. oktobra 1924 v znamenitem Evertonovem Goodison Parku. Takrat so igralci stopili na znamenito igri\u0161\u010de stadiona, ko [&hellip;]<\/p>","protected":false},"featured_media":17433,"comment_status":"open","ping_status":"closed","template":"","meta":[],"product_brand":[],"product_cat":[73,49],"product_tag":[1101,153,220,1102,159,1100,148,774,147],"class_list":{"0":"post-17431","1":"product","2":"type-product","3":"status-publish","4":"has-post-thumbnail","6":"product_cat-otroski","7":"product_cat-nogometni-dresi-everton","8":"product_tag-dresi-everton-za-otroke","9":"product_tag-nogometni-dresi","10":"product_tag-nogometni-dresi-za-otroke","11":"product_tag-otroski-dresi-everton-z-lastnim-imenom","12":"product_tag-otroski-nogometni-dresi","13":"product_tag-otroski-nogometni-dresi-everton","14":"product_tag-poceni-nogometni-dresi","15":"product_tag-poceni-otroski-nogometni-dresi-everton-z-lastnim-imenom","16":"product_tag-slovenski-nogometni-dresi","18":"first","19":"instock","20":"shipping-taxable","21":"purchasable","22":"product-type-variable"},"_links":{"self":[{"href":"https:\/\/www.nogometnizaotroke.com\/ro\/wp-json\/wp\/v2\/product\/17431","targetHints":{"allow":["GET"]}}],"collection":[{"href":"https:\/\/www.nogometnizaotroke.com\/ro\/wp-json\/wp\/v2\/product"}],"about":[{"href":"https:\/\/www.nogometnizaotroke.com\/ro\/wp-json\/wp\/v2\/types\/product"}],"replies":[{"embeddable":true,"href":"https:\/\/www.nogometnizaotroke.com\/ro\/wp-json\/wp\/v2\/comments?post=17431"}],"wp:featuredmedia":[{"embeddable":true,"href":"https:\/\/www.nogometnizaotroke.com\/ro\/wp-json\/wp\/v2\/media\/17433"}],"wp:attachment":[{"href":"https:\/\/www.nogometnizaotroke.com\/ro\/wp-json\/wp\/v2\/media?parent=17431"}],"wp:term":[{"taxonomy":"product_brand","embeddable":true,"href":"https:\/\/www.nogometnizaotroke.com\/ro\/wp-json\/wp\/v2\/product_brand?post=17431"},{"taxonomy":"product_cat","embeddable":true,"href":"https:\/\/www.nogometnizaotroke.com\/ro\/wp-json\/wp\/v2\/product_cat?post=17431"},{"taxonomy":"product_tag","embeddable":true,"href":"https:\/\/www.nogometnizaotroke.com\/ro\/wp-json\/wp\/v2\/product_tag?post=17431"}],"curies":[{"name":"wp","href":"https:\/\/api.w.org\/{rel}","templated":true}]}}