{"id":17419,"date":"2024-09-20T08:57:17","date_gmt":"2024-09-20T08:57:17","guid":{"rendered":"https:\/\/www.nogometnionline.com\/?post_type=product&#038;p=17419"},"modified":"2024-09-20T08:57:22","modified_gmt":"2024-09-20T08:57:22","slug":"otroski-nogometni-dresi-kompleti-za-otroke-everton-gostujoci-2024-25-vitaliy-mykolenko-19","status":"publish","type":"product","link":"https:\/\/www.nogometnizaotroke.com\/ro\/product\/otroski-nogometni-dresi-kompleti-za-otroke-everton-gostujoci-2024-25-vitaliy-mykolenko-19\/","title":{"rendered":"Tricouri de fotbal pentru copii Kituri pentru copii Everton Away 2024-25 Vitaliy Mykolenko 19"},"content":{"rendered":"<p>Cheap Everton Away 2024-25 Jerseys este un tribut adus meciurilor jucate sub reflectoarele Goodison. Griul predominant \u00eentunecat prezint\u0103 un model geometric pe tot tricoul \u00een negru, cu detalii care preiau un galben viu. Stema tradi\u021bional\u0103 este \u00eenlocuit\u0103 de un turn Prince Rupert cu un guler rotund care preia o margine galben str\u0103lucitor pentru a completa kit-ul.<\/p>\n<p>Sfaturi pentru \u0219osete: tricoul nu include \u0219osete \u00een mod implicit. Dac\u0103 dori\u021bi \u0219osete, selecta\u021bi op\u021biunile pentru \u0219osete pentru a pl\u0103ti pentru ele.<\/p>\n<p>Sfat de imprimare: Dac\u0103 numele \u0219i num\u0103rul din imagine sunt exact ceea ce dori\u021bi, nu trebuie s\u0103 le introduce\u021bi din nou. Dac\u0103 nu este a\u0219a, introduce\u021bi numele \u0219i num\u0103rul dorite.<\/p>\n<p>Sfat de sp\u0103lare: Se recomand\u0103 sp\u0103larea manual\u0103 a tricourilor de fotbal. Dac\u0103 dori\u021bi s\u0103 utiliza\u021bi o ma\u0219in\u0103 de sp\u0103lat, nu uita\u021bi s\u0103 \u00eentoarce\u021bi tricoul \u0219i apoi s\u0103-l sp\u0103la\u021bi. \u0218i umple\u021bi ma\u0219ina cu ap\u0103 rece \u0219i folosi\u021bi un ciclu de sp\u0103lare delicat pentru a proteja mai mult culorile.<\/p>","protected":false},"excerpt":{"rendered":"<p>Poceni Everton Gostujo\u010di 2024-25 dresi je poklon tekmam, odigranim pod sojem reflektorjev Goodison. Prete\u017eno temno siva ima geometrijski vzorec po celotnem dresu v \u010drni barvi, podrobnosti pa prevzamejo \u017eivo rumeno barvo. Tradicionalni grb je nadome\u0161\u010den s stolpom princa Ruperta z okroglim ovratnikom, ki prevzame svetlo rumeno obrobo, da dopolni komplet. Nasveti za nogavice: Majica ne [&hellip;]<\/p>","protected":false},"featured_media":17421,"comment_status":"open","ping_status":"closed","template":"","meta":[],"product_brand":[],"product_cat":[73,49],"product_tag":[1101,153,220,1102,159,1100,148,774,147,1104],"class_list":{"0":"post-17419","1":"product","2":"type-product","3":"status-publish","4":"has-post-thumbnail","6":"product_cat-otroski","7":"product_cat-nogometni-dresi-everton","8":"product_tag-dresi-everton-za-otroke","9":"product_tag-nogometni-dresi","10":"product_tag-nogometni-dresi-za-otroke","11":"product_tag-otroski-dresi-everton-z-lastnim-imenom","12":"product_tag-otroski-nogometni-dresi","13":"product_tag-otroski-nogometni-dresi-everton","14":"product_tag-poceni-nogometni-dresi","15":"product_tag-poceni-otroski-nogometni-dresi-everton-z-lastnim-imenom","16":"product_tag-slovenski-nogometni-dresi","17":"product_tag-vitaliy-mykolenko-dresi","19":"first","20":"instock","21":"shipping-taxable","22":"purchasable","23":"product-type-variable"},"_links":{"self":[{"href":"https:\/\/www.nogometnizaotroke.com\/ro\/wp-json\/wp\/v2\/product\/17419","targetHints":{"allow":["GET"]}}],"collection":[{"href":"https:\/\/www.nogometnizaotroke.com\/ro\/wp-json\/wp\/v2\/product"}],"about":[{"href":"https:\/\/www.nogometnizaotroke.com\/ro\/wp-json\/wp\/v2\/types\/product"}],"replies":[{"embeddable":true,"href":"https:\/\/www.nogometnizaotroke.com\/ro\/wp-json\/wp\/v2\/comments?post=17419"}],"wp:featuredmedia":[{"embeddable":true,"href":"https:\/\/www.nogometnizaotroke.com\/ro\/wp-json\/wp\/v2\/media\/17421"}],"wp:attachment":[{"href":"https:\/\/www.nogometnizaotroke.com\/ro\/wp-json\/wp\/v2\/media?parent=17419"}],"wp:term":[{"taxonomy":"product_brand","embeddable":true,"href":"https:\/\/www.nogometnizaotroke.com\/ro\/wp-json\/wp\/v2\/product_brand?post=17419"},{"taxonomy":"product_cat","embeddable":true,"href":"https:\/\/www.nogometnizaotroke.com\/ro\/wp-json\/wp\/v2\/product_cat?post=17419"},{"taxonomy":"product_tag","embeddable":true,"href":"https:\/\/www.nogometnizaotroke.com\/ro\/wp-json\/wp\/v2\/product_tag?post=17419"}],"curies":[{"name":"wp","href":"https:\/\/api.w.org\/{rel}","templated":true}]}}