{"id":17337,"date":"2024-09-17T07:46:16","date_gmt":"2024-09-17T07:46:16","guid":{"rendered":"https:\/\/www.nogometnionline.com\/?post_type=product&#038;p=17337"},"modified":"2024-09-18T13:14:48","modified_gmt":"2024-09-18T13:14:48","slug":"otroski-nogometni-dresi-kompleti-za-otroke-liverpool-tretji-2024-2025","status":"publish","type":"product","link":"https:\/\/www.nogometnizaotroke.com\/ro\/product\/otroski-nogometni-dresi-kompleti-za-otroke-liverpool-tretji-2024-2025\/","title":{"rendered":"Tricouri de fotbal pentru copii Kituri pentru copii Liverpool Third 2024-2025"},"content":{"rendered":"<p>Cea mai izbitoare caracteristic\u0103 a tricoului Liverpool FC 2024\/25 Third Jersey este Swoosh-ul dublu vertical distinctiv care se extinde peste tricou, pantaloni scur\u021bi \u0219i \u0219osete. Inspirat de aripa unei zei\u021be grece\u0219ti, acest element de design unic simbolizeaz\u0103 viteza, mi\u0219carea, for\u021ba \u0219i motiva\u021bia. At\u00e2t echipa masculin\u0103, c\u00e2t \u0219i cea feminin\u0103 vor fi echipate cu acest detaliu inovator, care subliniaz\u0103 angajamentul clubului fa\u021b\u0103 de egalitatea de gen \u00een fotbal.<br \/>\nOblikovanje nove majice LFC, ki je \u010drpa navdih iz \u017eivahne punk scene v Liverpoolu, je opisano kot &#8220;uporni\u0161ko.&#8221; Ima drzen vzorec, ki zdru\u017euje ikoni\u010dne barve kluba z elementi, ki \u010dastijo mestne neustra\u0161ne punk umetnice, ki so uvedle nov zvok, kjer Reka Mersey se sre\u010da z Irskim morjem. Vklju\u010ditev pti\u010djega perja Liver v vzorec dodatno povezuje dizajn z identiteto kluba.Prete\u017eno bela tretja garnitura Liverpool 24\/25 je poudarjena s \u010distimi platinastimi detajli, medtem ko prebliski klubske tradicionalne rde\u010de in krom rumene barve dopolnjujejo videz. \u010crne kratke hla\u010de in bele nogavice dopolnjujejo dres ter ustvarjajo skladen in vpadljiv ansambel. Osredoto\u010dil se je tudi na izbolj\u0161anje udobja in prileganja kompleta, kar zagotavlja optimalno zmogljivost za igralce.<\/p>\n<p>Sfaturi pentru \u0219osete: tricoul nu include \u0219osete \u00een mod implicit. Dac\u0103 dori\u021bi \u0219osete, selecta\u021bi op\u021biunile pentru \u0219osete pentru a pl\u0103ti pentru ele.<\/p>\n<p>Sfat de imprimare: Dac\u0103 numele \u0219i num\u0103rul din imagine sunt exact ceea ce dori\u021bi, nu trebuie s\u0103 le introduce\u021bi din nou. Dac\u0103 nu este a\u0219a, introduce\u021bi numele \u0219i num\u0103rul dorite.<\/p>\n<p>Sfat de sp\u0103lare: Se recomand\u0103 sp\u0103larea manual\u0103 a tricourilor de fotbal. Dac\u0103 dori\u021bi s\u0103 utiliza\u021bi o ma\u0219in\u0103 de sp\u0103lat, nu uita\u021bi s\u0103 \u00eentoarce\u021bi tricoul \u0219i apoi s\u0103-l sp\u0103la\u021bi. \u0218i umple\u021bi ma\u0219ina cu ap\u0103 rece \u0219i folosi\u021bi un ciclu de sp\u0103lare delicat pentru a proteja mai mult culorile.<\/p>","protected":false},"excerpt":{"rendered":"<p>Najbolj presenetljiva zna\u010dilnost Liverpool FC 2024\/25 Tretji dresi je izrazit navpi\u010dni dvojni Swoosh, ki se razteza \u010dez dres, kratke hla\u010de in nogavice. Ta edinstven oblikovalski element, ki ga je navdihnilo krilo gr\u0161ke boginje, simbolizira hitrost, gibanje, mo\u010d in motivacijo. Tako mo\u0161ka kot \u017eenska ekipa bosta opremljeni s tem inovativnim detajlom, ki poudarja zavezanost kluba enakosti [&hellip;]<\/p>","protected":false},"featured_media":17339,"comment_status":"open","ping_status":"closed","template":"","meta":[],"product_brand":[],"product_cat":[73,39],"product_tag":[876,837,875,284,159,148,295,147],"class_list":{"0":"post-17337","1":"product","2":"type-product","3":"status-publish","4":"has-post-thumbnail","6":"product_cat-otroski","7":"product_cat-nogometni-dresi-liverpool","8":"product_tag-dresi-liverpool-za-otroski","9":"product_tag-dresi-za-nogomet","10":"product_tag-liverpool-dresi-2024","11":"product_tag-otroski-dresi-liverpool-z-lastnim-imenom","12":"product_tag-otroski-nogometni-dresi","13":"product_tag-poceni-nogometni-dresi","14":"product_tag-poceni-nogometni-dresi-liverpool-z-lastnim-imenom-online","15":"product_tag-slovenski-nogometni-dresi","17":"first","18":"instock","19":"shipping-taxable","20":"purchasable","21":"product-type-variable"},"_links":{"self":[{"href":"https:\/\/www.nogometnizaotroke.com\/ro\/wp-json\/wp\/v2\/product\/17337","targetHints":{"allow":["GET"]}}],"collection":[{"href":"https:\/\/www.nogometnizaotroke.com\/ro\/wp-json\/wp\/v2\/product"}],"about":[{"href":"https:\/\/www.nogometnizaotroke.com\/ro\/wp-json\/wp\/v2\/types\/product"}],"replies":[{"embeddable":true,"href":"https:\/\/www.nogometnizaotroke.com\/ro\/wp-json\/wp\/v2\/comments?post=17337"}],"wp:featuredmedia":[{"embeddable":true,"href":"https:\/\/www.nogometnizaotroke.com\/ro\/wp-json\/wp\/v2\/media\/17339"}],"wp:attachment":[{"href":"https:\/\/www.nogometnizaotroke.com\/ro\/wp-json\/wp\/v2\/media?parent=17337"}],"wp:term":[{"taxonomy":"product_brand","embeddable":true,"href":"https:\/\/www.nogometnizaotroke.com\/ro\/wp-json\/wp\/v2\/product_brand?post=17337"},{"taxonomy":"product_cat","embeddable":true,"href":"https:\/\/www.nogometnizaotroke.com\/ro\/wp-json\/wp\/v2\/product_cat?post=17337"},{"taxonomy":"product_tag","embeddable":true,"href":"https:\/\/www.nogometnizaotroke.com\/ro\/wp-json\/wp\/v2\/product_tag?post=17337"}],"curies":[{"name":"wp","href":"https:\/\/api.w.org\/{rel}","templated":true}]}}